{"id":30,"date":"2012-12-11T19:34:25","date_gmt":"2012-12-11T19:34:25","guid":{"rendered":"http:\/\/www.apartments-skarpa.com\/?page_id=30"},"modified":"2022-10-01T10:42:41","modified_gmt":"2022-10-01T10:42:41","slug":"apartments","status":"publish","type":"page","link":"http:\/\/www.apartments-skarpa.com\/cs\/apartments\/","title":{"rendered":"Apartm\u00e1"},"content":{"rendered":"\n<p><strong>\u00dadaje o objektu:<\/strong><\/p>\n\n\n\n<ul class=\"wp-block-list\"><li>Pou\u017eit\u00ed venkovn\u00edho grilu<\/li><li>Vzd\u00e1lenost od autobusov\u00e9 stanice je 800 m<\/li><li>Vzd\u00e1lenost od \u017eelezni\u010dn\u00ed stanice je 35.0 km<\/li><li>N\u00e1zev m\u00edsta, v n\u011bm\u017e se nal\u00e9z\u00e1 \u017eelezni\u010dn\u00ed stanice: \u0160ibenik<\/li><li>Vzd\u00e1lenost od nejbli\u017e\u0161\u00edho leti\u0161t\u011b je 25.0 km<\/li><li>N\u00e1zev m\u00edsta, v n\u011bm\u017e je leti\u0161t\u011b: Split<\/li><li>Vzd\u00e1lenost od trajektov\u00e9ho p\u0159\u00edstavu 35.0 km<\/li><li>N\u00e1zev m\u00edsta, kde p\u0159ist\u00e1v\u00e1 trajekt: \u0160ibenik<\/li><li>Vzd\u00e1lenost od ru\u0161n\u00e9 silnice 1.2 km<\/li><li>Vzd\u00e1lenost od l\u00e9k\u00e1rny je 200 m<\/li><li>Vzd\u00e1lenost od ambulance je 800m<\/li><li>Vzd\u00e1lenost od sm\u011bn\u00e1rny 500 m<\/li><li>Vzd\u00e1lenost od benz\u00ednov\u00e9 stanice 8.0 km<\/li><li>Vzd\u00e1lenost od sousedn\u00edho objektu 5 m<\/li><li>Vzd\u00e1lenost od pl\u00e1\u017ee p\u011b\u0161\u00ed ch\u016fz\u00ed 200 m<\/li><li>Z\u00e1sobov\u00e1n\u00ed vodou : m\u00edstn\u00ed vodovod<\/li><li>Druh pl\u00e1\u017ee : obl\u00e1zky<\/li><li>P\u0159\u00edstup osobn\u00edch vozidel k objektu : dobr\u00fd<\/li><li>Dopravn\u00ed spojen\u00ed ve\u0159ejn\u00fdmi dopravn\u00edmi prost\u0159edky : dobr\u00e9<\/li><li>Parkovac\u00ed m\u00edsto<\/li><li>Vzd\u00e1lenost od st\u0159edu letoviska je 800m<\/li><li>Vzd\u00e1lenost od mo\u0159e je 200 m<\/li><li>Vzd\u00e1lenost od obchodu s potravinami 500 m<\/li><\/ul>\n\n\n<!-- default-view.php -->\n<div\n\tclass=\"ngg-galleryoverview default-view  ngg-ajax-pagination-none\"\n\tid=\"ngg-gallery-6dc4156fbb8915d6cd23f720a914c77c-1\">\n\n\t\t<!-- Thumbnails -->\n\t\t\t\t<div id=\"ngg-image-0\" class=\"ngg-gallery-thumbnail-box \" >\n\t\t\t\t        <div class=\"ngg-gallery-thumbnail\">\n            <a href=\"http:\/\/www.apartments-skarpa.com\/wp-content\/gallery\/kuca\/dsc_0435.jpg\"\n               title=\"\"\n               data-src=\"http:\/\/www.apartments-skarpa.com\/wp-content\/gallery\/kuca\/dsc_0435.jpg\"\n               data-thumbnail=\"http:\/\/www.apartments-skarpa.com\/wp-content\/gallery\/kuca\/thumbs\/thumbs_dsc_0435.jpg\"\n               data-image-id=\"36\"\n               data-title=\"dsc_0435\"\n               data-description=\"\"\n               data-image-slug=\"dsc_0435\"\n               class=\"shutterset_6dc4156fbb8915d6cd23f720a914c77c\">\n                <img\n                    title=\"dsc_0435\"\n                    alt=\"dsc_0435\"\n                    src=\"http:\/\/www.apartments-skarpa.com\/wp-content\/gallery\/kuca\/thumbs\/thumbs_dsc_0435.jpg\"\n                    width=\"100\"\n                    height=\"75\"\n                    style=\"max-width:100%;\"\n                \/>\n            <\/a>\n        <\/div>\n\t\t\t\t\t\t\t<\/div> \n\t\t\t\n\t\t\t\t<div id=\"ngg-image-1\" class=\"ngg-gallery-thumbnail-box \" >\n\t\t\t\t        <div class=\"ngg-gallery-thumbnail\">\n            <a href=\"http:\/\/www.apartments-skarpa.com\/wp-content\/gallery\/kuca\/img_2064.jpg\"\n               title=\"\"\n               data-src=\"http:\/\/www.apartments-skarpa.com\/wp-content\/gallery\/kuca\/img_2064.jpg\"\n               data-thumbnail=\"http:\/\/www.apartments-skarpa.com\/wp-content\/gallery\/kuca\/thumbs\/thumbs_img_2064.jpg\"\n               data-image-id=\"46\"\n               data-title=\"img_2064\"\n               data-description=\"\"\n               data-image-slug=\"img_2064\"\n               class=\"shutterset_6dc4156fbb8915d6cd23f720a914c77c\">\n                <img\n                    title=\"img_2064\"\n                    alt=\"img_2064\"\n                    src=\"http:\/\/www.apartments-skarpa.com\/wp-content\/gallery\/kuca\/thumbs\/thumbs_img_2064.jpg\"\n                    width=\"100\"\n                    height=\"75\"\n                    style=\"max-width:100%;\"\n                \/>\n            <\/a>\n        <\/div>\n\t\t\t\t\t\t\t<\/div> \n\t\t\t\n\t\t\t\t<div id=\"ngg-image-2\" class=\"ngg-gallery-thumbnail-box \" >\n\t\t\t\t        <div class=\"ngg-gallery-thumbnail\">\n            <a href=\"http:\/\/www.apartments-skarpa.com\/wp-content\/gallery\/kuca\/img_2356.jpg\"\n               title=\"\"\n               data-src=\"http:\/\/www.apartments-skarpa.com\/wp-content\/gallery\/kuca\/img_2356.jpg\"\n               data-thumbnail=\"http:\/\/www.apartments-skarpa.com\/wp-content\/gallery\/kuca\/thumbs\/thumbs_img_2356.jpg\"\n               data-image-id=\"47\"\n               data-title=\"img_2356\"\n               data-description=\"\"\n               data-image-slug=\"img_2356\"\n               class=\"shutterset_6dc4156fbb8915d6cd23f720a914c77c\">\n                <img\n                    title=\"img_2356\"\n                    alt=\"img_2356\"\n                    src=\"http:\/\/www.apartments-skarpa.com\/wp-content\/gallery\/kuca\/thumbs\/thumbs_img_2356.jpg\"\n                    width=\"100\"\n                    height=\"75\"\n                    style=\"max-width:100%;\"\n                \/>\n            <\/a>\n        <\/div>\n\t\t\t\t\t\t\t<\/div> \n\t\t\t\n\t\t\t\t<div id=\"ngg-image-3\" class=\"ngg-gallery-thumbnail-box \" >\n\t\t\t\t        <div class=\"ngg-gallery-thumbnail\">\n            <a href=\"http:\/\/www.apartments-skarpa.com\/wp-content\/gallery\/kuca\/sta_2358.jpg\"\n               title=\"\"\n               data-src=\"http:\/\/www.apartments-skarpa.com\/wp-content\/gallery\/kuca\/sta_2358.jpg\"\n               data-thumbnail=\"http:\/\/www.apartments-skarpa.com\/wp-content\/gallery\/kuca\/thumbs\/thumbs_sta_2358.jpg\"\n               data-image-id=\"48\"\n               data-title=\"sta_2358\"\n               data-description=\"\"\n               data-image-slug=\"sta_2358\"\n               class=\"shutterset_6dc4156fbb8915d6cd23f720a914c77c\">\n                <img\n                    title=\"sta_2358\"\n                    alt=\"sta_2358\"\n                    src=\"http:\/\/www.apartments-skarpa.com\/wp-content\/gallery\/kuca\/thumbs\/thumbs_sta_2358.jpg\"\n                    width=\"100\"\n                    height=\"75\"\n                    style=\"max-width:100%;\"\n                \/>\n            <\/a>\n        <\/div>\n\t\t\t\t\t\t\t<\/div> \n\t\t\t\n\t\t\t\t<div id=\"ngg-image-4\" class=\"ngg-gallery-thumbnail-box \" >\n\t\t\t\t        <div class=\"ngg-gallery-thumbnail\">\n            <a href=\"http:\/\/www.apartments-skarpa.com\/wp-content\/gallery\/kuca\/mini-img_8960.jpg\"\n               title=\"\"\n               data-src=\"http:\/\/www.apartments-skarpa.com\/wp-content\/gallery\/kuca\/mini-img_8960.jpg\"\n               data-thumbnail=\"http:\/\/www.apartments-skarpa.com\/wp-content\/gallery\/kuca\/thumbs\/thumbs_mini-img_8960.jpg\"\n               data-image-id=\"117\"\n               data-title=\"mini-img_8960\"\n               data-description=\"\"\n               data-image-slug=\"mini-img_8960\"\n               class=\"shutterset_6dc4156fbb8915d6cd23f720a914c77c\">\n                <img\n                    title=\"mini-img_8960\"\n                    alt=\"mini-img_8960\"\n                    src=\"http:\/\/www.apartments-skarpa.com\/wp-content\/gallery\/kuca\/thumbs\/thumbs_mini-img_8960.jpg\"\n                    width=\"100\"\n                    height=\"75\"\n                    style=\"max-width:100%;\"\n                \/>\n            <\/a>\n        <\/div>\n\t\t\t\t\t\t\t<\/div> \n\t\t\t\n\t\t\t\t<div id=\"ngg-image-5\" class=\"ngg-gallery-thumbnail-box \" >\n\t\t\t\t        <div class=\"ngg-gallery-thumbnail\">\n            <a href=\"http:\/\/www.apartments-skarpa.com\/wp-content\/gallery\/kuca\/mini-img_8965.jpg\"\n               title=\"\"\n               data-src=\"http:\/\/www.apartments-skarpa.com\/wp-content\/gallery\/kuca\/mini-img_8965.jpg\"\n               data-thumbnail=\"http:\/\/www.apartments-skarpa.com\/wp-content\/gallery\/kuca\/thumbs\/thumbs_mini-img_8965.jpg\"\n               data-image-id=\"118\"\n               data-title=\"mini-img_8965\"\n               data-description=\"\"\n               data-image-slug=\"mini-img_8965\"\n               class=\"shutterset_6dc4156fbb8915d6cd23f720a914c77c\">\n                <img\n                    title=\"mini-img_8965\"\n                    alt=\"mini-img_8965\"\n                    src=\"http:\/\/www.apartments-skarpa.com\/wp-content\/gallery\/kuca\/thumbs\/thumbs_mini-img_8965.jpg\"\n                    width=\"100\"\n                    height=\"75\"\n                    style=\"max-width:100%;\"\n                \/>\n            <\/a>\n        <\/div>\n\t\t\t\t\t\t\t<\/div> \n\t\t\t\n\t\t\t\t<div id=\"ngg-image-6\" class=\"ngg-gallery-thumbnail-box \" >\n\t\t\t\t        <div class=\"ngg-gallery-thumbnail\">\n            <a href=\"http:\/\/www.apartments-skarpa.com\/wp-content\/gallery\/kuca\/mini-img_8967.jpg\"\n               title=\"\"\n               data-src=\"http:\/\/www.apartments-skarpa.com\/wp-content\/gallery\/kuca\/mini-img_8967.jpg\"\n               data-thumbnail=\"http:\/\/www.apartments-skarpa.com\/wp-content\/gallery\/kuca\/thumbs\/thumbs_mini-img_8967.jpg\"\n               data-image-id=\"119\"\n               data-title=\"mini-img_8967\"\n               data-description=\"\"\n               data-image-slug=\"mini-img_8967\"\n               class=\"shutterset_6dc4156fbb8915d6cd23f720a914c77c\">\n                <img\n                    title=\"mini-img_8967\"\n                    alt=\"mini-img_8967\"\n                    src=\"http:\/\/www.apartments-skarpa.com\/wp-content\/gallery\/kuca\/thumbs\/thumbs_mini-img_8967.jpg\"\n                    width=\"100\"\n                    height=\"75\"\n                    style=\"max-width:100%;\"\n                \/>\n            <\/a>\n        <\/div>\n\t\t\t\t\t\t\t<\/div> \n\t\t\t\n\t\t\t\t<div id=\"ngg-image-7\" class=\"ngg-gallery-thumbnail-box \" >\n\t\t\t\t        <div class=\"ngg-gallery-thumbnail\">\n            <a href=\"http:\/\/www.apartments-skarpa.com\/wp-content\/gallery\/kuca\/mini-img_8987.jpg\"\n               title=\"\"\n               data-src=\"http:\/\/www.apartments-skarpa.com\/wp-content\/gallery\/kuca\/mini-img_8987.jpg\"\n               data-thumbnail=\"http:\/\/www.apartments-skarpa.com\/wp-content\/gallery\/kuca\/thumbs\/thumbs_mini-img_8987.jpg\"\n               data-image-id=\"120\"\n               data-title=\"mini-img_8987\"\n               data-description=\"\"\n               data-image-slug=\"mini-img_8987\"\n               class=\"shutterset_6dc4156fbb8915d6cd23f720a914c77c\">\n                <img\n                    title=\"mini-img_8987\"\n                    alt=\"mini-img_8987\"\n                    src=\"http:\/\/www.apartments-skarpa.com\/wp-content\/gallery\/kuca\/thumbs\/thumbs_mini-img_8987.jpg\"\n                    width=\"100\"\n                    height=\"75\"\n                    style=\"max-width:100%;\"\n                \/>\n            <\/a>\n        <\/div>\n\t\t\t\t\t\t\t<\/div> \n\t\t\t\n\t\t\t\t<div id=\"ngg-image-8\" class=\"ngg-gallery-thumbnail-box \" >\n\t\t\t\t        <div class=\"ngg-gallery-thumbnail\">\n            <a href=\"http:\/\/www.apartments-skarpa.com\/wp-content\/gallery\/kuca\/mini-img_8990.jpg\"\n               title=\"\"\n               data-src=\"http:\/\/www.apartments-skarpa.com\/wp-content\/gallery\/kuca\/mini-img_8990.jpg\"\n               data-thumbnail=\"http:\/\/www.apartments-skarpa.com\/wp-content\/gallery\/kuca\/thumbs\/thumbs_mini-img_8990.jpg\"\n               data-image-id=\"121\"\n               data-title=\"mini-img_8990\"\n               data-description=\"\"\n               data-image-slug=\"mini-img_8990\"\n               class=\"shutterset_6dc4156fbb8915d6cd23f720a914c77c\">\n                <img\n                    title=\"mini-img_8990\"\n                    alt=\"mini-img_8990\"\n                    src=\"http:\/\/www.apartments-skarpa.com\/wp-content\/gallery\/kuca\/thumbs\/thumbs_mini-img_8990.jpg\"\n                    width=\"100\"\n                    height=\"75\"\n                    style=\"max-width:100%;\"\n                \/>\n            <\/a>\n        <\/div>\n\t\t\t\t\t\t\t<\/div> \n\t\t\t\n\t\t\t\t<div id=\"ngg-image-9\" class=\"ngg-gallery-thumbnail-box \" >\n\t\t\t\t        <div class=\"ngg-gallery-thumbnail\">\n            <a href=\"http:\/\/www.apartments-skarpa.com\/wp-content\/gallery\/kuca\/mini-img_9004.jpg\"\n               title=\"\"\n               data-src=\"http:\/\/www.apartments-skarpa.com\/wp-content\/gallery\/kuca\/mini-img_9004.jpg\"\n               data-thumbnail=\"http:\/\/www.apartments-skarpa.com\/wp-content\/gallery\/kuca\/thumbs\/thumbs_mini-img_9004.jpg\"\n               data-image-id=\"122\"\n               data-title=\"mini-img_9004\"\n               data-description=\"\"\n               data-image-slug=\"mini-img_9004\"\n               class=\"shutterset_6dc4156fbb8915d6cd23f720a914c77c\">\n                <img\n                    title=\"mini-img_9004\"\n                    alt=\"mini-img_9004\"\n                    src=\"http:\/\/www.apartments-skarpa.com\/wp-content\/gallery\/kuca\/thumbs\/thumbs_mini-img_9004.jpg\"\n                    width=\"100\"\n                    height=\"75\"\n                    style=\"max-width:100%;\"\n                \/>\n            <\/a>\n        <\/div>\n\t\t\t\t\t\t\t<\/div> \n\t\t\t\n\t\n\t<br style=\"clear: both\" \/>\n\n\t\n\t\t<!-- Pagination -->\n\t<div class='ngg-clear'><\/div>\t<\/div>\n\n","protected":false},"excerpt":{"rendered":"<p>\u00dadaje o objektu: Pou\u017eit\u00ed venkovn\u00edho grilu Vzd\u00e1lenost od autobusov\u00e9 stanice je 800 m Vzd\u00e1lenost od \u017eelezni\u010dn\u00ed stanice je 35.0 km N\u00e1zev m\u00edsta, v n\u011bm\u017e se nal\u00e9z\u00e1 \u017eelezni\u010dn\u00ed stanice: \u0160ibenik Vzd\u00e1lenost od nejbli\u017e\u0161\u00edho leti\u0161t\u011b je 25.0 km N\u00e1zev m\u00edsta, v n\u011bm\u017e je leti\u0161t\u011b: Split Vzd\u00e1lenost od trajektov\u00e9ho p\u0159\u00edstavu 35.0 km N\u00e1zev&#8230;<\/p>\n","protected":false},"author":1,"featured_media":0,"parent":0,"menu_order":2,"comment_status":"closed","ping_status":"closed","template":"","meta":{"ngg_post_thumbnail":0,"footnotes":""},"class_list":["post-30","page","type-page","status-publish","hentry"],"translation":{"provider":"WPGlobus","version":"2.10.4","language":"cs","enabled_languages":["en","de","hr","hu","cs"],"languages":{"en":{"title":true,"content":true,"excerpt":false},"de":{"title":true,"content":true,"excerpt":false},"hr":{"title":true,"content":true,"excerpt":false},"hu":{"title":true,"content":true,"excerpt":false},"cs":{"title":true,"content":true,"excerpt":false}}},"_links":{"self":[{"href":"http:\/\/www.apartments-skarpa.com\/cs\/wp-json\/wp\/v2\/pages\/30","targetHints":{"allow":["GET"]}}],"collection":[{"href":"http:\/\/www.apartments-skarpa.com\/cs\/wp-json\/wp\/v2\/pages"}],"about":[{"href":"http:\/\/www.apartments-skarpa.com\/cs\/wp-json\/wp\/v2\/types\/page"}],"author":[{"embeddable":true,"href":"http:\/\/www.apartments-skarpa.com\/cs\/wp-json\/wp\/v2\/users\/1"}],"replies":[{"embeddable":true,"href":"http:\/\/www.apartments-skarpa.com\/cs\/wp-json\/wp\/v2\/comments?post=30"}],"version-history":[{"count":16,"href":"http:\/\/www.apartments-skarpa.com\/cs\/wp-json\/wp\/v2\/pages\/30\/revisions"}],"predecessor-version":[{"id":920,"href":"http:\/\/www.apartments-skarpa.com\/cs\/wp-json\/wp\/v2\/pages\/30\/revisions\/920"}],"wp:attachment":[{"href":"http:\/\/www.apartments-skarpa.com\/cs\/wp-json\/wp\/v2\/media?parent=30"}],"curies":[{"name":"wp","href":"https:\/\/api.w.org\/{rel}","templated":true}]}}