{"id":30,"date":"2012-12-11T19:34:25","date_gmt":"2012-12-11T19:34:25","guid":{"rendered":"http:\/\/www.apartments-skarpa.com\/?page_id=30"},"modified":"2022-10-01T10:42:41","modified_gmt":"2022-10-01T10:42:41","slug":"apartments","status":"publish","type":"page","link":"http:\/\/www.apartments-skarpa.com\/hu\/apartments\/","title":{"rendered":"Apartmanok"},"content":{"rendered":"\n<p><strong>Adatok az objektumr\u00f3l:<\/strong><\/p>\n\n\n\n<ul class=\"wp-block-list\"><li>Faszenes rostons\u00fct\u00e9si lehet\u0151s\u00e9g (ki\u00e9p\u00edtett \u00e1llv\u00e1ny) az udvarban<\/li><li>A busz\u00e1llom\u00e1st\u00f3l val\u00f3 t\u00e1vols\u00e1g 800 m<\/li><li>A vas\u00fat\u00e1llom\u00e1st\u00f3l val\u00f3 t\u00e1vols\u00e1g 35.0 km<\/li><li>A vas\u00fat\u00e1llom\u00e1ssal rendelkez\u0151 hely neve : Sibenik<\/li><li>A sz\u00e1ll\u00e1shely t\u00e1vols\u00e1ga a legk\u00f6zelebbi rep\u00fcl\u0151t\u00e9rt\u0151l 25.0 km<\/li><li>A rep\u00fcl\u0151t\u00e9rrel rendelkez\u0151 hely neve: Split<\/li><li>T\u00e1vols\u00e1g a legk\u00f6zelebbi kompkik\u00f6t\u0151t\u0151l 35.0 km<\/li><li>A v\u00e1ros neve, ahol a kompkik\u00f6t\u0151 van: Sibenik<\/li><li>T\u00e1vols\u00e1g a zajos, forgalmas \u00fatt\u00f3l 800m<\/li><li>A gy\u00f3gyszert\u00e1rt\u00f3l val\u00f3 t\u00e1vols\u00e1g 200 m<\/li><li>A orvosi rendel\u0151t\u0151l val\u00f3 t\u00e1vols\u00e1g 800m<\/li><li>T\u00e1vols\u00e1g a legk\u00f6zelebbi p\u00e9nzv\u00e1lt\u00f3t\u00f3l 500 m<\/li><li>T\u00e1vols\u00e1g a legk\u00f6zelebbi benzink\u00fatt\u00f3l 8.0 km<\/li><li>A szomsz\u00e9dos \u00e9p\u00fclett\u0151l val\u00f3 t\u00e1vols\u00e1g 5 m<\/li><li>Gyalogol\u00e1si t\u00e1vols\u00e1g a strandt\u00f3l 200 m<\/li><li>V\u00edzell\u00e1t\u00e1s : helyi v\u00edzvezet\u00e9k<\/li><li>A strand t\u00edpusa : apr\u00f3 kavics<\/li><li>Az \u00e9p\u00fclet megk\u00f6zel\u00edthet\u0151s\u00e9ge aut\u00f3val : \u00e1tlagos<\/li><li>\u00d6sszek\u00f6ttet\u00e9s nyilv\u00e1nos k\u00f6zleked\u00e9si eszk\u00f6z\u00f6kkel : \u00e1tlagos<\/li><li>Parkol\u00f3hely<\/li><li>A sz\u00e1ll\u00e1shely t\u00e1vols\u00e1ga a telep\u00fcl\u00e9s k\u00f6zpontj\u00e1t\u00f3l 1.2 km<\/li><li>A tengert\u0151l val\u00f3 t\u00e1vols\u00e1g 200 m<\/li><li>A sz\u00e1ll\u00e1shely t\u00e1vols\u00e1ga a legk\u00f6zelebbi \u00e9lelmiszer\u00fczlett\u0151l 500 m<\/li><\/ul>\n\n\n<!-- default-view.php -->\n<div\n\tclass=\"ngg-galleryoverview default-view  ngg-ajax-pagination-none\"\n\tid=\"ngg-gallery-6dc4156fbb8915d6cd23f720a914c77c-1\">\n\n\t\t<!-- Thumbnails -->\n\t\t\t\t<div id=\"ngg-image-0\" class=\"ngg-gallery-thumbnail-box \" >\n\t\t\t\t        <div class=\"ngg-gallery-thumbnail\">\n            <a href=\"http:\/\/www.apartments-skarpa.com\/wp-content\/gallery\/kuca\/dsc_0435.jpg\"\n               title=\"\"\n               data-src=\"http:\/\/www.apartments-skarpa.com\/wp-content\/gallery\/kuca\/dsc_0435.jpg\"\n               data-thumbnail=\"http:\/\/www.apartments-skarpa.com\/wp-content\/gallery\/kuca\/thumbs\/thumbs_dsc_0435.jpg\"\n               data-image-id=\"36\"\n               data-title=\"dsc_0435\"\n               data-description=\"\"\n               data-image-slug=\"dsc_0435\"\n               class=\"shutterset_6dc4156fbb8915d6cd23f720a914c77c\">\n                <img\n                    title=\"dsc_0435\"\n                    alt=\"dsc_0435\"\n                    src=\"http:\/\/www.apartments-skarpa.com\/wp-content\/gallery\/kuca\/thumbs\/thumbs_dsc_0435.jpg\"\n                    width=\"100\"\n                    height=\"75\"\n                    style=\"max-width:100%;\"\n                \/>\n            <\/a>\n        <\/div>\n\t\t\t\t\t\t\t<\/div> \n\t\t\t\n\t\t\t\t<div id=\"ngg-image-1\" class=\"ngg-gallery-thumbnail-box \" >\n\t\t\t\t        <div class=\"ngg-gallery-thumbnail\">\n            <a href=\"http:\/\/www.apartments-skarpa.com\/wp-content\/gallery\/kuca\/img_2064.jpg\"\n               title=\"\"\n               data-src=\"http:\/\/www.apartments-skarpa.com\/wp-content\/gallery\/kuca\/img_2064.jpg\"\n               data-thumbnail=\"http:\/\/www.apartments-skarpa.com\/wp-content\/gallery\/kuca\/thumbs\/thumbs_img_2064.jpg\"\n               data-image-id=\"46\"\n               data-title=\"img_2064\"\n               data-description=\"\"\n               data-image-slug=\"img_2064\"\n               class=\"shutterset_6dc4156fbb8915d6cd23f720a914c77c\">\n                <img\n                    title=\"img_2064\"\n                    alt=\"img_2064\"\n                    src=\"http:\/\/www.apartments-skarpa.com\/wp-content\/gallery\/kuca\/thumbs\/thumbs_img_2064.jpg\"\n                    width=\"100\"\n                    height=\"75\"\n                    style=\"max-width:100%;\"\n                \/>\n            <\/a>\n        <\/div>\n\t\t\t\t\t\t\t<\/div> \n\t\t\t\n\t\t\t\t<div id=\"ngg-image-2\" class=\"ngg-gallery-thumbnail-box \" >\n\t\t\t\t        <div class=\"ngg-gallery-thumbnail\">\n            <a href=\"http:\/\/www.apartments-skarpa.com\/wp-content\/gallery\/kuca\/img_2356.jpg\"\n               title=\"\"\n               data-src=\"http:\/\/www.apartments-skarpa.com\/wp-content\/gallery\/kuca\/img_2356.jpg\"\n               data-thumbnail=\"http:\/\/www.apartments-skarpa.com\/wp-content\/gallery\/kuca\/thumbs\/thumbs_img_2356.jpg\"\n               data-image-id=\"47\"\n               data-title=\"img_2356\"\n               data-description=\"\"\n               data-image-slug=\"img_2356\"\n               class=\"shutterset_6dc4156fbb8915d6cd23f720a914c77c\">\n                <img\n                    title=\"img_2356\"\n                    alt=\"img_2356\"\n                    src=\"http:\/\/www.apartments-skarpa.com\/wp-content\/gallery\/kuca\/thumbs\/thumbs_img_2356.jpg\"\n                    width=\"100\"\n                    height=\"75\"\n                    style=\"max-width:100%;\"\n                \/>\n            <\/a>\n        <\/div>\n\t\t\t\t\t\t\t<\/div> \n\t\t\t\n\t\t\t\t<div id=\"ngg-image-3\" class=\"ngg-gallery-thumbnail-box \" >\n\t\t\t\t        <div class=\"ngg-gallery-thumbnail\">\n            <a href=\"http:\/\/www.apartments-skarpa.com\/wp-content\/gallery\/kuca\/sta_2358.jpg\"\n               title=\"\"\n               data-src=\"http:\/\/www.apartments-skarpa.com\/wp-content\/gallery\/kuca\/sta_2358.jpg\"\n               data-thumbnail=\"http:\/\/www.apartments-skarpa.com\/wp-content\/gallery\/kuca\/thumbs\/thumbs_sta_2358.jpg\"\n               data-image-id=\"48\"\n               data-title=\"sta_2358\"\n               data-description=\"\"\n               data-image-slug=\"sta_2358\"\n               class=\"shutterset_6dc4156fbb8915d6cd23f720a914c77c\">\n                <img\n                    title=\"sta_2358\"\n                    alt=\"sta_2358\"\n                    src=\"http:\/\/www.apartments-skarpa.com\/wp-content\/gallery\/kuca\/thumbs\/thumbs_sta_2358.jpg\"\n                    width=\"100\"\n                    height=\"75\"\n                    style=\"max-width:100%;\"\n                \/>\n            <\/a>\n        <\/div>\n\t\t\t\t\t\t\t<\/div> \n\t\t\t\n\t\t\t\t<div id=\"ngg-image-4\" class=\"ngg-gallery-thumbnail-box \" >\n\t\t\t\t        <div class=\"ngg-gallery-thumbnail\">\n            <a href=\"http:\/\/www.apartments-skarpa.com\/wp-content\/gallery\/kuca\/mini-img_8960.jpg\"\n               title=\"\"\n               data-src=\"http:\/\/www.apartments-skarpa.com\/wp-content\/gallery\/kuca\/mini-img_8960.jpg\"\n               data-thumbnail=\"http:\/\/www.apartments-skarpa.com\/wp-content\/gallery\/kuca\/thumbs\/thumbs_mini-img_8960.jpg\"\n               data-image-id=\"117\"\n               data-title=\"mini-img_8960\"\n               data-description=\"\"\n               data-image-slug=\"mini-img_8960\"\n               class=\"shutterset_6dc4156fbb8915d6cd23f720a914c77c\">\n                <img\n                    title=\"mini-img_8960\"\n                    alt=\"mini-img_8960\"\n                    src=\"http:\/\/www.apartments-skarpa.com\/wp-content\/gallery\/kuca\/thumbs\/thumbs_mini-img_8960.jpg\"\n                    width=\"100\"\n                    height=\"75\"\n                    style=\"max-width:100%;\"\n                \/>\n            <\/a>\n        <\/div>\n\t\t\t\t\t\t\t<\/div> \n\t\t\t\n\t\t\t\t<div id=\"ngg-image-5\" class=\"ngg-gallery-thumbnail-box \" >\n\t\t\t\t        <div class=\"ngg-gallery-thumbnail\">\n            <a href=\"http:\/\/www.apartments-skarpa.com\/wp-content\/gallery\/kuca\/mini-img_8965.jpg\"\n               title=\"\"\n               data-src=\"http:\/\/www.apartments-skarpa.com\/wp-content\/gallery\/kuca\/mini-img_8965.jpg\"\n               data-thumbnail=\"http:\/\/www.apartments-skarpa.com\/wp-content\/gallery\/kuca\/thumbs\/thumbs_mini-img_8965.jpg\"\n               data-image-id=\"118\"\n               data-title=\"mini-img_8965\"\n               data-description=\"\"\n               data-image-slug=\"mini-img_8965\"\n               class=\"shutterset_6dc4156fbb8915d6cd23f720a914c77c\">\n                <img\n                    title=\"mini-img_8965\"\n                    alt=\"mini-img_8965\"\n                    src=\"http:\/\/www.apartments-skarpa.com\/wp-content\/gallery\/kuca\/thumbs\/thumbs_mini-img_8965.jpg\"\n                    width=\"100\"\n                    height=\"75\"\n                    style=\"max-width:100%;\"\n                \/>\n            <\/a>\n        <\/div>\n\t\t\t\t\t\t\t<\/div> \n\t\t\t\n\t\t\t\t<div id=\"ngg-image-6\" class=\"ngg-gallery-thumbnail-box \" >\n\t\t\t\t        <div class=\"ngg-gallery-thumbnail\">\n            <a href=\"http:\/\/www.apartments-skarpa.com\/wp-content\/gallery\/kuca\/mini-img_8967.jpg\"\n               title=\"\"\n               data-src=\"http:\/\/www.apartments-skarpa.com\/wp-content\/gallery\/kuca\/mini-img_8967.jpg\"\n               data-thumbnail=\"http:\/\/www.apartments-skarpa.com\/wp-content\/gallery\/kuca\/thumbs\/thumbs_mini-img_8967.jpg\"\n               data-image-id=\"119\"\n               data-title=\"mini-img_8967\"\n               data-description=\"\"\n               data-image-slug=\"mini-img_8967\"\n               class=\"shutterset_6dc4156fbb8915d6cd23f720a914c77c\">\n                <img\n                    title=\"mini-img_8967\"\n                    alt=\"mini-img_8967\"\n                    src=\"http:\/\/www.apartments-skarpa.com\/wp-content\/gallery\/kuca\/thumbs\/thumbs_mini-img_8967.jpg\"\n                    width=\"100\"\n                    height=\"75\"\n                    style=\"max-width:100%;\"\n                \/>\n            <\/a>\n        <\/div>\n\t\t\t\t\t\t\t<\/div> \n\t\t\t\n\t\t\t\t<div id=\"ngg-image-7\" class=\"ngg-gallery-thumbnail-box \" >\n\t\t\t\t        <div class=\"ngg-gallery-thumbnail\">\n            <a href=\"http:\/\/www.apartments-skarpa.com\/wp-content\/gallery\/kuca\/mini-img_8987.jpg\"\n               title=\"\"\n               data-src=\"http:\/\/www.apartments-skarpa.com\/wp-content\/gallery\/kuca\/mini-img_8987.jpg\"\n               data-thumbnail=\"http:\/\/www.apartments-skarpa.com\/wp-content\/gallery\/kuca\/thumbs\/thumbs_mini-img_8987.jpg\"\n               data-image-id=\"120\"\n               data-title=\"mini-img_8987\"\n               data-description=\"\"\n               data-image-slug=\"mini-img_8987\"\n               class=\"shutterset_6dc4156fbb8915d6cd23f720a914c77c\">\n                <img\n                    title=\"mini-img_8987\"\n                    alt=\"mini-img_8987\"\n                    src=\"http:\/\/www.apartments-skarpa.com\/wp-content\/gallery\/kuca\/thumbs\/thumbs_mini-img_8987.jpg\"\n                    width=\"100\"\n                    height=\"75\"\n                    style=\"max-width:100%;\"\n                \/>\n            <\/a>\n        <\/div>\n\t\t\t\t\t\t\t<\/div> \n\t\t\t\n\t\t\t\t<div id=\"ngg-image-8\" class=\"ngg-gallery-thumbnail-box \" >\n\t\t\t\t        <div class=\"ngg-gallery-thumbnail\">\n            <a href=\"http:\/\/www.apartments-skarpa.com\/wp-content\/gallery\/kuca\/mini-img_8990.jpg\"\n               title=\"\"\n               data-src=\"http:\/\/www.apartments-skarpa.com\/wp-content\/gallery\/kuca\/mini-img_8990.jpg\"\n               data-thumbnail=\"http:\/\/www.apartments-skarpa.com\/wp-content\/gallery\/kuca\/thumbs\/thumbs_mini-img_8990.jpg\"\n               data-image-id=\"121\"\n               data-title=\"mini-img_8990\"\n               data-description=\"\"\n               data-image-slug=\"mini-img_8990\"\n               class=\"shutterset_6dc4156fbb8915d6cd23f720a914c77c\">\n                <img\n                    title=\"mini-img_8990\"\n                    alt=\"mini-img_8990\"\n                    src=\"http:\/\/www.apartments-skarpa.com\/wp-content\/gallery\/kuca\/thumbs\/thumbs_mini-img_8990.jpg\"\n                    width=\"100\"\n                    height=\"75\"\n                    style=\"max-width:100%;\"\n                \/>\n            <\/a>\n        <\/div>\n\t\t\t\t\t\t\t<\/div> \n\t\t\t\n\t\t\t\t<div id=\"ngg-image-9\" class=\"ngg-gallery-thumbnail-box \" >\n\t\t\t\t        <div class=\"ngg-gallery-thumbnail\">\n            <a href=\"http:\/\/www.apartments-skarpa.com\/wp-content\/gallery\/kuca\/mini-img_9004.jpg\"\n               title=\"\"\n               data-src=\"http:\/\/www.apartments-skarpa.com\/wp-content\/gallery\/kuca\/mini-img_9004.jpg\"\n               data-thumbnail=\"http:\/\/www.apartments-skarpa.com\/wp-content\/gallery\/kuca\/thumbs\/thumbs_mini-img_9004.jpg\"\n               data-image-id=\"122\"\n               data-title=\"mini-img_9004\"\n               data-description=\"\"\n               data-image-slug=\"mini-img_9004\"\n               class=\"shutterset_6dc4156fbb8915d6cd23f720a914c77c\">\n                <img\n                    title=\"mini-img_9004\"\n                    alt=\"mini-img_9004\"\n                    src=\"http:\/\/www.apartments-skarpa.com\/wp-content\/gallery\/kuca\/thumbs\/thumbs_mini-img_9004.jpg\"\n                    width=\"100\"\n                    height=\"75\"\n                    style=\"max-width:100%;\"\n                \/>\n            <\/a>\n        <\/div>\n\t\t\t\t\t\t\t<\/div> \n\t\t\t\n\t\n\t<br style=\"clear: both\" \/>\n\n\t\n\t\t<!-- Pagination -->\n\t<div class='ngg-clear'><\/div>\t<\/div>\n\n","protected":false},"excerpt":{"rendered":"<p>Adatok az objektumr\u00f3l: Faszenes rostons\u00fct\u00e9si lehet\u0151s\u00e9g (ki\u00e9p\u00edtett \u00e1llv\u00e1ny) az udvarban A busz\u00e1llom\u00e1st\u00f3l val\u00f3 t\u00e1vols\u00e1g 800 m A vas\u00fat\u00e1llom\u00e1st\u00f3l val\u00f3 t\u00e1vols\u00e1g 35.0 km A vas\u00fat\u00e1llom\u00e1ssal rendelkez\u0151 hely neve : Sibenik A sz\u00e1ll\u00e1shely t\u00e1vols\u00e1ga a legk\u00f6zelebbi rep\u00fcl\u0151t\u00e9rt\u0151l 25.0 km A rep\u00fcl\u0151t\u00e9rrel rendelkez\u0151 hely neve: Split T\u00e1vols\u00e1g a legk\u00f6zelebbi kompkik\u00f6t\u0151t\u0151l 35.0 km A&#8230;<\/p>\n","protected":false},"author":1,"featured_media":0,"parent":0,"menu_order":2,"comment_status":"closed","ping_status":"closed","template":"","meta":{"ngg_post_thumbnail":0,"footnotes":""},"class_list":["post-30","page","type-page","status-publish","hentry"],"translation":{"provider":"WPGlobus","version":"2.10.4","language":"hu","enabled_languages":["en","de","hr","hu","cs"],"languages":{"en":{"title":true,"content":true,"excerpt":false},"de":{"title":true,"content":true,"excerpt":false},"hr":{"title":true,"content":true,"excerpt":false},"hu":{"title":true,"content":true,"excerpt":false},"cs":{"title":true,"content":true,"excerpt":false}}},"_links":{"self":[{"href":"http:\/\/www.apartments-skarpa.com\/hu\/wp-json\/wp\/v2\/pages\/30","targetHints":{"allow":["GET"]}}],"collection":[{"href":"http:\/\/www.apartments-skarpa.com\/hu\/wp-json\/wp\/v2\/pages"}],"about":[{"href":"http:\/\/www.apartments-skarpa.com\/hu\/wp-json\/wp\/v2\/types\/page"}],"author":[{"embeddable":true,"href":"http:\/\/www.apartments-skarpa.com\/hu\/wp-json\/wp\/v2\/users\/1"}],"replies":[{"embeddable":true,"href":"http:\/\/www.apartments-skarpa.com\/hu\/wp-json\/wp\/v2\/comments?post=30"}],"version-history":[{"count":16,"href":"http:\/\/www.apartments-skarpa.com\/hu\/wp-json\/wp\/v2\/pages\/30\/revisions"}],"predecessor-version":[{"id":920,"href":"http:\/\/www.apartments-skarpa.com\/hu\/wp-json\/wp\/v2\/pages\/30\/revisions\/920"}],"wp:attachment":[{"href":"http:\/\/www.apartments-skarpa.com\/hu\/wp-json\/wp\/v2\/media?parent=30"}],"curies":[{"name":"wp","href":"https:\/\/api.w.org\/{rel}","templated":true}]}}