{"id":16,"date":"2012-12-10T22:14:17","date_gmt":"2012-12-10T22:14:17","guid":{"rendered":"http:\/\/www.apartments-skarpa.com\/?page_id=16"},"modified":"2022-10-01T10:31:00","modified_gmt":"2022-10-01T10:31:00","slug":"rogoznica","status":"publish","type":"page","link":"https:\/\/www.apartments-skarpa.com\/cs\/","title":{"rendered":"Rogoznica"},"content":{"rendered":"<!-- default-view.php -->\n<div\n\tclass=\"ngg-galleryoverview default-view  ngg-ajax-pagination-none\"\n\tid=\"ngg-gallery-179151cbae2382da2b04b1a5cd65f585-1\">\n\n\t\t<!-- Thumbnails -->\n\t\t\t\t<div id=\"ngg-image-0\" class=\"ngg-gallery-thumbnail-box \" >\n\t\t\t\t        <div class=\"ngg-gallery-thumbnail\">\n            <a href=\"https:\/\/www.apartments-skarpa.com\/wp-content\/gallery\/rogoznica\/rogoznica_1.jpg\"\n               title=\"\"\n               data-src=\"https:\/\/www.apartments-skarpa.com\/wp-content\/gallery\/rogoznica\/rogoznica_1.jpg\"\n               data-thumbnail=\"https:\/\/www.apartments-skarpa.com\/wp-content\/gallery\/rogoznica\/thumbs\/thumbs_rogoznica_1.jpg\"\n               data-image-id=\"32\"\n               data-title=\"rogoznica_1\"\n               data-description=\"\"\n               data-image-slug=\"rogoznica_1\"\n               class=\"shutterset_179151cbae2382da2b04b1a5cd65f585\">\n                <img\n                    title=\"rogoznica_1\"\n                    alt=\"rogoznica_1\"\n                    src=\"https:\/\/www.apartments-skarpa.com\/wp-content\/gallery\/rogoznica\/thumbs\/thumbs_rogoznica_1.jpg\"\n                    width=\"100\"\n                    height=\"75\"\n                    style=\"max-width:100%;\"\n                \/>\n            <\/a>\n        <\/div>\n\t\t\t\t\t\t\t<\/div> \n\t\t\t\n\t\t\t\t<div id=\"ngg-image-1\" class=\"ngg-gallery-thumbnail-box \" >\n\t\t\t\t        <div class=\"ngg-gallery-thumbnail\">\n            <a href=\"https:\/\/www.apartments-skarpa.com\/wp-content\/gallery\/rogoznica\/rogoznica_2.jpg\"\n               title=\"\"\n               data-src=\"https:\/\/www.apartments-skarpa.com\/wp-content\/gallery\/rogoznica\/rogoznica_2.jpg\"\n               data-thumbnail=\"https:\/\/www.apartments-skarpa.com\/wp-content\/gallery\/rogoznica\/thumbs\/thumbs_rogoznica_2.jpg\"\n               data-image-id=\"33\"\n               data-title=\"rogoznica_2\"\n               data-description=\"\"\n               data-image-slug=\"rogoznica_2\"\n               class=\"shutterset_179151cbae2382da2b04b1a5cd65f585\">\n                <img\n                    title=\"rogoznica_2\"\n                    alt=\"rogoznica_2\"\n                    src=\"https:\/\/www.apartments-skarpa.com\/wp-content\/gallery\/rogoznica\/thumbs\/thumbs_rogoznica_2.jpg\"\n                    width=\"100\"\n                    height=\"75\"\n                    style=\"max-width:100%;\"\n                \/>\n            <\/a>\n        <\/div>\n\t\t\t\t\t\t\t<\/div> \n\t\t\t\n\t\t\t\t<div id=\"ngg-image-2\" class=\"ngg-gallery-thumbnail-box \" >\n\t\t\t\t        <div class=\"ngg-gallery-thumbnail\">\n            <a href=\"https:\/\/www.apartments-skarpa.com\/wp-content\/gallery\/rogoznica\/rogoznica_3.jpg\"\n               title=\"\"\n               data-src=\"https:\/\/www.apartments-skarpa.com\/wp-content\/gallery\/rogoznica\/rogoznica_3.jpg\"\n               data-thumbnail=\"https:\/\/www.apartments-skarpa.com\/wp-content\/gallery\/rogoznica\/thumbs\/thumbs_rogoznica_3.jpg\"\n               data-image-id=\"34\"\n               data-title=\"rogoznica_3\"\n               data-description=\"\"\n               data-image-slug=\"rogoznica_3\"\n               class=\"shutterset_179151cbae2382da2b04b1a5cd65f585\">\n                <img\n                    title=\"rogoznica_3\"\n                    alt=\"rogoznica_3\"\n                    src=\"https:\/\/www.apartments-skarpa.com\/wp-content\/gallery\/rogoznica\/thumbs\/thumbs_rogoznica_3.jpg\"\n                    width=\"100\"\n                    height=\"75\"\n                    style=\"max-width:100%;\"\n                \/>\n            <\/a>\n        <\/div>\n\t\t\t\t\t\t\t<\/div> \n\t\t\t\n\t\n\t<br style=\"clear: both\" \/>\n\n\t\n\t\t<!-- Pagination -->\n\t<div class='ngg-clear'><\/div>\t<\/div>\n\n\n\n\n<p>About Rogoznica: <a href=\"https:\/\/youtu.be\/JTYqTMRx5zM\" target=\"_blank\" rel=\"noreferrer noopener\">https:\/\/youtu.be\/JTYqTMRx5zM<\/a><\/p>\n\n\n\n<p>Mal\u00e1 st\u0159edozemn\u00ed osada Rogoznica stoj\u00ed nedaleko od letoviska Primo\u0161ten a 25 km ji\u017en\u011b od v\u011bt\u0161\u00edho m\u011bsta \u0160ibenik na pob\u0159e\u017e\u00ed Jadranu. Rogoznica je nevelkou turistickou osadou s po\u0161tovn\u00edm \u00fa\u0159adem, ambulanc\u00ed a obchody. Rozkl\u00e1d\u00e1 se v \u0161irok\u00e9 z\u00e1toce. Je ide\u00e1ln\u00edm m\u00edstem k pro\u017eit\u00ed dovolen\u00e9 s rodinou a p\u0159\u00e1teli. Letovisko Rogoznica r\u00e1di nav\u0161t\u011bvuj\u00ed tak\u00e9 plachta\u0159i, proto\u017ee m\u00edstn\u00ed p\u0159\u00edstav pro jachty a mal\u00e9 lodi &#8211; marina Frapa &#8211; je krom\u011b sv\u00e9 kr\u00e1sy (je pova\u017eov\u00e1n za jeden z nejhez\u010d\u00edch p\u0159\u00edstav\u016f tohoto typu na Jadranu) zn\u00e1m\u00fd tak\u00e9 t\u00edm, \u017ee je nejbezpe\u010dn\u011bj\u0161\u00edm p\u0159\u00edstavem v t\u00e9to \u010d\u00e1sti Jadersk\u00e9ho mo\u0159e. V Rogoznici jsou obl\u00e1zkov\u00e9 pl\u00e1\u017ee, je zde n\u011bkolik skalnat\u00fdch m\u00edst, osadu vroub\u00ed borov\u00fd les. Vzhledem k tomu, \u017ee se m\u00edstn\u00ed obyvatelstvo ji\u017e tradi\u010dn\u011b zab\u00fdv\u00e1 ryb\u00e1\u0159stv\u00edm, jist\u011b v\u00e1m zde nebudou chyb\u011bt \u010derstv\u00e9 ryby. Letovisko Rogoznica je zn\u00e1m\u00e9 tak\u00e9 d\u00edky lidov\u00fdm slavnostem, kter\u00e9 se po\u0159\u00e1daj\u00ed v srpnu (Ryb\u00e1\u0159sk\u00e1 noc a Noc Rogoznice). Tehdy ulice o\u017eij\u00ed a vznikne zde zvl\u00e1\u0161tn\u00ed atmosf\u00e9ra. Na tyto slavnosti se sem jezd\u00ed pod\u00edvat i obyvatel\u00e9 v\u011bt\u0161\u00edch m\u011bst Split a \u0160ibenik. Pob\u0159e\u017e\u00ed kolem Rogoznice je \u010dlenit\u00e9 a proto je vhodn\u00e9 ke v\u0161em vodn\u00edm sport\u016fm. Na soprtovn\u00edch h\u0159i\u0161t\u00edch v tomto letovisku si rovn\u011b\u017e m\u016f\u017eete rekrea\u010dn\u011b zasportovat. V bli\u017e\u0161\u00edm okol\u00ed letoviska Rogoznica jsou \u010detn\u00e9 mal\u00e9, skryt\u00e9 z\u00e1toky, kter\u00e9 jsou vhodn\u00e9 ke koup\u00e1n\u00ed a opalov\u00e1n\u00ed.<\/p>\n\n\n\n<p><strong>Navrhujeme v\u00e1m, abyste nav\u0161t\u00edvili:<\/strong>&nbsp;farn\u00ed kostel z roku 1615 \/ francouzskou tvrz z 1809. roku na kopci nad osadou \/ st\u0159edov\u011bk\u00e9 kostely na rogoznick\u00e9m poli: uk\u00e1zky st\u0159edov\u011bk\u00e9 dalmatsk\u00e9 architektury.<\/p>\n\n\n\n<p><strong>Jak se sem dostanete:<\/strong>&nbsp;Rogoznica le\u017e\u00ed 25 km ji\u017en\u011b od m\u011bsta \u0160ibenik sm\u011brem na Split, na okresn\u00ed silnici, je\u017e vede do Rogoznice &#8211; tato okresn\u00ed silnice odbo\u010duje z Jadransk\u00e9 magistr\u00e1ly 5 km za letoviskem Primo\u0161ten.<\/p>\n\n\n\n<p><strong>Jestlipak jsme to v\u011bd\u011bli:<\/strong>&nbsp;v letovisku Rogoznica si m\u016f\u017eete tak\u00e9 za\u0161ermovat &#8211; od roku 1987 je zde toti\u017e v provozu Mezin\u00e1rodn\u00ed \u0161erm\u00ed\u0159sk\u00fd kempink a \u0161erm\u00ed\u0159sk\u00e1 \u0161kola \/ nedaleko od osady Rogoznica je Dra\u010d\u00ed jezero (Zmajevo jezero), jedine\u010dn\u00fd po\u0159\u00edrodn\u00ed \u00fakaz, kde se st\u0159\u00eddaj\u00ed p\u0159\u00edliv a odliv.<\/p>\n\n\n\n<p>Z apartm\u00e1nu &#8220;Skarpa&#8221;, m\u016f\u017eete nav\u0161t\u00edvit <a href=\"http:\/\/www.chorvatsko-ubytovani-apartman.cz\/primosten_chorvatsko.htm\">Primo\u0161ten<\/a> nebo jet na jednodenn\u00ed v\u00fdlet do <a href=\"http:\/\/www.trogir-ciovo.eu\/cz\/trogir.html\">Trogiru<\/a>.&nbsp; Pokud chcete str\u00e1vit den na mo\u0159i, m\u016f\u017eete nav\u0161t\u00edvit <a href=\"http:\/\/www.chorvatsko-charter-plachteni.cz\/marina-frapa.html\">p\u0159\u00edstav Frapa<\/a>.<\/p>\n\n\n\n\t\t<style type=\"text\/css\">\n\t\t\t#gallery-1 {\n\t\t\t\tmargin: auto;\n\t\t\t}\n\t\t\t#gallery-1 .gallery-item {\n\t\t\t\tfloat: left;\n\t\t\t\tmargin-top: 10px;\n\t\t\t\ttext-align: center;\n\t\t\t\twidth: 100%;\n\t\t\t}\n\t\t\t#gallery-1 img {\n\t\t\t\tborder: 2px solid #cfcfcf;\n\t\t\t}\n\t\t\t#gallery-1 .gallery-caption {\n\t\t\t\tmargin-left: 0;\n\t\t\t}\n\t\t\t\/* see gallery_shortcode() in wp-includes\/media.php *\/\n\t\t<\/style>\n\t\t<div id='gallery-1' class='gallery galleryid-16 gallery-columns-1 gallery-size-full'><dl class='gallery-item'>\n\t\t\t<dt class='gallery-icon landscape'>\n\t\t\t\t<a rel=\"prettyPhoto[slides]\" href='https:\/\/www.apartments-skarpa.com\/wp-content\/uploads\/2012\/12\/hr_part.jpg'><img loading=\"lazy\" decoding=\"async\" width=\"367\" height=\"300\" src=\"https:\/\/www.apartments-skarpa.com\/wp-content\/uploads\/2012\/12\/hr_part.jpg\" class=\"attachment-full size-full\" alt=\"\" srcset=\"https:\/\/www.apartments-skarpa.com\/wp-content\/uploads\/2012\/12\/hr_part.jpg 367w, https:\/\/www.apartments-skarpa.com\/wp-content\/uploads\/2012\/12\/hr_part-300x245.jpg 300w\" sizes=\"auto, (max-width: 367px) 100vw, 367px\" \/><\/a>\n\t\t\t<\/dt><\/dl><br style=\"clear: both\" \/>\n\t\t<\/div>\n\n","protected":false},"excerpt":{"rendered":"<p>About Rogoznica: https:\/\/youtu.be\/JTYqTMRx5zM Mal\u00e1 st\u0159edozemn\u00ed osada Rogoznica stoj\u00ed nedaleko od letoviska Primo\u0161ten a 25 km ji\u017en\u011b od v\u011bt\u0161\u00edho m\u011bsta \u0160ibenik na pob\u0159e\u017e\u00ed Jadranu. Rogoznica je nevelkou turistickou osadou s po\u0161tovn\u00edm \u00fa\u0159adem, ambulanc\u00ed a obchody. Rozkl\u00e1d\u00e1 se v \u0161irok\u00e9 z\u00e1toce. Je ide\u00e1ln\u00edm m\u00edstem k pro\u017eit\u00ed dovolen\u00e9 s rodinou a p\u0159\u00e1teli. Letovisko&#8230;<\/p>\n","protected":false},"author":1,"featured_media":0,"parent":0,"menu_order":1,"comment_status":"closed","ping_status":"closed","template":"","meta":{"ngg_post_thumbnail":0,"footnotes":""},"class_list":["post-16","page","type-page","status-publish","hentry"],"translation":{"provider":"WPGlobus","version":"2.10.4","language":"cs","enabled_languages":["en","de","hr","hu","cs"],"languages":{"en":{"title":true,"content":true,"excerpt":false},"de":{"title":true,"content":true,"excerpt":false},"hr":{"title":true,"content":true,"excerpt":false},"hu":{"title":true,"content":true,"excerpt":false},"cs":{"title":true,"content":true,"excerpt":false}}},"_links":{"self":[{"href":"https:\/\/www.apartments-skarpa.com\/cs\/wp-json\/wp\/v2\/pages\/16","targetHints":{"allow":["GET"]}}],"collection":[{"href":"https:\/\/www.apartments-skarpa.com\/cs\/wp-json\/wp\/v2\/pages"}],"about":[{"href":"https:\/\/www.apartments-skarpa.com\/cs\/wp-json\/wp\/v2\/types\/page"}],"author":[{"embeddable":true,"href":"https:\/\/www.apartments-skarpa.com\/cs\/wp-json\/wp\/v2\/users\/1"}],"replies":[{"embeddable":true,"href":"https:\/\/www.apartments-skarpa.com\/cs\/wp-json\/wp\/v2\/comments?post=16"}],"version-history":[{"count":31,"href":"https:\/\/www.apartments-skarpa.com\/cs\/wp-json\/wp\/v2\/pages\/16\/revisions"}],"predecessor-version":[{"id":905,"href":"https:\/\/www.apartments-skarpa.com\/cs\/wp-json\/wp\/v2\/pages\/16\/revisions\/905"}],"wp:attachment":[{"href":"https:\/\/www.apartments-skarpa.com\/cs\/wp-json\/wp\/v2\/media?parent=16"}],"curies":[{"name":"wp","href":"https:\/\/api.w.org\/{rel}","templated":true}]}}