{"id":171,"date":"2012-12-12T22:11:38","date_gmt":"2012-12-12T22:11:38","guid":{"rendered":"http:\/\/www.apartments-skarpa.com\/?page_id=171"},"modified":"2022-10-01T10:13:43","modified_gmt":"2022-10-01T10:13:43","slug":"apartment-a1","status":"publish","type":"page","link":"https:\/\/www.apartments-skarpa.com\/cs\/apartment-a1\/","title":{"rendered":"&#8211; Apartm\u00e1n: A1"},"content":{"rendered":"\n<ul class=\"wp-block-list\"><li>Typ 2+1<\/li><li>Kategorie&nbsp;<img decoding=\"async\" alt=\"\" src=\"http:\/\/www.apartments-skarpa.com\/wp-content\/uploads\/2012\/12\/zvjezdice.gif\"><\/li><li>Prvn\u00ed patro<\/li><li>Po\u010det l\u016f\u017eek v apartm\u00e1 typu studio 3<\/li><li>Po\u010det l\u016f\u017eek pro jednu osobu 1<\/li><li>Po\u010det man\u017eelsk\u00fdch postel\u00ed 1<\/li><li>Velikost apartm\u00e1 25 m<sup>2<\/sup><\/li><li>Po\u010det koupelen se sprchov\u00fdm koutem : 1<\/li><li>Venkovn\u00ed sprcha<\/li><li>Terasa, 5 m<sup>2<\/sup><\/li><li>Spole\u010dn\u00fd dv\u016fr, 200 m<sup>2<\/sup><\/li><li>Topen\u00ed<\/li><li>Klimatizace<\/li><li>TV p\u0159ij\u00edma\u010d sa satelitn\u00edm programem<\/li><li>\u017dehli\u010dka<\/li><li>N\u00e1dob\u00ed k p\u0159\u00edprav\u011b a pod\u00e1v\u00e1n\u00ed j\u00eddel a n\u00e1poj\u016f, d\u00e1le j\u00eddeln\u00ed p\u0159\u00edbor v adekv\u00e1tn\u00edm mno\u017estv\u00ed<\/li><li>K\u00e1vovar<\/li><li>Trouba<\/li><li>Ledni\u010dka<\/li><li>Mrazni\u010dka 15 l<\/li><li>Myt\u00ed a \u00faklid 1xt\u00fddn\u011b<\/li><li>Dovoleno kou\u0159en\u00ed v apartm\u00e1<\/li><li>Vyhl\u00eddka na : zelenou plochu a dv\u016fr (pokoj), zelenou plochu (ob\u00fdv\u00e1k)<\/li><\/ul>\n\n\n<!-- default-view.php -->\n<div\n\tclass=\"ngg-galleryoverview default-view  ngg-ajax-pagination-none\"\n\tid=\"ngg-gallery-845147a29cb2b775f45289ca7b854899-1\">\n\n\t\t<!-- Thumbnails -->\n\t\t\t\t<div id=\"ngg-image-0\" class=\"ngg-gallery-thumbnail-box \" >\n\t\t\t\t        <div class=\"ngg-gallery-thumbnail\">\n            <a href=\"https:\/\/www.apartments-skarpa.com\/wp-content\/gallery\/slike-apartmana\/mini-img_7889.jpg\"\n               title=\"\"\n               data-src=\"https:\/\/www.apartments-skarpa.com\/wp-content\/gallery\/slike-apartmana\/mini-img_7889.jpg\"\n               data-thumbnail=\"https:\/\/www.apartments-skarpa.com\/wp-content\/gallery\/slike-apartmana\/thumbs\/thumbs_mini-img_7889.jpg\"\n               data-image-id=\"125\"\n               data-title=\"mini-img_7889\"\n               data-description=\"\"\n               data-image-slug=\"mini-img_7889\"\n               class=\"shutterset_845147a29cb2b775f45289ca7b854899\">\n                <img\n                    title=\"mini-img_7889\"\n                    alt=\"mini-img_7889\"\n                    src=\"https:\/\/www.apartments-skarpa.com\/wp-content\/gallery\/slike-apartmana\/thumbs\/thumbs_mini-img_7889.jpg\"\n                    width=\"100\"\n                    height=\"75\"\n                    style=\"max-width:100%;\"\n                \/>\n            <\/a>\n        <\/div>\n\t\t\t\t\t\t\t<\/div> \n\t\t\t\n\t\t\t\t<div id=\"ngg-image-1\" class=\"ngg-gallery-thumbnail-box \" >\n\t\t\t\t        <div class=\"ngg-gallery-thumbnail\">\n            <a href=\"https:\/\/www.apartments-skarpa.com\/wp-content\/gallery\/slike-apartmana\/dsc_0429.jpg\"\n               title=\"\"\n               data-src=\"https:\/\/www.apartments-skarpa.com\/wp-content\/gallery\/slike-apartmana\/dsc_0429.jpg\"\n               data-thumbnail=\"https:\/\/www.apartments-skarpa.com\/wp-content\/gallery\/slike-apartmana\/thumbs\/thumbs_dsc_0429.jpg\"\n               data-image-id=\"112\"\n               data-title=\"dsc_0429\"\n               data-description=\"\"\n               data-image-slug=\"dsc_0429\"\n               class=\"shutterset_845147a29cb2b775f45289ca7b854899\">\n                <img\n                    title=\"dsc_0429\"\n                    alt=\"dsc_0429\"\n                    src=\"https:\/\/www.apartments-skarpa.com\/wp-content\/gallery\/slike-apartmana\/thumbs\/thumbs_dsc_0429.jpg\"\n                    width=\"100\"\n                    height=\"75\"\n                    style=\"max-width:100%;\"\n                \/>\n            <\/a>\n        <\/div>\n\t\t\t\t\t\t\t<\/div> \n\t\t\t\n\t\t\t\t<div id=\"ngg-image-2\" class=\"ngg-gallery-thumbnail-box \" >\n\t\t\t\t        <div class=\"ngg-gallery-thumbnail\">\n            <a href=\"https:\/\/www.apartments-skarpa.com\/wp-content\/gallery\/slike-apartmana\/dsc_0430.jpg\"\n               title=\"\"\n               data-src=\"https:\/\/www.apartments-skarpa.com\/wp-content\/gallery\/slike-apartmana\/dsc_0430.jpg\"\n               data-thumbnail=\"https:\/\/www.apartments-skarpa.com\/wp-content\/gallery\/slike-apartmana\/thumbs\/thumbs_dsc_0430.jpg\"\n               data-image-id=\"113\"\n               data-title=\"dsc_0430\"\n               data-description=\"\"\n               data-image-slug=\"dsc_0430\"\n               class=\"shutterset_845147a29cb2b775f45289ca7b854899\">\n                <img\n                    title=\"dsc_0430\"\n                    alt=\"dsc_0430\"\n                    src=\"https:\/\/www.apartments-skarpa.com\/wp-content\/gallery\/slike-apartmana\/thumbs\/thumbs_dsc_0430.jpg\"\n                    width=\"100\"\n                    height=\"75\"\n                    style=\"max-width:100%;\"\n                \/>\n            <\/a>\n        <\/div>\n\t\t\t\t\t\t\t<\/div> \n\t\t\t\n\t\t\t\t<div id=\"ngg-image-3\" class=\"ngg-gallery-thumbnail-box \" >\n\t\t\t\t        <div class=\"ngg-gallery-thumbnail\">\n            <a href=\"https:\/\/www.apartments-skarpa.com\/wp-content\/gallery\/slike-apartmana\/dsc_0421.jpg\"\n               title=\"\"\n               data-src=\"https:\/\/www.apartments-skarpa.com\/wp-content\/gallery\/slike-apartmana\/dsc_0421.jpg\"\n               data-thumbnail=\"https:\/\/www.apartments-skarpa.com\/wp-content\/gallery\/slike-apartmana\/thumbs\/thumbs_dsc_0421.jpg\"\n               data-image-id=\"104\"\n               data-title=\"dsc_0421\"\n               data-description=\"\"\n               data-image-slug=\"dsc_0421\"\n               class=\"shutterset_845147a29cb2b775f45289ca7b854899\">\n                <img\n                    title=\"dsc_0421\"\n                    alt=\"dsc_0421\"\n                    src=\"https:\/\/www.apartments-skarpa.com\/wp-content\/gallery\/slike-apartmana\/thumbs\/thumbs_dsc_0421.jpg\"\n                    width=\"100\"\n                    height=\"75\"\n                    style=\"max-width:100%;\"\n                \/>\n            <\/a>\n        <\/div>\n\t\t\t\t\t\t\t<\/div> \n\t\t\t\n\t\t\t\t<div id=\"ngg-image-4\" class=\"ngg-gallery-thumbnail-box \" >\n\t\t\t\t        <div class=\"ngg-gallery-thumbnail\">\n            <a href=\"https:\/\/www.apartments-skarpa.com\/wp-content\/gallery\/slike-apartmana\/dsc_0422.jpg\"\n               title=\"\"\n               data-src=\"https:\/\/www.apartments-skarpa.com\/wp-content\/gallery\/slike-apartmana\/dsc_0422.jpg\"\n               data-thumbnail=\"https:\/\/www.apartments-skarpa.com\/wp-content\/gallery\/slike-apartmana\/thumbs\/thumbs_dsc_0422.jpg\"\n               data-image-id=\"105\"\n               data-title=\"dsc_0422\"\n               data-description=\"\"\n               data-image-slug=\"dsc_0422\"\n               class=\"shutterset_845147a29cb2b775f45289ca7b854899\">\n                <img\n                    title=\"dsc_0422\"\n                    alt=\"dsc_0422\"\n                    src=\"https:\/\/www.apartments-skarpa.com\/wp-content\/gallery\/slike-apartmana\/thumbs\/thumbs_dsc_0422.jpg\"\n                    width=\"100\"\n                    height=\"75\"\n                    style=\"max-width:100%;\"\n                \/>\n            <\/a>\n        <\/div>\n\t\t\t\t\t\t\t<\/div> \n\t\t\t\n\t\t\t\t<div id=\"ngg-image-5\" class=\"ngg-gallery-thumbnail-box \" >\n\t\t\t\t        <div class=\"ngg-gallery-thumbnail\">\n            <a href=\"https:\/\/www.apartments-skarpa.com\/wp-content\/gallery\/slike-apartmana\/dsc_0423.jpg\"\n               title=\"\"\n               data-src=\"https:\/\/www.apartments-skarpa.com\/wp-content\/gallery\/slike-apartmana\/dsc_0423.jpg\"\n               data-thumbnail=\"https:\/\/www.apartments-skarpa.com\/wp-content\/gallery\/slike-apartmana\/thumbs\/thumbs_dsc_0423.jpg\"\n               data-image-id=\"106\"\n               data-title=\"dsc_0423\"\n               data-description=\"\"\n               data-image-slug=\"dsc_0423\"\n               class=\"shutterset_845147a29cb2b775f45289ca7b854899\">\n                <img\n                    title=\"dsc_0423\"\n                    alt=\"dsc_0423\"\n                    src=\"https:\/\/www.apartments-skarpa.com\/wp-content\/gallery\/slike-apartmana\/thumbs\/thumbs_dsc_0423.jpg\"\n                    width=\"100\"\n                    height=\"75\"\n                    style=\"max-width:100%;\"\n                \/>\n            <\/a>\n        <\/div>\n\t\t\t\t\t\t\t<\/div> \n\t\t\t\n\t\t\t\t<div id=\"ngg-image-6\" class=\"ngg-gallery-thumbnail-box \" >\n\t\t\t\t        <div class=\"ngg-gallery-thumbnail\">\n            <a href=\"https:\/\/www.apartments-skarpa.com\/wp-content\/gallery\/slike-apartmana\/dsc_0426.jpg\"\n               title=\"\"\n               data-src=\"https:\/\/www.apartments-skarpa.com\/wp-content\/gallery\/slike-apartmana\/dsc_0426.jpg\"\n               data-thumbnail=\"https:\/\/www.apartments-skarpa.com\/wp-content\/gallery\/slike-apartmana\/thumbs\/thumbs_dsc_0426.jpg\"\n               data-image-id=\"109\"\n               data-title=\"dsc_0426\"\n               data-description=\"\"\n               data-image-slug=\"dsc_0426\"\n               class=\"shutterset_845147a29cb2b775f45289ca7b854899\">\n                <img\n                    title=\"dsc_0426\"\n                    alt=\"dsc_0426\"\n                    src=\"https:\/\/www.apartments-skarpa.com\/wp-content\/gallery\/slike-apartmana\/thumbs\/thumbs_dsc_0426.jpg\"\n                    width=\"100\"\n                    height=\"75\"\n                    style=\"max-width:100%;\"\n                \/>\n            <\/a>\n        <\/div>\n\t\t\t\t\t\t\t<\/div> \n\t\t\t\n\t\t\t\t<div id=\"ngg-image-7\" class=\"ngg-gallery-thumbnail-box \" >\n\t\t\t\t        <div class=\"ngg-gallery-thumbnail\">\n            <a href=\"https:\/\/www.apartments-skarpa.com\/wp-content\/gallery\/slike-apartmana\/dsc_0428.jpg\"\n               title=\"\"\n               data-src=\"https:\/\/www.apartments-skarpa.com\/wp-content\/gallery\/slike-apartmana\/dsc_0428.jpg\"\n               data-thumbnail=\"https:\/\/www.apartments-skarpa.com\/wp-content\/gallery\/slike-apartmana\/thumbs\/thumbs_dsc_0428.jpg\"\n               data-image-id=\"111\"\n               data-title=\"dsc_0428\"\n               data-description=\"\"\n               data-image-slug=\"dsc_0428\"\n               class=\"shutterset_845147a29cb2b775f45289ca7b854899\">\n                <img\n                    title=\"dsc_0428\"\n                    alt=\"dsc_0428\"\n                    src=\"https:\/\/www.apartments-skarpa.com\/wp-content\/gallery\/slike-apartmana\/thumbs\/thumbs_dsc_0428.jpg\"\n                    width=\"100\"\n                    height=\"75\"\n                    style=\"max-width:100%;\"\n                \/>\n            <\/a>\n        <\/div>\n\t\t\t\t\t\t\t<\/div> \n\t\t\t\n\t\t\t\t<div id=\"ngg-image-8\" class=\"ngg-gallery-thumbnail-box \" >\n\t\t\t\t        <div class=\"ngg-gallery-thumbnail\">\n            <a href=\"https:\/\/www.apartments-skarpa.com\/wp-content\/gallery\/slike-apartmana\/dsc_0427.jpg\"\n               title=\"\"\n               data-src=\"https:\/\/www.apartments-skarpa.com\/wp-content\/gallery\/slike-apartmana\/dsc_0427.jpg\"\n               data-thumbnail=\"https:\/\/www.apartments-skarpa.com\/wp-content\/gallery\/slike-apartmana\/thumbs\/thumbs_dsc_0427.jpg\"\n               data-image-id=\"110\"\n               data-title=\"dsc_0427\"\n               data-description=\"\"\n               data-image-slug=\"dsc_0427\"\n               class=\"shutterset_845147a29cb2b775f45289ca7b854899\">\n                <img\n                    title=\"dsc_0427\"\n                    alt=\"dsc_0427\"\n                    src=\"https:\/\/www.apartments-skarpa.com\/wp-content\/gallery\/slike-apartmana\/thumbs\/thumbs_dsc_0427.jpg\"\n                    width=\"100\"\n                    height=\"75\"\n                    style=\"max-width:100%;\"\n                \/>\n            <\/a>\n        <\/div>\n\t\t\t\t\t\t\t<\/div> \n\t\t\t\n\t\t\t\t<div id=\"ngg-image-9\" class=\"ngg-gallery-thumbnail-box \" >\n\t\t\t\t        <div class=\"ngg-gallery-thumbnail\">\n            <a href=\"https:\/\/www.apartments-skarpa.com\/wp-content\/gallery\/slike-apartmana\/dsc_0424.jpg\"\n               title=\"\"\n               data-src=\"https:\/\/www.apartments-skarpa.com\/wp-content\/gallery\/slike-apartmana\/dsc_0424.jpg\"\n               data-thumbnail=\"https:\/\/www.apartments-skarpa.com\/wp-content\/gallery\/slike-apartmana\/thumbs\/thumbs_dsc_0424.jpg\"\n               data-image-id=\"107\"\n               data-title=\"dsc_0424\"\n               data-description=\"\"\n               data-image-slug=\"dsc_0424\"\n               class=\"shutterset_845147a29cb2b775f45289ca7b854899\">\n                <img\n                    title=\"dsc_0424\"\n                    alt=\"dsc_0424\"\n                    src=\"https:\/\/www.apartments-skarpa.com\/wp-content\/gallery\/slike-apartmana\/thumbs\/thumbs_dsc_0424.jpg\"\n                    width=\"100\"\n                    height=\"75\"\n                    style=\"max-width:100%;\"\n                \/>\n            <\/a>\n        <\/div>\n\t\t\t\t\t\t\t<\/div> \n\t\t\t\n\t\t\t\t<div id=\"ngg-image-10\" class=\"ngg-gallery-thumbnail-box \" >\n\t\t\t\t        <div class=\"ngg-gallery-thumbnail\">\n            <a href=\"https:\/\/www.apartments-skarpa.com\/wp-content\/gallery\/slike-apartmana\/dsc_0431.jpg\"\n               title=\"\"\n               data-src=\"https:\/\/www.apartments-skarpa.com\/wp-content\/gallery\/slike-apartmana\/dsc_0431.jpg\"\n               data-thumbnail=\"https:\/\/www.apartments-skarpa.com\/wp-content\/gallery\/slike-apartmana\/thumbs\/thumbs_dsc_0431.jpg\"\n               data-image-id=\"114\"\n               data-title=\"dsc_0431\"\n               data-description=\"\"\n               data-image-slug=\"dsc_0431\"\n               class=\"shutterset_845147a29cb2b775f45289ca7b854899\">\n                <img\n                    title=\"dsc_0431\"\n                    alt=\"dsc_0431\"\n                    src=\"https:\/\/www.apartments-skarpa.com\/wp-content\/gallery\/slike-apartmana\/thumbs\/thumbs_dsc_0431.jpg\"\n                    width=\"100\"\n                    height=\"75\"\n                    style=\"max-width:100%;\"\n                \/>\n            <\/a>\n        <\/div>\n\t\t\t\t\t\t\t<\/div> \n\t\t\t\n\t\t\t\t<div id=\"ngg-image-11\" class=\"ngg-gallery-thumbnail-box \" >\n\t\t\t\t        <div class=\"ngg-gallery-thumbnail\">\n            <a href=\"https:\/\/www.apartments-skarpa.com\/wp-content\/gallery\/slike-apartmana\/dsc_0432.jpg\"\n               title=\"\"\n               data-src=\"https:\/\/www.apartments-skarpa.com\/wp-content\/gallery\/slike-apartmana\/dsc_0432.jpg\"\n               data-thumbnail=\"https:\/\/www.apartments-skarpa.com\/wp-content\/gallery\/slike-apartmana\/thumbs\/thumbs_dsc_0432.jpg\"\n               data-image-id=\"115\"\n               data-title=\"dsc_0432\"\n               data-description=\"\"\n               data-image-slug=\"dsc_0432\"\n               class=\"shutterset_845147a29cb2b775f45289ca7b854899\">\n                <img\n                    title=\"dsc_0432\"\n                    alt=\"dsc_0432\"\n                    src=\"https:\/\/www.apartments-skarpa.com\/wp-content\/gallery\/slike-apartmana\/thumbs\/thumbs_dsc_0432.jpg\"\n                    width=\"100\"\n                    height=\"75\"\n                    style=\"max-width:100%;\"\n                \/>\n            <\/a>\n        <\/div>\n\t\t\t\t\t\t\t<\/div> \n\t\t\t\n\t\t\t\t<div id=\"ngg-image-12\" class=\"ngg-gallery-thumbnail-box \" >\n\t\t\t\t        <div class=\"ngg-gallery-thumbnail\">\n            <a href=\"https:\/\/www.apartments-skarpa.com\/wp-content\/gallery\/slike-apartmana\/img_a1_big_4.jpg\"\n               title=\"\"\n               data-src=\"https:\/\/www.apartments-skarpa.com\/wp-content\/gallery\/slike-apartmana\/img_a1_big_4.jpg\"\n               data-thumbnail=\"https:\/\/www.apartments-skarpa.com\/wp-content\/gallery\/slike-apartmana\/thumbs\/thumbs_img_a1_big_4.jpg\"\n               data-image-id=\"4\"\n               data-title=\"img_a1_big_4\"\n               data-description=\"\"\n               data-image-slug=\"img_a1_big_4\"\n               class=\"shutterset_845147a29cb2b775f45289ca7b854899\">\n                <img\n                    title=\"img_a1_big_4\"\n                    alt=\"img_a1_big_4\"\n                    src=\"https:\/\/www.apartments-skarpa.com\/wp-content\/gallery\/slike-apartmana\/thumbs\/thumbs_img_a1_big_4.jpg\"\n                    width=\"100\"\n                    height=\"75\"\n                    style=\"max-width:100%;\"\n                \/>\n            <\/a>\n        <\/div>\n\t\t\t\t\t\t\t<\/div> \n\t\t\t\n\t\t\t\t<div id=\"ngg-image-13\" class=\"ngg-gallery-thumbnail-box \" >\n\t\t\t\t        <div class=\"ngg-gallery-thumbnail\">\n            <a href=\"https:\/\/www.apartments-skarpa.com\/wp-content\/gallery\/slike-apartmana\/img_a1_big_1.jpg\"\n               title=\"\"\n               data-src=\"https:\/\/www.apartments-skarpa.com\/wp-content\/gallery\/slike-apartmana\/img_a1_big_1.jpg\"\n               data-thumbnail=\"https:\/\/www.apartments-skarpa.com\/wp-content\/gallery\/slike-apartmana\/thumbs\/thumbs_img_a1_big_1.jpg\"\n               data-image-id=\"1\"\n               data-title=\"img_a1_big_1\"\n               data-description=\"\"\n               data-image-slug=\"img_a1_big_1\"\n               class=\"shutterset_845147a29cb2b775f45289ca7b854899\">\n                <img\n                    title=\"img_a1_big_1\"\n                    alt=\"img_a1_big_1\"\n                    src=\"https:\/\/www.apartments-skarpa.com\/wp-content\/gallery\/slike-apartmana\/thumbs\/thumbs_img_a1_big_1.jpg\"\n                    width=\"100\"\n                    height=\"75\"\n                    style=\"max-width:100%;\"\n                \/>\n            <\/a>\n        <\/div>\n\t\t\t\t\t\t\t<\/div> \n\t\t\t\n\t\n\t<br style=\"clear: both\" \/>\n\n\t\n\t\t<!-- Pagination -->\n\t<div class='ngg-clear'><\/div>\t<\/div>\n\n","protected":false},"excerpt":{"rendered":"<p>Typ 2+1 Kategorie&nbsp; Prvn\u00ed patro Po\u010det l\u016f\u017eek v apartm\u00e1 typu studio 3 Po\u010det l\u016f\u017eek pro jednu osobu 1 Po\u010det man\u017eelsk\u00fdch postel\u00ed 1 Velikost apartm\u00e1 25 m2 Po\u010det koupelen se sprchov\u00fdm koutem : 1 Venkovn\u00ed sprcha Terasa, 5 m2 Spole\u010dn\u00fd dv\u016fr, 200 m2 Topen\u00ed Klimatizace TV p\u0159ij\u00edma\u010d sa satelitn\u00edm programem \u017dehli\u010dka&#8230;<\/p>\n","protected":false},"author":1,"featured_media":0,"parent":0,"menu_order":3,"comment_status":"closed","ping_status":"open","template":"","meta":{"ngg_post_thumbnail":0,"footnotes":""},"class_list":["post-171","page","type-page","status-publish","hentry"],"translation":{"provider":"WPGlobus","version":"2.10.4","language":"cs","enabled_languages":["en","de","hr","hu","cs"],"languages":{"en":{"title":true,"content":true,"excerpt":false},"de":{"title":true,"content":true,"excerpt":false},"hr":{"title":true,"content":true,"excerpt":false},"hu":{"title":true,"content":true,"excerpt":false},"cs":{"title":true,"content":true,"excerpt":false}}},"_links":{"self":[{"href":"https:\/\/www.apartments-skarpa.com\/cs\/wp-json\/wp\/v2\/pages\/171","targetHints":{"allow":["GET"]}}],"collection":[{"href":"https:\/\/www.apartments-skarpa.com\/cs\/wp-json\/wp\/v2\/pages"}],"about":[{"href":"https:\/\/www.apartments-skarpa.com\/cs\/wp-json\/wp\/v2\/types\/page"}],"author":[{"embeddable":true,"href":"https:\/\/www.apartments-skarpa.com\/cs\/wp-json\/wp\/v2\/users\/1"}],"replies":[{"embeddable":true,"href":"https:\/\/www.apartments-skarpa.com\/cs\/wp-json\/wp\/v2\/comments?post=171"}],"version-history":[{"count":12,"href":"https:\/\/www.apartments-skarpa.com\/cs\/wp-json\/wp\/v2\/pages\/171\/revisions"}],"predecessor-version":[{"id":892,"href":"https:\/\/www.apartments-skarpa.com\/cs\/wp-json\/wp\/v2\/pages\/171\/revisions\/892"}],"wp:attachment":[{"href":"https:\/\/www.apartments-skarpa.com\/cs\/wp-json\/wp\/v2\/media?parent=171"}],"curies":[{"name":"wp","href":"https:\/\/api.w.org\/{rel}","templated":true}]}}