{"id":204,"date":"2012-12-12T22:24:38","date_gmt":"2012-12-12T22:24:38","guid":{"rendered":"http:\/\/www.apartments-skarpa.com\/?page_id=204"},"modified":"2022-10-01T10:23:18","modified_gmt":"2022-10-01T10:23:18","slug":"apartment-a2","status":"publish","type":"page","link":"https:\/\/www.apartments-skarpa.com\/cs\/apartment-a2\/","title":{"rendered":"&#8211; Apartm\u00e1n: A2"},"content":{"rendered":"\n<ul class=\"wp-block-list\"><li>Typ 2+1<\/li><li>Kategorie&nbsp;<img decoding=\"async\" alt=\"\" src=\"http:\/\/www.apartments-skarpa.com\/wp-content\/uploads\/2012\/12\/zvjezdice.gif\"><\/li><li>Prvn\u00ed patro<\/li><li>Po\u010det l\u016f\u017eek v apartm\u00e1 typu studio 3<\/li><li>Po\u010det l\u016f\u017eek pro jednu osobu 1<\/li><li>Po\u010det man\u017eelsk\u00fdch postel\u00ed 1<\/li><li>Velikost apartm\u00e1 25 m<sup>2<\/sup><\/li><li>Po\u010det koupelen se sprchov\u00fdm koutem : 1<\/li><li>Venkovn\u00ed sprcha<\/li><li>Terasa, 5 m<sup>2<\/sup><\/li><li>Spole\u010dn\u00fd dv\u016fr, 200 m<sup>2<\/sup><\/li><li>Topen\u00ed<\/li><li>Klimatizace<\/li><li>TV p\u0159ij\u00edma\u010d sa satelitn\u00edm programem<\/li><li>\u017dehli\u010dka<\/li><li>N\u00e1dob\u00ed k p\u0159\u00edprav\u011b a pod\u00e1v\u00e1n\u00ed j\u00eddel a n\u00e1poj\u016f, d\u00e1le j\u00eddeln\u00ed p\u0159\u00edbor v adekv\u00e1tn\u00edm mno\u017estv\u00ed<\/li><li>K\u00e1vovar<\/li><li>Trouba<\/li><li>Ledni\u010dka<\/li><li>Mrazni\u010dka 15<\/li><li>Pra\u010dka<\/li><li>Dovoleno kou\u0159en\u00ed v apartm\u00e1<\/li><li>Vyhl\u00eddka na : zelenou plochu a dv\u016fr (pokoj), zelenou plochu (ob\u00fdv\u00e1k)<\/li><\/ul>\n\n\n<!-- default-view.php -->\n<div\n\tclass=\"ngg-galleryoverview default-view  ngg-ajax-pagination-none\"\n\tid=\"ngg-gallery-6744cd5ab58085a8a2cff75c10b801e4-1\">\n\n\t\t<!-- Thumbnails -->\n\t\t\t\t<div id=\"ngg-image-0\" class=\"ngg-gallery-thumbnail-box \" >\n\t\t\t\t        <div class=\"ngg-gallery-thumbnail\">\n            <a href=\"https:\/\/www.apartments-skarpa.com\/wp-content\/gallery\/slike-apartmana-a2\/mini-img_7886.jpg\"\n               title=\"\"\n               data-src=\"https:\/\/www.apartments-skarpa.com\/wp-content\/gallery\/slike-apartmana-a2\/mini-img_7886.jpg\"\n               data-thumbnail=\"https:\/\/www.apartments-skarpa.com\/wp-content\/gallery\/slike-apartmana-a2\/thumbs\/thumbs_mini-img_7886.jpg\"\n               data-image-id=\"126\"\n               data-title=\"mini-img_7886\"\n               data-description=\"\"\n               data-image-slug=\"mini-img_7886\"\n               class=\"shutterset_6744cd5ab58085a8a2cff75c10b801e4\">\n                <img\n                    title=\"mini-img_7886\"\n                    alt=\"mini-img_7886\"\n                    src=\"https:\/\/www.apartments-skarpa.com\/wp-content\/gallery\/slike-apartmana-a2\/thumbs\/thumbs_mini-img_7886.jpg\"\n                    width=\"100\"\n                    height=\"75\"\n                    style=\"max-width:100%;\"\n                \/>\n            <\/a>\n        <\/div>\n\t\t\t\t\t\t\t<\/div> \n\t\t\t\n\t\t\t\t<div id=\"ngg-image-1\" class=\"ngg-gallery-thumbnail-box \" >\n\t\t\t\t        <div class=\"ngg-gallery-thumbnail\">\n            <a href=\"https:\/\/www.apartments-skarpa.com\/wp-content\/gallery\/slike-apartmana-a2\/dsc_0447.jpg\"\n               title=\"\"\n               data-src=\"https:\/\/www.apartments-skarpa.com\/wp-content\/gallery\/slike-apartmana-a2\/dsc_0447.jpg\"\n               data-thumbnail=\"https:\/\/www.apartments-skarpa.com\/wp-content\/gallery\/slike-apartmana-a2\/thumbs\/thumbs_dsc_0447.jpg\"\n               data-image-id=\"98\"\n               data-title=\"dsc_0447\"\n               data-description=\"\"\n               data-image-slug=\"dsc_0447\"\n               class=\"shutterset_6744cd5ab58085a8a2cff75c10b801e4\">\n                <img\n                    title=\"dsc_0447\"\n                    alt=\"dsc_0447\"\n                    src=\"https:\/\/www.apartments-skarpa.com\/wp-content\/gallery\/slike-apartmana-a2\/thumbs\/thumbs_dsc_0447.jpg\"\n                    width=\"100\"\n                    height=\"75\"\n                    style=\"max-width:100%;\"\n                \/>\n            <\/a>\n        <\/div>\n\t\t\t\t\t\t\t<\/div> \n\t\t\t\n\t\t\t\t<div id=\"ngg-image-2\" class=\"ngg-gallery-thumbnail-box \" >\n\t\t\t\t        <div class=\"ngg-gallery-thumbnail\">\n            <a href=\"https:\/\/www.apartments-skarpa.com\/wp-content\/gallery\/slike-apartmana-a2\/dsc_0446.jpg\"\n               title=\"\"\n               data-src=\"https:\/\/www.apartments-skarpa.com\/wp-content\/gallery\/slike-apartmana-a2\/dsc_0446.jpg\"\n               data-thumbnail=\"https:\/\/www.apartments-skarpa.com\/wp-content\/gallery\/slike-apartmana-a2\/thumbs\/thumbs_dsc_0446.jpg\"\n               data-image-id=\"97\"\n               data-title=\"dsc_0446\"\n               data-description=\"\"\n               data-image-slug=\"dsc_0446\"\n               class=\"shutterset_6744cd5ab58085a8a2cff75c10b801e4\">\n                <img\n                    title=\"dsc_0446\"\n                    alt=\"dsc_0446\"\n                    src=\"https:\/\/www.apartments-skarpa.com\/wp-content\/gallery\/slike-apartmana-a2\/thumbs\/thumbs_dsc_0446.jpg\"\n                    width=\"100\"\n                    height=\"75\"\n                    style=\"max-width:100%;\"\n                \/>\n            <\/a>\n        <\/div>\n\t\t\t\t\t\t\t<\/div> \n\t\t\t\n\t\t\t\t<div id=\"ngg-image-3\" class=\"ngg-gallery-thumbnail-box \" >\n\t\t\t\t        <div class=\"ngg-gallery-thumbnail\">\n            <a href=\"https:\/\/www.apartments-skarpa.com\/wp-content\/gallery\/slike-apartmana-a2\/dsc_0441.jpg\"\n               title=\"\"\n               data-src=\"https:\/\/www.apartments-skarpa.com\/wp-content\/gallery\/slike-apartmana-a2\/dsc_0441.jpg\"\n               data-thumbnail=\"https:\/\/www.apartments-skarpa.com\/wp-content\/gallery\/slike-apartmana-a2\/thumbs\/thumbs_dsc_0441.jpg\"\n               data-image-id=\"92\"\n               data-title=\"dsc_0441\"\n               data-description=\"\"\n               data-image-slug=\"dsc_0441\"\n               class=\"shutterset_6744cd5ab58085a8a2cff75c10b801e4\">\n                <img\n                    title=\"dsc_0441\"\n                    alt=\"dsc_0441\"\n                    src=\"https:\/\/www.apartments-skarpa.com\/wp-content\/gallery\/slike-apartmana-a2\/thumbs\/thumbs_dsc_0441.jpg\"\n                    width=\"100\"\n                    height=\"75\"\n                    style=\"max-width:100%;\"\n                \/>\n            <\/a>\n        <\/div>\n\t\t\t\t\t\t\t<\/div> \n\t\t\t\n\t\t\t\t<div id=\"ngg-image-4\" class=\"ngg-gallery-thumbnail-box \" >\n\t\t\t\t        <div class=\"ngg-gallery-thumbnail\">\n            <a href=\"https:\/\/www.apartments-skarpa.com\/wp-content\/gallery\/slike-apartmana-a2\/dsc_0442.jpg\"\n               title=\"\"\n               data-src=\"https:\/\/www.apartments-skarpa.com\/wp-content\/gallery\/slike-apartmana-a2\/dsc_0442.jpg\"\n               data-thumbnail=\"https:\/\/www.apartments-skarpa.com\/wp-content\/gallery\/slike-apartmana-a2\/thumbs\/thumbs_dsc_0442.jpg\"\n               data-image-id=\"93\"\n               data-title=\"dsc_0442\"\n               data-description=\"\"\n               data-image-slug=\"dsc_0442\"\n               class=\"shutterset_6744cd5ab58085a8a2cff75c10b801e4\">\n                <img\n                    title=\"dsc_0442\"\n                    alt=\"dsc_0442\"\n                    src=\"https:\/\/www.apartments-skarpa.com\/wp-content\/gallery\/slike-apartmana-a2\/thumbs\/thumbs_dsc_0442.jpg\"\n                    width=\"100\"\n                    height=\"75\"\n                    style=\"max-width:100%;\"\n                \/>\n            <\/a>\n        <\/div>\n\t\t\t\t\t\t\t<\/div> \n\t\t\t\n\t\t\t\t<div id=\"ngg-image-5\" class=\"ngg-gallery-thumbnail-box \" >\n\t\t\t\t        <div class=\"ngg-gallery-thumbnail\">\n            <a href=\"https:\/\/www.apartments-skarpa.com\/wp-content\/gallery\/slike-apartmana-a2\/dsc_0443.jpg\"\n               title=\"\"\n               data-src=\"https:\/\/www.apartments-skarpa.com\/wp-content\/gallery\/slike-apartmana-a2\/dsc_0443.jpg\"\n               data-thumbnail=\"https:\/\/www.apartments-skarpa.com\/wp-content\/gallery\/slike-apartmana-a2\/thumbs\/thumbs_dsc_0443.jpg\"\n               data-image-id=\"94\"\n               data-title=\"dsc_0443\"\n               data-description=\"\"\n               data-image-slug=\"dsc_0443\"\n               class=\"shutterset_6744cd5ab58085a8a2cff75c10b801e4\">\n                <img\n                    title=\"dsc_0443\"\n                    alt=\"dsc_0443\"\n                    src=\"https:\/\/www.apartments-skarpa.com\/wp-content\/gallery\/slike-apartmana-a2\/thumbs\/thumbs_dsc_0443.jpg\"\n                    width=\"100\"\n                    height=\"75\"\n                    style=\"max-width:100%;\"\n                \/>\n            <\/a>\n        <\/div>\n\t\t\t\t\t\t\t<\/div> \n\t\t\t\n\t\t\t\t<div id=\"ngg-image-6\" class=\"ngg-gallery-thumbnail-box \" >\n\t\t\t\t        <div class=\"ngg-gallery-thumbnail\">\n            <a href=\"https:\/\/www.apartments-skarpa.com\/wp-content\/gallery\/slike-apartmana-a2\/dsc_0444.jpg\"\n               title=\"\"\n               data-src=\"https:\/\/www.apartments-skarpa.com\/wp-content\/gallery\/slike-apartmana-a2\/dsc_0444.jpg\"\n               data-thumbnail=\"https:\/\/www.apartments-skarpa.com\/wp-content\/gallery\/slike-apartmana-a2\/thumbs\/thumbs_dsc_0444.jpg\"\n               data-image-id=\"95\"\n               data-title=\"dsc_0444\"\n               data-description=\"\"\n               data-image-slug=\"dsc_0444\"\n               class=\"shutterset_6744cd5ab58085a8a2cff75c10b801e4\">\n                <img\n                    title=\"dsc_0444\"\n                    alt=\"dsc_0444\"\n                    src=\"https:\/\/www.apartments-skarpa.com\/wp-content\/gallery\/slike-apartmana-a2\/thumbs\/thumbs_dsc_0444.jpg\"\n                    width=\"100\"\n                    height=\"75\"\n                    style=\"max-width:100%;\"\n                \/>\n            <\/a>\n        <\/div>\n\t\t\t\t\t\t\t<\/div> \n\t\t\t\n\t\t\t\t<div id=\"ngg-image-7\" class=\"ngg-gallery-thumbnail-box \" >\n\t\t\t\t        <div class=\"ngg-gallery-thumbnail\">\n            <a href=\"https:\/\/www.apartments-skarpa.com\/wp-content\/gallery\/slike-apartmana-a2\/dsc_0450.jpg\"\n               title=\"\"\n               data-src=\"https:\/\/www.apartments-skarpa.com\/wp-content\/gallery\/slike-apartmana-a2\/dsc_0450.jpg\"\n               data-thumbnail=\"https:\/\/www.apartments-skarpa.com\/wp-content\/gallery\/slike-apartmana-a2\/thumbs\/thumbs_dsc_0450.jpg\"\n               data-image-id=\"101\"\n               data-title=\"dsc_0450\"\n               data-description=\"\"\n               data-image-slug=\"dsc_0450\"\n               class=\"shutterset_6744cd5ab58085a8a2cff75c10b801e4\">\n                <img\n                    title=\"dsc_0450\"\n                    alt=\"dsc_0450\"\n                    src=\"https:\/\/www.apartments-skarpa.com\/wp-content\/gallery\/slike-apartmana-a2\/thumbs\/thumbs_dsc_0450.jpg\"\n                    width=\"100\"\n                    height=\"75\"\n                    style=\"max-width:100%;\"\n                \/>\n            <\/a>\n        <\/div>\n\t\t\t\t\t\t\t<\/div> \n\t\t\t\n\t\t\t\t<div id=\"ngg-image-8\" class=\"ngg-gallery-thumbnail-box \" >\n\t\t\t\t        <div class=\"ngg-gallery-thumbnail\">\n            <a href=\"https:\/\/www.apartments-skarpa.com\/wp-content\/gallery\/slike-apartmana-a2\/dsc_0448.jpg\"\n               title=\"\"\n               data-src=\"https:\/\/www.apartments-skarpa.com\/wp-content\/gallery\/slike-apartmana-a2\/dsc_0448.jpg\"\n               data-thumbnail=\"https:\/\/www.apartments-skarpa.com\/wp-content\/gallery\/slike-apartmana-a2\/thumbs\/thumbs_dsc_0448.jpg\"\n               data-image-id=\"99\"\n               data-title=\"dsc_0448\"\n               data-description=\"\"\n               data-image-slug=\"dsc_0448\"\n               class=\"shutterset_6744cd5ab58085a8a2cff75c10b801e4\">\n                <img\n                    title=\"dsc_0448\"\n                    alt=\"dsc_0448\"\n                    src=\"https:\/\/www.apartments-skarpa.com\/wp-content\/gallery\/slike-apartmana-a2\/thumbs\/thumbs_dsc_0448.jpg\"\n                    width=\"100\"\n                    height=\"75\"\n                    style=\"max-width:100%;\"\n                \/>\n            <\/a>\n        <\/div>\n\t\t\t\t\t\t\t<\/div> \n\t\t\t\n\t\t\t\t<div id=\"ngg-image-9\" class=\"ngg-gallery-thumbnail-box \" >\n\t\t\t\t        <div class=\"ngg-gallery-thumbnail\">\n            <a href=\"https:\/\/www.apartments-skarpa.com\/wp-content\/gallery\/slike-apartmana-a2\/dsc_0449.jpg\"\n               title=\"\"\n               data-src=\"https:\/\/www.apartments-skarpa.com\/wp-content\/gallery\/slike-apartmana-a2\/dsc_0449.jpg\"\n               data-thumbnail=\"https:\/\/www.apartments-skarpa.com\/wp-content\/gallery\/slike-apartmana-a2\/thumbs\/thumbs_dsc_0449.jpg\"\n               data-image-id=\"100\"\n               data-title=\"dsc_0449\"\n               data-description=\"\"\n               data-image-slug=\"dsc_0449\"\n               class=\"shutterset_6744cd5ab58085a8a2cff75c10b801e4\">\n                <img\n                    title=\"dsc_0449\"\n                    alt=\"dsc_0449\"\n                    src=\"https:\/\/www.apartments-skarpa.com\/wp-content\/gallery\/slike-apartmana-a2\/thumbs\/thumbs_dsc_0449.jpg\"\n                    width=\"100\"\n                    height=\"75\"\n                    style=\"max-width:100%;\"\n                \/>\n            <\/a>\n        <\/div>\n\t\t\t\t\t\t\t<\/div> \n\t\t\t\n\t\t\t\t<div id=\"ngg-image-10\" class=\"ngg-gallery-thumbnail-box \" >\n\t\t\t\t        <div class=\"ngg-gallery-thumbnail\">\n            <a href=\"https:\/\/www.apartments-skarpa.com\/wp-content\/gallery\/slike-apartmana-a2\/img_a2_big_1.jpg\"\n               title=\"\"\n               data-src=\"https:\/\/www.apartments-skarpa.com\/wp-content\/gallery\/slike-apartmana-a2\/img_a2_big_1.jpg\"\n               data-thumbnail=\"https:\/\/www.apartments-skarpa.com\/wp-content\/gallery\/slike-apartmana-a2\/thumbs\/thumbs_img_a2_big_1.jpg\"\n               data-image-id=\"9\"\n               data-title=\"img_a2_big_1\"\n               data-description=\"\"\n               data-image-slug=\"img_a2_big_1\"\n               class=\"shutterset_6744cd5ab58085a8a2cff75c10b801e4\">\n                <img\n                    title=\"img_a2_big_1\"\n                    alt=\"img_a2_big_1\"\n                    src=\"https:\/\/www.apartments-skarpa.com\/wp-content\/gallery\/slike-apartmana-a2\/thumbs\/thumbs_img_a2_big_1.jpg\"\n                    width=\"100\"\n                    height=\"75\"\n                    style=\"max-width:100%;\"\n                \/>\n            <\/a>\n        <\/div>\n\t\t\t\t\t\t\t<\/div> \n\t\t\t\n\t\t\t\t<div id=\"ngg-image-11\" class=\"ngg-gallery-thumbnail-box \" >\n\t\t\t\t        <div class=\"ngg-gallery-thumbnail\">\n            <a href=\"https:\/\/www.apartments-skarpa.com\/wp-content\/gallery\/slike-apartmana-a2\/img_a2_big_5.jpg\"\n               title=\"\"\n               data-src=\"https:\/\/www.apartments-skarpa.com\/wp-content\/gallery\/slike-apartmana-a2\/img_a2_big_5.jpg\"\n               data-thumbnail=\"https:\/\/www.apartments-skarpa.com\/wp-content\/gallery\/slike-apartmana-a2\/thumbs\/thumbs_img_a2_big_5.jpg\"\n               data-image-id=\"13\"\n               data-title=\"img_a2_big_5\"\n               data-description=\"\"\n               data-image-slug=\"img_a2_big_5\"\n               class=\"shutterset_6744cd5ab58085a8a2cff75c10b801e4\">\n                <img\n                    title=\"img_a2_big_5\"\n                    alt=\"img_a2_big_5\"\n                    src=\"https:\/\/www.apartments-skarpa.com\/wp-content\/gallery\/slike-apartmana-a2\/thumbs\/thumbs_img_a2_big_5.jpg\"\n                    width=\"100\"\n                    height=\"75\"\n                    style=\"max-width:100%;\"\n                \/>\n            <\/a>\n        <\/div>\n\t\t\t\t\t\t\t<\/div> \n\t\t\t\n\t\n\t<br style=\"clear: both\" \/>\n\n\t\n\t\t<!-- Pagination -->\n\t<div class='ngg-clear'><\/div>\t<\/div>\n\n","protected":false},"excerpt":{"rendered":"<p>Typ 2+1 Kategorie&nbsp; Prvn\u00ed patro Po\u010det l\u016f\u017eek v apartm\u00e1 typu studio 3 Po\u010det l\u016f\u017eek pro jednu osobu 1 Po\u010det man\u017eelsk\u00fdch postel\u00ed 1 Velikost apartm\u00e1 25 m2 Po\u010det koupelen se sprchov\u00fdm koutem : 1 Venkovn\u00ed sprcha Terasa, 5 m2 Spole\u010dn\u00fd dv\u016fr, 200 m2 Topen\u00ed Klimatizace TV p\u0159ij\u00edma\u010d sa satelitn\u00edm programem \u017dehli\u010dka&#8230;<\/p>\n","protected":false},"author":1,"featured_media":0,"parent":0,"menu_order":3,"comment_status":"closed","ping_status":"open","template":"","meta":{"ngg_post_thumbnail":0,"footnotes":""},"class_list":["post-204","page","type-page","status-publish","hentry"],"translation":{"provider":"WPGlobus","version":"2.10.4","language":"cs","enabled_languages":["en","de","hr","hu","cs"],"languages":{"en":{"title":true,"content":true,"excerpt":false},"de":{"title":true,"content":true,"excerpt":false},"hr":{"title":true,"content":true,"excerpt":false},"hu":{"title":true,"content":true,"excerpt":false},"cs":{"title":true,"content":true,"excerpt":false}}},"_links":{"self":[{"href":"https:\/\/www.apartments-skarpa.com\/cs\/wp-json\/wp\/v2\/pages\/204","targetHints":{"allow":["GET"]}}],"collection":[{"href":"https:\/\/www.apartments-skarpa.com\/cs\/wp-json\/wp\/v2\/pages"}],"about":[{"href":"https:\/\/www.apartments-skarpa.com\/cs\/wp-json\/wp\/v2\/types\/page"}],"author":[{"embeddable":true,"href":"https:\/\/www.apartments-skarpa.com\/cs\/wp-json\/wp\/v2\/users\/1"}],"replies":[{"embeddable":true,"href":"https:\/\/www.apartments-skarpa.com\/cs\/wp-json\/wp\/v2\/comments?post=204"}],"version-history":[{"count":11,"href":"https:\/\/www.apartments-skarpa.com\/cs\/wp-json\/wp\/v2\/pages\/204\/revisions"}],"predecessor-version":[{"id":904,"href":"https:\/\/www.apartments-skarpa.com\/cs\/wp-json\/wp\/v2\/pages\/204\/revisions\/904"}],"wp:attachment":[{"href":"https:\/\/www.apartments-skarpa.com\/cs\/wp-json\/wp\/v2\/media?parent=204"}],"curies":[{"name":"wp","href":"https:\/\/api.w.org\/{rel}","templated":true}]}}