{"id":234,"date":"2012-12-12T22:34:11","date_gmt":"2012-12-12T22:34:11","guid":{"rendered":"http:\/\/www.apartments-skarpa.com\/?page_id=234"},"modified":"2022-10-01T10:07:35","modified_gmt":"2022-10-01T10:07:35","slug":"apartment-a4","status":"publish","type":"page","link":"https:\/\/www.apartments-skarpa.com\/cs\/apartment-a4\/","title":{"rendered":"&#8211; Apartm\u00e1n: A4"},"content":{"rendered":"\n<ul class=\"wp-block-list\"><li>Typ A3+2<\/li><li>Kategorie&nbsp;<img decoding=\"async\" alt=\"\" src=\"http:\/\/www.apartments-skarpa.com\/wp-content\/uploads\/2012\/12\/zvjezdice.gif\"><\/li><li>Celkov\u00fd po\u010det l\u016f\u017eek v pokoji 3<\/li><li>Po\u010det l\u016f\u017eek pro jednu osobu 1<\/li><li>Po\u010det man\u017eelsk\u00fdch postel\u00ed 1<\/li><li>Velikost pokoje je 12 m<sup>2<\/sup><\/li><li>P\u0159\u00edzem\u00ed<\/li><li>Po\u010det koupelen se sprchov\u00fdm koutem : 1<\/li><li>Venkovn\u00ed sprcha<\/li><li>Po\u010det samostatn\u00fdch z\u00e1chod\u016f s umyvadlem : 1<\/li><li>Kuchy\u0148 je zvl\u00e1\u0161tn\u00ed m\u00edstnost<\/li><li>Po\u010det p\u0159ist\u00fdlek (v ob\u00fdv\u00e1ku, j\u00eddeln\u011b, kuchyni) : 2<\/li><li>Velikost (ob\u00fdv\u00e1ku, j\u00eddelny nebo kuchyn\u011b) 13 m<sup>2<\/sup><\/li><li>Terasa, 10 m<sup>2<\/sup><\/li><li>Spole\u010dn\u00fd dv\u016fr, 200 m<sup>2<\/sup><\/li><li>TV p\u0159ij\u00edma\u010d sa satelitn\u00edm programem<\/li><li>\u017dehli\u010dka<\/li><li>N\u00e1dob\u00ed k p\u0159\u00edprav\u011b a pod\u00e1v\u00e1n\u00ed j\u00eddel a n\u00e1poj\u016f, d\u00e1le j\u00eddeln\u00ed p\u0159\u00edbor v adekv\u00e1tn\u00edm mno\u017estv\u00ed<\/li><li>Trouba<\/li><li>Ledni\u010dka<\/li><li>Mrazni\u010dka 20l<\/li><li>K\u00e1vovar<\/li><li>Pra\u010dka<\/li><li>Dovoleno kou\u0159en\u00ed v apartm\u00e1Vyhl\u00eddka na : zelenou plochu a dv\u016fr (pokoj), zelenou plochu (ob\u00fdv\u00e1k)<\/li><\/ul>\n\n\n<!-- default-view.php -->\n<div\n\tclass=\"ngg-galleryoverview default-view  ngg-ajax-pagination-none\"\n\tid=\"ngg-gallery-37d35dbb31b6903f2c89f64cb0721ae2-1\">\n\n\t\t<!-- Thumbnails -->\n\t\t\t\t<div id=\"ngg-image-0\" class=\"ngg-gallery-thumbnail-box \" >\n\t\t\t\t        <div class=\"ngg-gallery-thumbnail\">\n            <a href=\"https:\/\/www.apartments-skarpa.com\/wp-content\/gallery\/slike-apartmana-a4\/mini-img_9006.jpg\"\n               title=\"\"\n               data-src=\"https:\/\/www.apartments-skarpa.com\/wp-content\/gallery\/slike-apartmana-a4\/mini-img_9006.jpg\"\n               data-thumbnail=\"https:\/\/www.apartments-skarpa.com\/wp-content\/gallery\/slike-apartmana-a4\/thumbs\/thumbs_mini-img_9006.jpg\"\n               data-image-id=\"123\"\n               data-title=\"mini-img_9006\"\n               data-description=\"\"\n               data-image-slug=\"mini-img_9006\"\n               class=\"shutterset_37d35dbb31b6903f2c89f64cb0721ae2\">\n                <img\n                    title=\"mini-img_9006\"\n                    alt=\"mini-img_9006\"\n                    src=\"https:\/\/www.apartments-skarpa.com\/wp-content\/gallery\/slike-apartmana-a4\/thumbs\/thumbs_mini-img_9006.jpg\"\n                    width=\"100\"\n                    height=\"75\"\n                    style=\"max-width:100%;\"\n                \/>\n            <\/a>\n        <\/div>\n\t\t\t\t\t\t\t<\/div> \n\t\t\t\n\t\t\t\t<div id=\"ngg-image-1\" class=\"ngg-gallery-thumbnail-box \" >\n\t\t\t\t        <div class=\"ngg-gallery-thumbnail\">\n            <a href=\"https:\/\/www.apartments-skarpa.com\/wp-content\/gallery\/slike-apartmana-a4\/mini-img_9008.jpg\"\n               title=\"\"\n               data-src=\"https:\/\/www.apartments-skarpa.com\/wp-content\/gallery\/slike-apartmana-a4\/mini-img_9008.jpg\"\n               data-thumbnail=\"https:\/\/www.apartments-skarpa.com\/wp-content\/gallery\/slike-apartmana-a4\/thumbs\/thumbs_mini-img_9008.jpg\"\n               data-image-id=\"124\"\n               data-title=\"mini-img_9008\"\n               data-description=\"\"\n               data-image-slug=\"mini-img_9008\"\n               class=\"shutterset_37d35dbb31b6903f2c89f64cb0721ae2\">\n                <img\n                    title=\"mini-img_9008\"\n                    alt=\"mini-img_9008\"\n                    src=\"https:\/\/www.apartments-skarpa.com\/wp-content\/gallery\/slike-apartmana-a4\/thumbs\/thumbs_mini-img_9008.jpg\"\n                    width=\"100\"\n                    height=\"75\"\n                    style=\"max-width:100%;\"\n                \/>\n            <\/a>\n        <\/div>\n\t\t\t\t\t\t\t<\/div> \n\t\t\t\n\t\t\t\t<div id=\"ngg-image-2\" class=\"ngg-gallery-thumbnail-box \" >\n\t\t\t\t        <div class=\"ngg-gallery-thumbnail\">\n            <a href=\"https:\/\/www.apartments-skarpa.com\/wp-content\/gallery\/slike-apartmana-a4\/mini-img_7890.jpg\"\n               title=\"\"\n               data-src=\"https:\/\/www.apartments-skarpa.com\/wp-content\/gallery\/slike-apartmana-a4\/mini-img_7890.jpg\"\n               data-thumbnail=\"https:\/\/www.apartments-skarpa.com\/wp-content\/gallery\/slike-apartmana-a4\/thumbs\/thumbs_mini-img_7890.jpg\"\n               data-image-id=\"129\"\n               data-title=\"mini-img_7890\"\n               data-description=\"\"\n               data-image-slug=\"mini-img_7890\"\n               class=\"shutterset_37d35dbb31b6903f2c89f64cb0721ae2\">\n                <img\n                    title=\"mini-img_7890\"\n                    alt=\"mini-img_7890\"\n                    src=\"https:\/\/www.apartments-skarpa.com\/wp-content\/gallery\/slike-apartmana-a4\/thumbs\/thumbs_mini-img_7890.jpg\"\n                    width=\"100\"\n                    height=\"75\"\n                    style=\"max-width:100%;\"\n                \/>\n            <\/a>\n        <\/div>\n\t\t\t\t\t\t\t<\/div> \n\t\t\t\n\t\t\t\t<div id=\"ngg-image-3\" class=\"ngg-gallery-thumbnail-box \" >\n\t\t\t\t        <div class=\"ngg-gallery-thumbnail\">\n            <a href=\"https:\/\/www.apartments-skarpa.com\/wp-content\/gallery\/slike-apartmana-a4\/mini-img_7891.jpg\"\n               title=\"\"\n               data-src=\"https:\/\/www.apartments-skarpa.com\/wp-content\/gallery\/slike-apartmana-a4\/mini-img_7891.jpg\"\n               data-thumbnail=\"https:\/\/www.apartments-skarpa.com\/wp-content\/gallery\/slike-apartmana-a4\/thumbs\/thumbs_mini-img_7891.jpg\"\n               data-image-id=\"130\"\n               data-title=\"mini-img_7891\"\n               data-description=\"\"\n               data-image-slug=\"mini-img_7891\"\n               class=\"shutterset_37d35dbb31b6903f2c89f64cb0721ae2\">\n                <img\n                    title=\"mini-img_7891\"\n                    alt=\"mini-img_7891\"\n                    src=\"https:\/\/www.apartments-skarpa.com\/wp-content\/gallery\/slike-apartmana-a4\/thumbs\/thumbs_mini-img_7891.jpg\"\n                    width=\"100\"\n                    height=\"75\"\n                    style=\"max-width:100%;\"\n                \/>\n            <\/a>\n        <\/div>\n\t\t\t\t\t\t\t<\/div> \n\t\t\t\n\t\t\t\t<div id=\"ngg-image-4\" class=\"ngg-gallery-thumbnail-box \" >\n\t\t\t\t        <div class=\"ngg-gallery-thumbnail\">\n            <a href=\"https:\/\/www.apartments-skarpa.com\/wp-content\/gallery\/slike-apartmana-a4\/dsc_0472.jpg\"\n               title=\"\"\n               data-src=\"https:\/\/www.apartments-skarpa.com\/wp-content\/gallery\/slike-apartmana-a4\/dsc_0472.jpg\"\n               data-thumbnail=\"https:\/\/www.apartments-skarpa.com\/wp-content\/gallery\/slike-apartmana-a4\/thumbs\/thumbs_dsc_0472.jpg\"\n               data-image-id=\"52\"\n               data-title=\"dsc_0472\"\n               data-description=\"\"\n               data-image-slug=\"dsc_0472\"\n               class=\"shutterset_37d35dbb31b6903f2c89f64cb0721ae2\">\n                <img\n                    title=\"dsc_0472\"\n                    alt=\"dsc_0472\"\n                    src=\"https:\/\/www.apartments-skarpa.com\/wp-content\/gallery\/slike-apartmana-a4\/thumbs\/thumbs_dsc_0472.jpg\"\n                    width=\"100\"\n                    height=\"75\"\n                    style=\"max-width:100%;\"\n                \/>\n            <\/a>\n        <\/div>\n\t\t\t\t\t\t\t<\/div> \n\t\t\t\n\t\t\t\t<div id=\"ngg-image-5\" class=\"ngg-gallery-thumbnail-box \" >\n\t\t\t\t        <div class=\"ngg-gallery-thumbnail\">\n            <a href=\"https:\/\/www.apartments-skarpa.com\/wp-content\/gallery\/slike-apartmana-a4\/dsc_0473.jpg\"\n               title=\"\"\n               data-src=\"https:\/\/www.apartments-skarpa.com\/wp-content\/gallery\/slike-apartmana-a4\/dsc_0473.jpg\"\n               data-thumbnail=\"https:\/\/www.apartments-skarpa.com\/wp-content\/gallery\/slike-apartmana-a4\/thumbs\/thumbs_dsc_0473.jpg\"\n               data-image-id=\"53\"\n               data-title=\"dsc_0473\"\n               data-description=\"\"\n               data-image-slug=\"dsc_0473\"\n               class=\"shutterset_37d35dbb31b6903f2c89f64cb0721ae2\">\n                <img\n                    title=\"dsc_0473\"\n                    alt=\"dsc_0473\"\n                    src=\"https:\/\/www.apartments-skarpa.com\/wp-content\/gallery\/slike-apartmana-a4\/thumbs\/thumbs_dsc_0473.jpg\"\n                    width=\"100\"\n                    height=\"75\"\n                    style=\"max-width:100%;\"\n                \/>\n            <\/a>\n        <\/div>\n\t\t\t\t\t\t\t<\/div> \n\t\t\t\n\t\t\t\t<div id=\"ngg-image-6\" class=\"ngg-gallery-thumbnail-box \" >\n\t\t\t\t        <div class=\"ngg-gallery-thumbnail\">\n            <a href=\"https:\/\/www.apartments-skarpa.com\/wp-content\/gallery\/slike-apartmana-a4\/dsc_0482.jpg\"\n               title=\"\"\n               data-src=\"https:\/\/www.apartments-skarpa.com\/wp-content\/gallery\/slike-apartmana-a4\/dsc_0482.jpg\"\n               data-thumbnail=\"https:\/\/www.apartments-skarpa.com\/wp-content\/gallery\/slike-apartmana-a4\/thumbs\/thumbs_dsc_0482.jpg\"\n               data-image-id=\"62\"\n               data-title=\"dsc_0482\"\n               data-description=\"\"\n               data-image-slug=\"dsc_0482\"\n               class=\"shutterset_37d35dbb31b6903f2c89f64cb0721ae2\">\n                <img\n                    title=\"dsc_0482\"\n                    alt=\"dsc_0482\"\n                    src=\"https:\/\/www.apartments-skarpa.com\/wp-content\/gallery\/slike-apartmana-a4\/thumbs\/thumbs_dsc_0482.jpg\"\n                    width=\"100\"\n                    height=\"75\"\n                    style=\"max-width:100%;\"\n                \/>\n            <\/a>\n        <\/div>\n\t\t\t\t\t\t\t<\/div> \n\t\t\t\n\t\t\t\t<div id=\"ngg-image-7\" class=\"ngg-gallery-thumbnail-box \" >\n\t\t\t\t        <div class=\"ngg-gallery-thumbnail\">\n            <a href=\"https:\/\/www.apartments-skarpa.com\/wp-content\/gallery\/slike-apartmana-a4\/dsc_0488.jpg\"\n               title=\"\"\n               data-src=\"https:\/\/www.apartments-skarpa.com\/wp-content\/gallery\/slike-apartmana-a4\/dsc_0488.jpg\"\n               data-thumbnail=\"https:\/\/www.apartments-skarpa.com\/wp-content\/gallery\/slike-apartmana-a4\/thumbs\/thumbs_dsc_0488.jpg\"\n               data-image-id=\"68\"\n               data-title=\"dsc_0488\"\n               data-description=\"\"\n               data-image-slug=\"dsc_0488\"\n               class=\"shutterset_37d35dbb31b6903f2c89f64cb0721ae2\">\n                <img\n                    title=\"dsc_0488\"\n                    alt=\"dsc_0488\"\n                    src=\"https:\/\/www.apartments-skarpa.com\/wp-content\/gallery\/slike-apartmana-a4\/thumbs\/thumbs_dsc_0488.jpg\"\n                    width=\"100\"\n                    height=\"75\"\n                    style=\"max-width:100%;\"\n                \/>\n            <\/a>\n        <\/div>\n\t\t\t\t\t\t\t<\/div> \n\t\t\t\n\t\t\t\t<div id=\"ngg-image-8\" class=\"ngg-gallery-thumbnail-box \" >\n\t\t\t\t        <div class=\"ngg-gallery-thumbnail\">\n            <a href=\"https:\/\/www.apartments-skarpa.com\/wp-content\/gallery\/slike-apartmana-a4\/dsc_0485.jpg\"\n               title=\"\"\n               data-src=\"https:\/\/www.apartments-skarpa.com\/wp-content\/gallery\/slike-apartmana-a4\/dsc_0485.jpg\"\n               data-thumbnail=\"https:\/\/www.apartments-skarpa.com\/wp-content\/gallery\/slike-apartmana-a4\/thumbs\/thumbs_dsc_0485.jpg\"\n               data-image-id=\"65\"\n               data-title=\"dsc_0485\"\n               data-description=\"\"\n               data-image-slug=\"dsc_0485\"\n               class=\"shutterset_37d35dbb31b6903f2c89f64cb0721ae2\">\n                <img\n                    title=\"dsc_0485\"\n                    alt=\"dsc_0485\"\n                    src=\"https:\/\/www.apartments-skarpa.com\/wp-content\/gallery\/slike-apartmana-a4\/thumbs\/thumbs_dsc_0485.jpg\"\n                    width=\"100\"\n                    height=\"75\"\n                    style=\"max-width:100%;\"\n                \/>\n            <\/a>\n        <\/div>\n\t\t\t\t\t\t\t<\/div> \n\t\t\t\n\t\t\t\t<div id=\"ngg-image-9\" class=\"ngg-gallery-thumbnail-box \" >\n\t\t\t\t        <div class=\"ngg-gallery-thumbnail\">\n            <a href=\"https:\/\/www.apartments-skarpa.com\/wp-content\/gallery\/slike-apartmana-a4\/dsc_0486.jpg\"\n               title=\"\"\n               data-src=\"https:\/\/www.apartments-skarpa.com\/wp-content\/gallery\/slike-apartmana-a4\/dsc_0486.jpg\"\n               data-thumbnail=\"https:\/\/www.apartments-skarpa.com\/wp-content\/gallery\/slike-apartmana-a4\/thumbs\/thumbs_dsc_0486.jpg\"\n               data-image-id=\"66\"\n               data-title=\"dsc_0486\"\n               data-description=\"\"\n               data-image-slug=\"dsc_0486\"\n               class=\"shutterset_37d35dbb31b6903f2c89f64cb0721ae2\">\n                <img\n                    title=\"dsc_0486\"\n                    alt=\"dsc_0486\"\n                    src=\"https:\/\/www.apartments-skarpa.com\/wp-content\/gallery\/slike-apartmana-a4\/thumbs\/thumbs_dsc_0486.jpg\"\n                    width=\"100\"\n                    height=\"75\"\n                    style=\"max-width:100%;\"\n                \/>\n            <\/a>\n        <\/div>\n\t\t\t\t\t\t\t<\/div> \n\t\t\t\n\t\t\t\t<div id=\"ngg-image-10\" class=\"ngg-gallery-thumbnail-box \" >\n\t\t\t\t        <div class=\"ngg-gallery-thumbnail\">\n            <a href=\"https:\/\/www.apartments-skarpa.com\/wp-content\/gallery\/slike-apartmana-a4\/dsc_0475.jpg\"\n               title=\"\"\n               data-src=\"https:\/\/www.apartments-skarpa.com\/wp-content\/gallery\/slike-apartmana-a4\/dsc_0475.jpg\"\n               data-thumbnail=\"https:\/\/www.apartments-skarpa.com\/wp-content\/gallery\/slike-apartmana-a4\/thumbs\/thumbs_dsc_0475.jpg\"\n               data-image-id=\"55\"\n               data-title=\"dsc_0475\"\n               data-description=\"\"\n               data-image-slug=\"dsc_0475\"\n               class=\"shutterset_37d35dbb31b6903f2c89f64cb0721ae2\">\n                <img\n                    title=\"dsc_0475\"\n                    alt=\"dsc_0475\"\n                    src=\"https:\/\/www.apartments-skarpa.com\/wp-content\/gallery\/slike-apartmana-a4\/thumbs\/thumbs_dsc_0475.jpg\"\n                    width=\"100\"\n                    height=\"75\"\n                    style=\"max-width:100%;\"\n                \/>\n            <\/a>\n        <\/div>\n\t\t\t\t\t\t\t<\/div> \n\t\t\t\n\t\t\t\t<div id=\"ngg-image-11\" class=\"ngg-gallery-thumbnail-box \" >\n\t\t\t\t        <div class=\"ngg-gallery-thumbnail\">\n            <a href=\"https:\/\/www.apartments-skarpa.com\/wp-content\/gallery\/slike-apartmana-a4\/dsc_0480.jpg\"\n               title=\"\"\n               data-src=\"https:\/\/www.apartments-skarpa.com\/wp-content\/gallery\/slike-apartmana-a4\/dsc_0480.jpg\"\n               data-thumbnail=\"https:\/\/www.apartments-skarpa.com\/wp-content\/gallery\/slike-apartmana-a4\/thumbs\/thumbs_dsc_0480.jpg\"\n               data-image-id=\"60\"\n               data-title=\"dsc_0480\"\n               data-description=\"\"\n               data-image-slug=\"dsc_0480\"\n               class=\"shutterset_37d35dbb31b6903f2c89f64cb0721ae2\">\n                <img\n                    title=\"dsc_0480\"\n                    alt=\"dsc_0480\"\n                    src=\"https:\/\/www.apartments-skarpa.com\/wp-content\/gallery\/slike-apartmana-a4\/thumbs\/thumbs_dsc_0480.jpg\"\n                    width=\"100\"\n                    height=\"75\"\n                    style=\"max-width:100%;\"\n                \/>\n            <\/a>\n        <\/div>\n\t\t\t\t\t\t\t<\/div> \n\t\t\t\n\t\t\t\t<div id=\"ngg-image-12\" class=\"ngg-gallery-thumbnail-box \" >\n\t\t\t\t        <div class=\"ngg-gallery-thumbnail\">\n            <a href=\"https:\/\/www.apartments-skarpa.com\/wp-content\/gallery\/slike-apartmana-a4\/dsc_0474.jpg\"\n               title=\"\"\n               data-src=\"https:\/\/www.apartments-skarpa.com\/wp-content\/gallery\/slike-apartmana-a4\/dsc_0474.jpg\"\n               data-thumbnail=\"https:\/\/www.apartments-skarpa.com\/wp-content\/gallery\/slike-apartmana-a4\/thumbs\/thumbs_dsc_0474.jpg\"\n               data-image-id=\"54\"\n               data-title=\"dsc_0474\"\n               data-description=\"\"\n               data-image-slug=\"dsc_0474\"\n               class=\"shutterset_37d35dbb31b6903f2c89f64cb0721ae2\">\n                <img\n                    title=\"dsc_0474\"\n                    alt=\"dsc_0474\"\n                    src=\"https:\/\/www.apartments-skarpa.com\/wp-content\/gallery\/slike-apartmana-a4\/thumbs\/thumbs_dsc_0474.jpg\"\n                    width=\"100\"\n                    height=\"75\"\n                    style=\"max-width:100%;\"\n                \/>\n            <\/a>\n        <\/div>\n\t\t\t\t\t\t\t<\/div> \n\t\t\t\n\t\t\t\t<div id=\"ngg-image-13\" class=\"ngg-gallery-thumbnail-box \" >\n\t\t\t\t        <div class=\"ngg-gallery-thumbnail\">\n            <a href=\"https:\/\/www.apartments-skarpa.com\/wp-content\/gallery\/slike-apartmana-a4\/dsc_0479.jpg\"\n               title=\"\"\n               data-src=\"https:\/\/www.apartments-skarpa.com\/wp-content\/gallery\/slike-apartmana-a4\/dsc_0479.jpg\"\n               data-thumbnail=\"https:\/\/www.apartments-skarpa.com\/wp-content\/gallery\/slike-apartmana-a4\/thumbs\/thumbs_dsc_0479.jpg\"\n               data-image-id=\"59\"\n               data-title=\"dsc_0479\"\n               data-description=\"\"\n               data-image-slug=\"dsc_0479\"\n               class=\"shutterset_37d35dbb31b6903f2c89f64cb0721ae2\">\n                <img\n                    title=\"dsc_0479\"\n                    alt=\"dsc_0479\"\n                    src=\"https:\/\/www.apartments-skarpa.com\/wp-content\/gallery\/slike-apartmana-a4\/thumbs\/thumbs_dsc_0479.jpg\"\n                    width=\"100\"\n                    height=\"75\"\n                    style=\"max-width:100%;\"\n                \/>\n            <\/a>\n        <\/div>\n\t\t\t\t\t\t\t<\/div> \n\t\t\t\n\t\t\t\t<div id=\"ngg-image-14\" class=\"ngg-gallery-thumbnail-box \" >\n\t\t\t\t        <div class=\"ngg-gallery-thumbnail\">\n            <a href=\"https:\/\/www.apartments-skarpa.com\/wp-content\/gallery\/slike-apartmana-a4\/dsc_0470.jpg\"\n               title=\"\"\n               data-src=\"https:\/\/www.apartments-skarpa.com\/wp-content\/gallery\/slike-apartmana-a4\/dsc_0470.jpg\"\n               data-thumbnail=\"https:\/\/www.apartments-skarpa.com\/wp-content\/gallery\/slike-apartmana-a4\/thumbs\/thumbs_dsc_0470.jpg\"\n               data-image-id=\"50\"\n               data-title=\"dsc_0470\"\n               data-description=\"\"\n               data-image-slug=\"dsc_0470\"\n               class=\"shutterset_37d35dbb31b6903f2c89f64cb0721ae2\">\n                <img\n                    title=\"dsc_0470\"\n                    alt=\"dsc_0470\"\n                    src=\"https:\/\/www.apartments-skarpa.com\/wp-content\/gallery\/slike-apartmana-a4\/thumbs\/thumbs_dsc_0470.jpg\"\n                    width=\"100\"\n                    height=\"75\"\n                    style=\"max-width:100%;\"\n                \/>\n            <\/a>\n        <\/div>\n\t\t\t\t\t\t\t<\/div> \n\t\t\t\n\t\t\t\t<div id=\"ngg-image-15\" class=\"ngg-gallery-thumbnail-box \" >\n\t\t\t\t        <div class=\"ngg-gallery-thumbnail\">\n            <a href=\"https:\/\/www.apartments-skarpa.com\/wp-content\/gallery\/slike-apartmana-a4\/dsc_0478.jpg\"\n               title=\"\"\n               data-src=\"https:\/\/www.apartments-skarpa.com\/wp-content\/gallery\/slike-apartmana-a4\/dsc_0478.jpg\"\n               data-thumbnail=\"https:\/\/www.apartments-skarpa.com\/wp-content\/gallery\/slike-apartmana-a4\/thumbs\/thumbs_dsc_0478.jpg\"\n               data-image-id=\"58\"\n               data-title=\"dsc_0478\"\n               data-description=\"\"\n               data-image-slug=\"dsc_0478\"\n               class=\"shutterset_37d35dbb31b6903f2c89f64cb0721ae2\">\n                <img\n                    title=\"dsc_0478\"\n                    alt=\"dsc_0478\"\n                    src=\"https:\/\/www.apartments-skarpa.com\/wp-content\/gallery\/slike-apartmana-a4\/thumbs\/thumbs_dsc_0478.jpg\"\n                    width=\"100\"\n                    height=\"75\"\n                    style=\"max-width:100%;\"\n                \/>\n            <\/a>\n        <\/div>\n\t\t\t\t\t\t\t<\/div> \n\t\t\t\n\t\n\t<br style=\"clear: both\" \/>\n\n\t\n\t\t<!-- Pagination -->\n\t<div class='ngg-clear'><\/div>\t<\/div>\n\n","protected":false},"excerpt":{"rendered":"<p>Typ A3+2 Kategorie&nbsp; Celkov\u00fd po\u010det l\u016f\u017eek v pokoji 3 Po\u010det l\u016f\u017eek pro jednu osobu 1 Po\u010det man\u017eelsk\u00fdch postel\u00ed 1 Velikost pokoje je 12 m2 P\u0159\u00edzem\u00ed Po\u010det koupelen se sprchov\u00fdm koutem : 1 Venkovn\u00ed sprcha Po\u010det samostatn\u00fdch z\u00e1chod\u016f s umyvadlem : 1 Kuchy\u0148 je zvl\u00e1\u0161tn\u00ed m\u00edstnost Po\u010det p\u0159ist\u00fdlek (v ob\u00fdv\u00e1ku, j\u00eddeln\u011b,&#8230;<\/p>\n","protected":false},"author":1,"featured_media":0,"parent":0,"menu_order":3,"comment_status":"closed","ping_status":"open","template":"","meta":{"ngg_post_thumbnail":0,"footnotes":""},"class_list":["post-234","page","type-page","status-publish","hentry"],"translation":{"provider":"WPGlobus","version":"2.10.4","language":"cs","enabled_languages":["en","de","hr","hu","cs"],"languages":{"en":{"title":true,"content":true,"excerpt":false},"de":{"title":true,"content":true,"excerpt":false},"hr":{"title":true,"content":true,"excerpt":false},"hu":{"title":true,"content":true,"excerpt":false},"cs":{"title":true,"content":true,"excerpt":false}}},"_links":{"self":[{"href":"https:\/\/www.apartments-skarpa.com\/cs\/wp-json\/wp\/v2\/pages\/234","targetHints":{"allow":["GET"]}}],"collection":[{"href":"https:\/\/www.apartments-skarpa.com\/cs\/wp-json\/wp\/v2\/pages"}],"about":[{"href":"https:\/\/www.apartments-skarpa.com\/cs\/wp-json\/wp\/v2\/types\/page"}],"author":[{"embeddable":true,"href":"https:\/\/www.apartments-skarpa.com\/cs\/wp-json\/wp\/v2\/users\/1"}],"replies":[{"embeddable":true,"href":"https:\/\/www.apartments-skarpa.com\/cs\/wp-json\/wp\/v2\/comments?post=234"}],"version-history":[{"count":10,"href":"https:\/\/www.apartments-skarpa.com\/cs\/wp-json\/wp\/v2\/pages\/234\/revisions"}],"predecessor-version":[{"id":882,"href":"https:\/\/www.apartments-skarpa.com\/cs\/wp-json\/wp\/v2\/pages\/234\/revisions\/882"}],"wp:attachment":[{"href":"https:\/\/www.apartments-skarpa.com\/cs\/wp-json\/wp\/v2\/media?parent=234"}],"curies":[{"name":"wp","href":"https:\/\/api.w.org\/{rel}","templated":true}]}}