{"id":61,"date":"2012-12-11T21:02:45","date_gmt":"2012-12-11T21:02:45","guid":{"rendered":"http:\/\/www.apartments-skarpa.com\/?page_id=61"},"modified":"2022-10-01T10:59:20","modified_gmt":"2022-10-01T10:59:20","slug":"reservations","status":"publish","type":"page","link":"https:\/\/www.apartments-skarpa.com\/cs\/reservations\/","title":{"rendered":"Rezervace"},"content":{"rendered":"\n<div class=\"wp-block-contact-form-7-contact-form-selector\"><div role=\"form\" class=\"wpcf7\" id=\"wpcf7-f248-o1\" lang=\"en-US\" dir=\"ltr\">\n<div class=\"screen-reader-response\"><p role=\"status\" aria-live=\"polite\" aria-atomic=\"true\"><\/p> <ul><\/ul><\/div>\n<form action=\"\/cs\/wp-json\/wp\/v2\/pages\/61#wpcf7-f248-o1\" method=\"post\" class=\"wpcf7-form init\" novalidate=\"novalidate\" data-status=\"init\">\n<div style=\"display: none;\">\n<input type=\"hidden\" name=\"_wpcf7\" value=\"248\" \/>\n<input type=\"hidden\" name=\"_wpcf7_version\" value=\"5.6.3\" \/>\n<input type=\"hidden\" name=\"_wpcf7_locale\" value=\"en_US\" \/>\n<input type=\"hidden\" name=\"_wpcf7_unit_tag\" value=\"wpcf7-f248-o1\" \/>\n<input type=\"hidden\" name=\"_wpcf7_container_post\" value=\"0\" \/>\n<input type=\"hidden\" name=\"_wpcf7_posted_data_hash\" value=\"\" \/>\n<\/div>\n<p><strong>Osobn\u00ed informace:<\/strong><\/p>\n<p>Jm\u00e9no a p\u0159\u00edjmen\u00ed (*)<br \/>\n    <span class=\"wpcf7-form-control-wrap\" data-name=\"cf-name\"><input type=\"text\" name=\"cf-name\" value=\"\" size=\"40\" class=\"wpcf7-form-control wpcf7-text wpcf7-validates-as-required\" aria-required=\"true\" aria-invalid=\"false\" \/><\/span> <\/p>\n<p>E-mail (*)<br \/>\n    <span class=\"wpcf7-form-control-wrap\" data-name=\"cf-email\"><input type=\"email\" name=\"cf-email\" value=\"\" size=\"40\" class=\"wpcf7-form-control wpcf7-text wpcf7-email wpcf7-validates-as-required wpcf7-validates-as-email\" aria-required=\"true\" aria-invalid=\"false\" \/><\/span> <\/p>\n<p>Adresa:<br \/>\n    <span class=\"wpcf7-form-control-wrap\" data-name=\"cf-address\"><input type=\"text\" name=\"cf-address\" value=\"\" size=\"40\" class=\"wpcf7-form-control wpcf7-text\" aria-invalid=\"false\" \/><\/span> <\/p>\n<p>M\u011bsto:<br \/>\n    <span class=\"wpcf7-form-control-wrap\" data-name=\"cf-city\"><input type=\"text\" name=\"cf-city\" value=\"\" size=\"40\" class=\"wpcf7-form-control wpcf7-text\" aria-invalid=\"false\" \/><\/span> <\/p>\n<p>St\u00e1t (*):<br \/>\n    <span class=\"wpcf7-form-control-wrap\" data-name=\"cf-country\"><input type=\"text\" name=\"cf-country\" value=\"\" size=\"40\" class=\"wpcf7-form-control wpcf7-text wpcf7-validates-as-required\" aria-required=\"true\" aria-invalid=\"false\" \/><\/span> <\/p>\n<p>Tel.:<br \/>\n    <span class=\"wpcf7-form-control-wrap\" data-name=\"cf-phone\"><input type=\"text\" name=\"cf-phone\" value=\"\" size=\"40\" class=\"wpcf7-form-control wpcf7-text\" aria-invalid=\"false\" \/><\/span> <\/p>\n<p>Fax:<br \/>\n    <span class=\"wpcf7-form-control-wrap\" data-name=\"cf-fax\"><input type=\"text\" name=\"cf-fax\" value=\"\" size=\"40\" class=\"wpcf7-form-control wpcf7-text\" aria-invalid=\"false\" \/><\/span> <\/p>\n<p>\nDatum p\u0159\u00edjezdu:<br \/>\n<span class=\"wpcf7-form-control-wrap\" data-name=\"arr-day\"><select name=\"arr-day\" class=\"wpcf7-form-control wpcf7-select wpcf7-validates-as-required\" aria-required=\"true\" aria-invalid=\"false\"><option value=\"01\">01<\/option><option value=\"02\">02<\/option><option value=\"03\">03<\/option><option value=\"04\">04<\/option><option value=\"05\">05<\/option><option value=\"06\">06<\/option><option value=\"07\">07<\/option><option value=\"08\">08<\/option><option value=\"09\">09<\/option><option value=\"10\">10<\/option><option value=\"11\">11<\/option><option value=\"12\">12<\/option><option value=\"13\">13<\/option><option value=\"14\">14<\/option><option value=\"15\">15<\/option><option value=\"16\">16<\/option><option value=\"17\">17<\/option><option value=\"18\">18<\/option><option value=\"19\">19<\/option><option value=\"20\">20<\/option><option value=\"21\">21<\/option><option value=\"22\">22<\/option><option value=\"23\">23<\/option><option value=\"24\">24<\/option><option value=\"25\">25<\/option><option value=\"26\">26<\/option><option value=\"27\">27<\/option><option value=\"28\">28<\/option><option value=\"29\">29<\/option><option value=\"30\">30<\/option><option value=\"31\">31<\/option><\/select><\/span> <span class=\"wpcf7-form-control-wrap\" data-name=\"arr-month\"><select name=\"arr-month\" class=\"wpcf7-form-control wpcf7-select wpcf7-validates-as-required\" aria-required=\"true\" aria-invalid=\"false\"><option value=\"January\">January<\/option><option value=\"February\">February<\/option><option value=\"March\">March<\/option><option value=\"April\">April<\/option><option value=\"May\">May<\/option><option value=\"June\">June<\/option><option value=\"July\">July<\/option><option value=\"August\">August<\/option><option value=\"September\">September<\/option><option value=\"October\">October<\/option><option value=\"November\">November<\/option><option value=\"December\">December<\/option><\/select><\/span> <span class=\"wpcf7-form-control-wrap\" data-name=\"arr-year\"><select name=\"arr-year\" class=\"wpcf7-form-control wpcf7-select wpcf7-validates-as-required\" aria-required=\"true\" aria-invalid=\"false\"><option value=\"2022\">2022<\/option><option value=\"2023\">2023<\/option><option value=\"2024\">2024<\/option><option value=\"2025\">2025<\/option><option value=\"2026\">2026<\/option><option value=\"2027\">2027<\/option><option value=\"2028\">2028<\/option><option value=\"2029\">2029<\/option><\/select><\/span>\n<\/p>\n<p>\nDatum odjezdu:<br \/>\n<span class=\"wpcf7-form-control-wrap\" data-name=\"dep-day\"><select name=\"dep-day\" class=\"wpcf7-form-control wpcf7-select wpcf7-validates-as-required\" aria-required=\"true\" aria-invalid=\"false\"><option value=\"01\">01<\/option><option value=\"02\">02<\/option><option value=\"03\">03<\/option><option value=\"04\">04<\/option><option value=\"05\">05<\/option><option value=\"06\">06<\/option><option value=\"07\">07<\/option><option value=\"08\">08<\/option><option value=\"09\">09<\/option><option value=\"10\">10<\/option><option value=\"11\">11<\/option><option value=\"12\">12<\/option><option value=\"13\">13<\/option><option value=\"14\">14<\/option><option value=\"15\">15<\/option><option value=\"16\">16<\/option><option value=\"17\">17<\/option><option value=\"18\">18<\/option><option value=\"19\">19<\/option><option value=\"20\">20<\/option><option value=\"21\">21<\/option><option value=\"22\">22<\/option><option value=\"23\">23<\/option><option value=\"24\">24<\/option><option value=\"25\">25<\/option><option value=\"26\">26<\/option><option value=\"27\">27<\/option><option value=\"28\">28<\/option><option value=\"29\">29<\/option><option value=\"30\">30<\/option><option value=\"31\">31<\/option><\/select><\/span> <span class=\"wpcf7-form-control-wrap\" data-name=\"dep-month\"><select name=\"dep-month\" class=\"wpcf7-form-control wpcf7-select wpcf7-validates-as-required\" aria-required=\"true\" aria-invalid=\"false\"><option value=\"January\">January<\/option><option value=\"February\">February<\/option><option value=\"March\">March<\/option><option value=\"April\">April<\/option><option value=\"May\">May<\/option><option value=\"June\">June<\/option><option value=\"July\">July<\/option><option value=\"August\">August<\/option><option value=\"September\">September<\/option><option value=\"October\">October<\/option><option value=\"November\">November<\/option><option value=\"December\">December<\/option><\/select><\/span> <span class=\"wpcf7-form-control-wrap\" data-name=\"dep-year\"><select name=\"dep-year\" class=\"wpcf7-form-control wpcf7-select wpcf7-validates-as-required\" aria-required=\"true\" aria-invalid=\"false\"><option value=\"2022\">2022<\/option><option value=\"2023\">2023<\/option><option value=\"2024\">2024<\/option><option value=\"2025\">2025<\/option><option value=\"2026\">2026<\/option><option value=\"2027\">2027<\/option><option value=\"2028\">2028<\/option><option value=\"2029\">2029<\/option><\/select><\/span>\n<\/p>\n<p>Po\u010det osob (*):<br \/>\n    <span class=\"wpcf7-form-control-wrap\" data-name=\"cf-persons\"><input type=\"text\" name=\"cf-persons\" value=\"\" size=\"40\" class=\"wpcf7-form-control wpcf7-text wpcf7-validates-as-required\" aria-required=\"true\" aria-invalid=\"false\" \/><\/span> <\/p>\n<p>V\u00e1\u0161 vzkaz:<br \/>\n    <span class=\"wpcf7-form-control-wrap\" data-name=\"cf-extra\"><textarea name=\"cf-extra\" cols=\"40\" rows=\"10\" class=\"wpcf7-form-control wpcf7-textarea\" aria-invalid=\"false\"><\/textarea><\/span> <\/p>\n<p><input type=\"submit\" value=\"Po\u0161li\" class=\"wpcf7-form-control has-spinner wpcf7-submit\" \/><\/p>\n<div class=\"wpcf7-response-output\" aria-hidden=\"true\"><\/div><\/form><\/div><\/div>\n","protected":false},"excerpt":{"rendered":"","protected":false},"author":1,"featured_media":0,"parent":0,"menu_order":5,"comment_status":"closed","ping_status":"open","template":"","meta":{"ngg_post_thumbnail":0,"footnotes":""},"class_list":["post-61","page","type-page","status-publish","hentry"],"translation":{"provider":"WPGlobus","version":"2.10.4","language":"cs","enabled_languages":["en","de","hr","hu","cs"],"languages":{"en":{"title":true,"content":true,"excerpt":false},"de":{"title":true,"content":true,"excerpt":false},"hr":{"title":true,"content":true,"excerpt":false},"hu":{"title":true,"content":true,"excerpt":false},"cs":{"title":true,"content":true,"excerpt":false}}},"_links":{"self":[{"href":"https:\/\/www.apartments-skarpa.com\/cs\/wp-json\/wp\/v2\/pages\/61","targetHints":{"allow":["GET"]}}],"collection":[{"href":"https:\/\/www.apartments-skarpa.com\/cs\/wp-json\/wp\/v2\/pages"}],"about":[{"href":"https:\/\/www.apartments-skarpa.com\/cs\/wp-json\/wp\/v2\/types\/page"}],"author":[{"embeddable":true,"href":"https:\/\/www.apartments-skarpa.com\/cs\/wp-json\/wp\/v2\/users\/1"}],"replies":[{"embeddable":true,"href":"https:\/\/www.apartments-skarpa.com\/cs\/wp-json\/wp\/v2\/comments?post=61"}],"version-history":[{"count":10,"href":"https:\/\/www.apartments-skarpa.com\/cs\/wp-json\/wp\/v2\/pages\/61\/revisions"}],"predecessor-version":[{"id":937,"href":"https:\/\/www.apartments-skarpa.com\/cs\/wp-json\/wp\/v2\/pages\/61\/revisions\/937"}],"wp:attachment":[{"href":"https:\/\/www.apartments-skarpa.com\/cs\/wp-json\/wp\/v2\/media?parent=61"}],"curies":[{"name":"wp","href":"https:\/\/api.w.org\/{rel}","templated":true}]}}