{"id":16,"date":"2012-12-10T22:14:17","date_gmt":"2012-12-10T22:14:17","guid":{"rendered":"http:\/\/www.apartments-skarpa.com\/?page_id=16"},"modified":"2022-10-01T10:31:00","modified_gmt":"2022-10-01T10:31:00","slug":"rogoznica","status":"publish","type":"page","link":"https:\/\/www.apartments-skarpa.com\/de\/","title":{"rendered":"Rogoznica"},"content":{"rendered":"<!-- default-view.php -->\n<div\n\tclass=\"ngg-galleryoverview default-view  ngg-ajax-pagination-none\"\n\tid=\"ngg-gallery-179151cbae2382da2b04b1a5cd65f585-1\">\n\n\t\t<!-- Thumbnails -->\n\t\t\t\t<div id=\"ngg-image-0\" class=\"ngg-gallery-thumbnail-box \" >\n\t\t\t\t        <div class=\"ngg-gallery-thumbnail\">\n            <a href=\"https:\/\/www.apartments-skarpa.com\/wp-content\/gallery\/rogoznica\/rogoznica_1.jpg\"\n               title=\"\"\n               data-src=\"https:\/\/www.apartments-skarpa.com\/wp-content\/gallery\/rogoznica\/rogoznica_1.jpg\"\n               data-thumbnail=\"https:\/\/www.apartments-skarpa.com\/wp-content\/gallery\/rogoznica\/thumbs\/thumbs_rogoznica_1.jpg\"\n               data-image-id=\"32\"\n               data-title=\"rogoznica_1\"\n               data-description=\"\"\n               data-image-slug=\"rogoznica_1\"\n               class=\"shutterset_179151cbae2382da2b04b1a5cd65f585\">\n                <img\n                    title=\"rogoznica_1\"\n                    alt=\"rogoznica_1\"\n                    src=\"https:\/\/www.apartments-skarpa.com\/wp-content\/gallery\/rogoznica\/thumbs\/thumbs_rogoznica_1.jpg\"\n                    width=\"100\"\n                    height=\"75\"\n                    style=\"max-width:100%;\"\n                \/>\n            <\/a>\n        <\/div>\n\t\t\t\t\t\t\t<\/div> \n\t\t\t\n\t\t\t\t<div id=\"ngg-image-1\" class=\"ngg-gallery-thumbnail-box \" >\n\t\t\t\t        <div class=\"ngg-gallery-thumbnail\">\n            <a href=\"https:\/\/www.apartments-skarpa.com\/wp-content\/gallery\/rogoznica\/rogoznica_2.jpg\"\n               title=\"\"\n               data-src=\"https:\/\/www.apartments-skarpa.com\/wp-content\/gallery\/rogoznica\/rogoznica_2.jpg\"\n               data-thumbnail=\"https:\/\/www.apartments-skarpa.com\/wp-content\/gallery\/rogoznica\/thumbs\/thumbs_rogoznica_2.jpg\"\n               data-image-id=\"33\"\n               data-title=\"rogoznica_2\"\n               data-description=\"\"\n               data-image-slug=\"rogoznica_2\"\n               class=\"shutterset_179151cbae2382da2b04b1a5cd65f585\">\n                <img\n                    title=\"rogoznica_2\"\n                    alt=\"rogoznica_2\"\n                    src=\"https:\/\/www.apartments-skarpa.com\/wp-content\/gallery\/rogoznica\/thumbs\/thumbs_rogoznica_2.jpg\"\n                    width=\"100\"\n                    height=\"75\"\n                    style=\"max-width:100%;\"\n                \/>\n            <\/a>\n        <\/div>\n\t\t\t\t\t\t\t<\/div> \n\t\t\t\n\t\t\t\t<div id=\"ngg-image-2\" class=\"ngg-gallery-thumbnail-box \" >\n\t\t\t\t        <div class=\"ngg-gallery-thumbnail\">\n            <a href=\"https:\/\/www.apartments-skarpa.com\/wp-content\/gallery\/rogoznica\/rogoznica_3.jpg\"\n               title=\"\"\n               data-src=\"https:\/\/www.apartments-skarpa.com\/wp-content\/gallery\/rogoznica\/rogoznica_3.jpg\"\n               data-thumbnail=\"https:\/\/www.apartments-skarpa.com\/wp-content\/gallery\/rogoznica\/thumbs\/thumbs_rogoznica_3.jpg\"\n               data-image-id=\"34\"\n               data-title=\"rogoznica_3\"\n               data-description=\"\"\n               data-image-slug=\"rogoznica_3\"\n               class=\"shutterset_179151cbae2382da2b04b1a5cd65f585\">\n                <img\n                    title=\"rogoznica_3\"\n                    alt=\"rogoznica_3\"\n                    src=\"https:\/\/www.apartments-skarpa.com\/wp-content\/gallery\/rogoznica\/thumbs\/thumbs_rogoznica_3.jpg\"\n                    width=\"100\"\n                    height=\"75\"\n                    style=\"max-width:100%;\"\n                \/>\n            <\/a>\n        <\/div>\n\t\t\t\t\t\t\t<\/div> \n\t\t\t\n\t\n\t<br style=\"clear: both\" \/>\n\n\t\n\t\t<!-- Pagination -->\n\t<div class='ngg-clear'><\/div>\t<\/div>\n\n\n\n\n<p>About Rogoznica: <a href=\"https:\/\/youtu.be\/JTYqTMRx5zM\">https:\/\/youtu.be\/JTYqTMRx5zM<\/a><\/p>\n\n\n\n<p>Der kleine, ruhige, mediterrane Ort Rogoznica befindet sich in einer lang gestreckten Bucht in der N\u00e4he von Primosten und 25 km s\u00fcdlich von Sibenik. In Rogoznica gibt es nur eine Post, eine Arztpraxis und ein Gesch\u00e4ft. Oft verkaufen die Einwohner frische Fische. Rogoznica ist ein beliebter Ort f\u00fcr einen erholsamen Urlaub mit Familie und Freunden. Viele Nautiker kommen gern nach Rogoznica, weil der Yachthafen Frapa nicht nur einer der sch\u00f6nsten, sondern auch einer der sichersten Yachth\u00e4fen in diesem Teil der Adria ist. Die Sand- und Felsstr\u00e4nde sind vom Kieferwald umgeben. In nahe gelegenen kleineren Buchten kann man ungest\u00f6rt baden. Feste, die in Rogoznica stattfinden, wie z. B. Ribarska noc (die Fischernacht) und Noc Rogoznice (die Nacht von Rogoznica) locken zahlreiche Besucher an. In Rogoznica stehen Ihnen sowohl Wassersportanlagen als auch andere Sportanlagen zur Verf\u00fcgung.<\/p>\n\n\n\n<p><strong>Wir schlagen Ihnen vor, folgendes zu besichtigen:<\/strong>&nbsp;die Pfarrkirche aus dem Jahr 1615 \/ franz\u00f6sische Befestigung aus dem Jahr 1809 auf dem H\u00fcgel oberhalb von Rogoznica \/ mittelalterliche Kirchen in der N\u00e4he von Rogoznica &#8211; Beispiele der mittelalterlichen dalmatinischen Architektur<\/p>\n\n\n\n<p><strong>Wie gelangen Sie dorthin?<\/strong>&nbsp;25 s\u00fcdlich von Sibenik in Richtung Split auf der lokalen Stra\u00dfe, die 5 km nach Primosten von der Magistrale abzweigt<\/p>\n\n\n\n<p><strong>Wussten Sie schon, dass man sich in Rogoznica mit Fechten besch\u00e4ftigen kann?<\/strong>&nbsp;\/ dass es in Rogoznica seit dem Jahr 1987 eine Fechterschule und ein internationales Trainingskamp f\u00fcr Fechter gibt? \/ dass es in der N\u00e4he von Rogoznica der Zmajevo See befindet, der ein Naturph\u00e4nomen wegen des periodischen Steigens (Flut) und Fallens (Ebbe) des Wassers ist?<\/p>\n\n\n\n<p>Aus den Ferienwohnungen &#8220;Skarpa&#8221; k\u00f6nnen Sie <a href=\"http:\/\/www.kroatien-ferienwohnungen-urlaub.de\/primosten_kroatien.htm\">Primosten<\/a> besuchen oder auf einen Tagesausflug nach <a href=\"http:\/\/www.trogir-ciovo.eu\/de\/trogir.html\">Trogir<\/a> machen. Falls Sie Zeit auf dem Meer verbringen m\u00f6chten, k\u00f6nnen Sie die <a href=\"http:\/\/www.kroatien-segeln-yachtcharter.de\/marina-frapa.html\">Marina Frapa<\/a> besuchen.<\/p>\n\n\n\n\t\t<style type=\"text\/css\">\n\t\t\t#gallery-1 {\n\t\t\t\tmargin: auto;\n\t\t\t}\n\t\t\t#gallery-1 .gallery-item {\n\t\t\t\tfloat: left;\n\t\t\t\tmargin-top: 10px;\n\t\t\t\ttext-align: center;\n\t\t\t\twidth: 100%;\n\t\t\t}\n\t\t\t#gallery-1 img {\n\t\t\t\tborder: 2px solid #cfcfcf;\n\t\t\t}\n\t\t\t#gallery-1 .gallery-caption {\n\t\t\t\tmargin-left: 0;\n\t\t\t}\n\t\t\t\/* see gallery_shortcode() in wp-includes\/media.php *\/\n\t\t<\/style>\n\t\t<div id='gallery-1' class='gallery galleryid-16 gallery-columns-1 gallery-size-full'><dl class='gallery-item'>\n\t\t\t<dt class='gallery-icon landscape'>\n\t\t\t\t<a rel=\"prettyPhoto[slides]\" href='https:\/\/www.apartments-skarpa.com\/de\/hr_part\/'><img loading=\"lazy\" decoding=\"async\" width=\"367\" height=\"300\" src=\"https:\/\/www.apartments-skarpa.com\/wp-content\/uploads\/2012\/12\/hr_part.jpg\" class=\"attachment-full size-full\" alt=\"\" srcset=\"https:\/\/www.apartments-skarpa.com\/wp-content\/uploads\/2012\/12\/hr_part.jpg 367w, https:\/\/www.apartments-skarpa.com\/wp-content\/uploads\/2012\/12\/hr_part-300x245.jpg 300w\" sizes=\"auto, (max-width: 367px) 100vw, 367px\" \/><\/a>\n\t\t\t<\/dt><\/dl><br style=\"clear: both\" \/>\n\t\t<\/div>\n\n","protected":false},"excerpt":{"rendered":"<p>About Rogoznica: https:\/\/youtu.be\/JTYqTMRx5zM Der kleine, ruhige, mediterrane Ort Rogoznica befindet sich in einer lang gestreckten Bucht in der N\u00e4he von Primosten und 25 km s\u00fcdlich von Sibenik. In Rogoznica gibt es nur eine Post, eine Arztpraxis und ein Gesch\u00e4ft. Oft verkaufen die Einwohner frische Fische. Rogoznica ist ein beliebter Ort&#8230;<\/p>\n","protected":false},"author":1,"featured_media":0,"parent":0,"menu_order":1,"comment_status":"closed","ping_status":"closed","template":"","meta":{"ngg_post_thumbnail":0,"footnotes":""},"class_list":["post-16","page","type-page","status-publish","hentry"],"translation":{"provider":"WPGlobus","version":"2.10.4","language":"de","enabled_languages":["en","de","hr","hu","cs"],"languages":{"en":{"title":true,"content":true,"excerpt":false},"de":{"title":true,"content":true,"excerpt":false},"hr":{"title":true,"content":true,"excerpt":false},"hu":{"title":true,"content":true,"excerpt":false},"cs":{"title":true,"content":true,"excerpt":false}}},"_links":{"self":[{"href":"https:\/\/www.apartments-skarpa.com\/de\/wp-json\/wp\/v2\/pages\/16","targetHints":{"allow":["GET"]}}],"collection":[{"href":"https:\/\/www.apartments-skarpa.com\/de\/wp-json\/wp\/v2\/pages"}],"about":[{"href":"https:\/\/www.apartments-skarpa.com\/de\/wp-json\/wp\/v2\/types\/page"}],"author":[{"embeddable":true,"href":"https:\/\/www.apartments-skarpa.com\/de\/wp-json\/wp\/v2\/users\/1"}],"replies":[{"embeddable":true,"href":"https:\/\/www.apartments-skarpa.com\/de\/wp-json\/wp\/v2\/comments?post=16"}],"version-history":[{"count":31,"href":"https:\/\/www.apartments-skarpa.com\/de\/wp-json\/wp\/v2\/pages\/16\/revisions"}],"predecessor-version":[{"id":905,"href":"https:\/\/www.apartments-skarpa.com\/de\/wp-json\/wp\/v2\/pages\/16\/revisions\/905"}],"wp:attachment":[{"href":"https:\/\/www.apartments-skarpa.com\/de\/wp-json\/wp\/v2\/media?parent=16"}],"curies":[{"name":"wp","href":"https:\/\/api.w.org\/{rel}","templated":true}]}}