{"id":16,"date":"2012-12-10T22:14:17","date_gmt":"2012-12-10T22:14:17","guid":{"rendered":"http:\/\/www.apartments-skarpa.com\/?page_id=16"},"modified":"2022-10-01T10:31:00","modified_gmt":"2022-10-01T10:31:00","slug":"rogoznica","status":"publish","type":"page","link":"https:\/\/www.apartments-skarpa.com\/hr\/","title":{"rendered":"Rogoznica"},"content":{"rendered":"<!-- default-view.php -->\n<div\n\tclass=\"ngg-galleryoverview default-view  ngg-ajax-pagination-none\"\n\tid=\"ngg-gallery-179151cbae2382da2b04b1a5cd65f585-1\">\n\n\t\t<!-- Thumbnails -->\n\t\t\t\t<div id=\"ngg-image-0\" class=\"ngg-gallery-thumbnail-box \" >\n\t\t\t\t        <div class=\"ngg-gallery-thumbnail\">\n            <a href=\"https:\/\/www.apartments-skarpa.com\/wp-content\/gallery\/rogoznica\/rogoznica_1.jpg\"\n               title=\"\"\n               data-src=\"https:\/\/www.apartments-skarpa.com\/wp-content\/gallery\/rogoznica\/rogoznica_1.jpg\"\n               data-thumbnail=\"https:\/\/www.apartments-skarpa.com\/wp-content\/gallery\/rogoznica\/thumbs\/thumbs_rogoznica_1.jpg\"\n               data-image-id=\"32\"\n               data-title=\"rogoznica_1\"\n               data-description=\"\"\n               data-image-slug=\"rogoznica_1\"\n               class=\"shutterset_179151cbae2382da2b04b1a5cd65f585\">\n                <img\n                    title=\"rogoznica_1\"\n                    alt=\"rogoznica_1\"\n                    src=\"https:\/\/www.apartments-skarpa.com\/wp-content\/gallery\/rogoznica\/thumbs\/thumbs_rogoznica_1.jpg\"\n                    width=\"100\"\n                    height=\"75\"\n                    style=\"max-width:100%;\"\n                \/>\n            <\/a>\n        <\/div>\n\t\t\t\t\t\t\t<\/div> \n\t\t\t\n\t\t\t\t<div id=\"ngg-image-1\" class=\"ngg-gallery-thumbnail-box \" >\n\t\t\t\t        <div class=\"ngg-gallery-thumbnail\">\n            <a href=\"https:\/\/www.apartments-skarpa.com\/wp-content\/gallery\/rogoznica\/rogoznica_2.jpg\"\n               title=\"\"\n               data-src=\"https:\/\/www.apartments-skarpa.com\/wp-content\/gallery\/rogoznica\/rogoznica_2.jpg\"\n               data-thumbnail=\"https:\/\/www.apartments-skarpa.com\/wp-content\/gallery\/rogoznica\/thumbs\/thumbs_rogoznica_2.jpg\"\n               data-image-id=\"33\"\n               data-title=\"rogoznica_2\"\n               data-description=\"\"\n               data-image-slug=\"rogoznica_2\"\n               class=\"shutterset_179151cbae2382da2b04b1a5cd65f585\">\n                <img\n                    title=\"rogoznica_2\"\n                    alt=\"rogoznica_2\"\n                    src=\"https:\/\/www.apartments-skarpa.com\/wp-content\/gallery\/rogoznica\/thumbs\/thumbs_rogoznica_2.jpg\"\n                    width=\"100\"\n                    height=\"75\"\n                    style=\"max-width:100%;\"\n                \/>\n            <\/a>\n        <\/div>\n\t\t\t\t\t\t\t<\/div> \n\t\t\t\n\t\t\t\t<div id=\"ngg-image-2\" class=\"ngg-gallery-thumbnail-box \" >\n\t\t\t\t        <div class=\"ngg-gallery-thumbnail\">\n            <a href=\"https:\/\/www.apartments-skarpa.com\/wp-content\/gallery\/rogoznica\/rogoznica_3.jpg\"\n               title=\"\"\n               data-src=\"https:\/\/www.apartments-skarpa.com\/wp-content\/gallery\/rogoznica\/rogoznica_3.jpg\"\n               data-thumbnail=\"https:\/\/www.apartments-skarpa.com\/wp-content\/gallery\/rogoznica\/thumbs\/thumbs_rogoznica_3.jpg\"\n               data-image-id=\"34\"\n               data-title=\"rogoznica_3\"\n               data-description=\"\"\n               data-image-slug=\"rogoznica_3\"\n               class=\"shutterset_179151cbae2382da2b04b1a5cd65f585\">\n                <img\n                    title=\"rogoznica_3\"\n                    alt=\"rogoznica_3\"\n                    src=\"https:\/\/www.apartments-skarpa.com\/wp-content\/gallery\/rogoznica\/thumbs\/thumbs_rogoznica_3.jpg\"\n                    width=\"100\"\n                    height=\"75\"\n                    style=\"max-width:100%;\"\n                \/>\n            <\/a>\n        <\/div>\n\t\t\t\t\t\t\t<\/div> \n\t\t\t\n\t\n\t<br style=\"clear: both\" \/>\n\n\t\n\t\t<!-- Pagination -->\n\t<div class='ngg-clear'><\/div>\t<\/div>\n\n\n\n\n<p>O Rogoznici: <a href=\"https:\/\/youtu.be\/JTYqTMRx5zM\">https:\/\/youtu.be\/JTYqTMRx5zM<\/a><\/p>\n\n\n\n<p>Rogoznica je malo mirno mediteransko mjesto u blizini Primo\u0161tena, 25 km ju\u017eno od \u0160ibenika. Neveliko turisti\u010dko naselje s po\u0161tom, ambulantom i trgovinama smje\u0161teno je u \u0161irokoj uvali i idealno je mjesto za odmor s obitelji i prijateljima. Rogoznicu rado posje\u0107uju i nauti\u010dari jer je marina Frapa osim po ljepoti &#8211; dr\u017ee je jednom od najljep\u0161ih na Jadranu &#8211; poznata i kao najsigurnija luka na ovom dijelu Jadrana. Pla\u017ee u Rogoznici su \u0161ljun\u010dane, a ima i pone\u0161to stijena, naselje je obraslo borovom \u0161umom, a kako je tradicionalno zanimanje mje\u0161tana ribarstvo, svje\u017ee Vam ribe zasigurno ne\u0107e nedostajati. Rogoznica je poznata po pu\u010dkim fe\u0161tama u kolovozu, (Ribarska no\u0107 i No\u0107 Rogoznice) kada ulice o\u017eive posebnom atmosferom, pa se ovom prigodom u Rogoznicu zapute Spli\u0107ani i \u0160iben\u010dani. Od sportova Rogoznica je zbog razvedene obale prikladna za sve vodene sportove, a rekreacija je mogu\u0107a i na terenima na obali. Bli\u017ea okolica mjesta nudi skrovita kupali\u0161ta na pla\u017eama u brojnim malim uvalama.<\/p>\n\n\n\n<p><strong>Predla\u017eemo posjetiti:<\/strong>&nbsp;\u017eupna crkva iz 1615. godine \/ francuska utvrda iz 1809. na brdu iznad naselja \/ srednjovjekovne crkve u rogozni\u010dkom polju: primjerci srednjovjekovne dalmatinske arhitekture.<\/p>\n\n\n\n<p><strong>Kako do\u0107i:&nbsp;<\/strong>25 km ju\u017eno od \u0160ibenika u smjeru Splita na lokalnoj prometnici za Rogoznicu koja se 5 km nakon Primo\u0161tena odvaja od Jadranske magistrale.<\/p>\n\n\n\n<p><strong>Jeste li znali:<\/strong>&nbsp;da se u Rogoznici mo\u017eete baviti ma\u010devanjem: od 1987. ovdje djeluje Me\u0111unarodni ma\u010devala\u010dki kamp te \u0161kola ma\u010devanja \/ U blizini se nalazi Zmajevo jezero, jedinstveni prirodni fenomen zbog izmjene plime i oseke<\/p>\n\n\n\n<p>Iz apartmana &#8220;\u0160karpa&#8221; mo\u017eete posjetiti <a href=\"http:\/\/www.hrvatska-apartmani-hoteli.com.hr\/primosten_hrvatska.htm\">Primo\u0161ten<\/a> ili oti\u0107i na jednodnevni izlet u <a href=\"http:\/\/www.trogir-ciovo.eu\/hr\/trogir.html\">Trogir<\/a>. Ako \u017eelite provesti vrijeme na moru, mo\u017eete posjetiti <a href=\"http:\/\/www.hrvatska-charter-jedrenje.com.hr\/marina-frapa.html\">Marinu Frapa<\/a>.<\/p>\n\n\n\n\t\t<style type=\"text\/css\">\n\t\t\t#gallery-1 {\n\t\t\t\tmargin: auto;\n\t\t\t}\n\t\t\t#gallery-1 .gallery-item {\n\t\t\t\tfloat: left;\n\t\t\t\tmargin-top: 10px;\n\t\t\t\ttext-align: center;\n\t\t\t\twidth: 100%;\n\t\t\t}\n\t\t\t#gallery-1 img {\n\t\t\t\tborder: 2px solid #cfcfcf;\n\t\t\t}\n\t\t\t#gallery-1 .gallery-caption {\n\t\t\t\tmargin-left: 0;\n\t\t\t}\n\t\t\t\/* see gallery_shortcode() in wp-includes\/media.php *\/\n\t\t<\/style>\n\t\t<div id='gallery-1' class='gallery galleryid-16 gallery-columns-1 gallery-size-full'><dl class='gallery-item'>\n\t\t\t<dt class='gallery-icon landscape'>\n\t\t\t\t<a rel=\"prettyPhoto[slides]\" href='https:\/\/www.apartments-skarpa.com\/hr\/hr_part\/'><img loading=\"lazy\" decoding=\"async\" width=\"367\" height=\"300\" src=\"https:\/\/www.apartments-skarpa.com\/wp-content\/uploads\/2012\/12\/hr_part.jpg\" class=\"attachment-full size-full\" alt=\"\" srcset=\"https:\/\/www.apartments-skarpa.com\/wp-content\/uploads\/2012\/12\/hr_part.jpg 367w, https:\/\/www.apartments-skarpa.com\/wp-content\/uploads\/2012\/12\/hr_part-300x245.jpg 300w\" sizes=\"auto, (max-width: 367px) 100vw, 367px\" \/><\/a>\n\t\t\t<\/dt><\/dl><br style=\"clear: both\" \/>\n\t\t<\/div>\n\n","protected":false},"excerpt":{"rendered":"<p>O Rogoznici: https:\/\/youtu.be\/JTYqTMRx5zM Rogoznica je malo mirno mediteransko mjesto u blizini Primo\u0161tena, 25 km ju\u017eno od \u0160ibenika. Neveliko turisti\u010dko naselje s po\u0161tom, ambulantom i trgovinama smje\u0161teno je u \u0161irokoj uvali i idealno je mjesto za odmor s obitelji i prijateljima. Rogoznicu rado posje\u0107uju i nauti\u010dari jer je marina Frapa osim&#8230;<\/p>\n","protected":false},"author":1,"featured_media":0,"parent":0,"menu_order":1,"comment_status":"closed","ping_status":"closed","template":"","meta":{"ngg_post_thumbnail":0,"footnotes":""},"class_list":["post-16","page","type-page","status-publish","hentry"],"translation":{"provider":"WPGlobus","version":"2.10.4","language":"hr","enabled_languages":["en","de","hr","hu","cs"],"languages":{"en":{"title":true,"content":true,"excerpt":false},"de":{"title":true,"content":true,"excerpt":false},"hr":{"title":true,"content":true,"excerpt":false},"hu":{"title":true,"content":true,"excerpt":false},"cs":{"title":true,"content":true,"excerpt":false}}},"_links":{"self":[{"href":"https:\/\/www.apartments-skarpa.com\/hr\/wp-json\/wp\/v2\/pages\/16","targetHints":{"allow":["GET"]}}],"collection":[{"href":"https:\/\/www.apartments-skarpa.com\/hr\/wp-json\/wp\/v2\/pages"}],"about":[{"href":"https:\/\/www.apartments-skarpa.com\/hr\/wp-json\/wp\/v2\/types\/page"}],"author":[{"embeddable":true,"href":"https:\/\/www.apartments-skarpa.com\/hr\/wp-json\/wp\/v2\/users\/1"}],"replies":[{"embeddable":true,"href":"https:\/\/www.apartments-skarpa.com\/hr\/wp-json\/wp\/v2\/comments?post=16"}],"version-history":[{"count":31,"href":"https:\/\/www.apartments-skarpa.com\/hr\/wp-json\/wp\/v2\/pages\/16\/revisions"}],"predecessor-version":[{"id":905,"href":"https:\/\/www.apartments-skarpa.com\/hr\/wp-json\/wp\/v2\/pages\/16\/revisions\/905"}],"wp:attachment":[{"href":"https:\/\/www.apartments-skarpa.com\/hr\/wp-json\/wp\/v2\/media?parent=16"}],"curies":[{"name":"wp","href":"https:\/\/api.w.org\/{rel}","templated":true}]}}