{"id":218,"date":"2012-12-12T22:29:24","date_gmt":"2012-12-12T22:29:24","guid":{"rendered":"http:\/\/www.apartments-skarpa.com\/?page_id=218"},"modified":"2022-10-01T10:39:17","modified_gmt":"2022-10-01T10:39:17","slug":"apartment-a3","status":"publish","type":"page","link":"https:\/\/www.apartments-skarpa.com\/hr\/apartment-a3\/","title":{"rendered":"&#8211; Apartman: A3"},"content":{"rendered":"\n<ul class=\"wp-block-list\"><li>Tip A4+1<\/li><li>Kategorija&nbsp;<img decoding=\"async\" alt=\"\" src=\"http:\/\/www.apartments-skarpa.com\/wp-content\/uploads\/2012\/12\/zvjezdice.gif\"><\/li><li>1. kat<\/li><li>Terasa,&nbsp;6 m<sup>2<\/sup><\/li><li>Broj kupaonica s tu\u0161 kadom : 1<\/li><li>Tu\u0161 na otvorenom<\/li><li>Boravak i kuhinja su u jednoj prostoriji<\/li><li>Broj dodatnih le\u017eajeva (u boravku, blagovaoni, kuhinji) : 1<\/li><li>Zajedni\u010dko dvori\u0161te, 200 m<sup>2<\/sup><\/li><li>Grijanje (sve prostorije)<\/li><li>Klima ure\u0111aj (sve prostorije)<\/li><li>Televizor sa satelitskim programom<\/li><li>Gla\u010dalo<\/li><li>Posude za pripremanje i serviranje hrane i&nbsp;<br>pi\u0107a, te pribor za jelo u odgovaraju\u0107im koli\u010dinama<\/li><li>Pe\u0107nica<\/li><li>Hladnjak<\/li><li>Zamrziva\u010d 25l<\/li><li>Aparat za kavu<\/li><li>Su\u0161ilo za kosu (usluga na zahtjev)<\/li><li>Stroj za pranje rublja<\/li><li>Dozvoljeno pu\u0161enje u apartmanu<\/li><li>Pogled na : zelenilo i dvori\u0161te (soba), zelenilo (dnevni boravak)<\/li><\/ul>\n\n\n<!-- default-view.php -->\n<div\n\tclass=\"ngg-galleryoverview default-view  ngg-ajax-pagination-none\"\n\tid=\"ngg-gallery-3975ca07ede4de7ad990d04cdee329eb-1\">\n\n\t\t<!-- Thumbnails -->\n\t\t\t\t<div id=\"ngg-image-0\" class=\"ngg-gallery-thumbnail-box \" >\n\t\t\t\t        <div class=\"ngg-gallery-thumbnail\">\n            <a href=\"https:\/\/www.apartments-skarpa.com\/wp-content\/gallery\/slike-apartmana-a3\/mini-img_7892.jpg\"\n               title=\"\"\n               data-src=\"https:\/\/www.apartments-skarpa.com\/wp-content\/gallery\/slike-apartmana-a3\/mini-img_7892.jpg\"\n               data-thumbnail=\"https:\/\/www.apartments-skarpa.com\/wp-content\/gallery\/slike-apartmana-a3\/thumbs\/thumbs_mini-img_7892.jpg\"\n               data-image-id=\"127\"\n               data-title=\"mini-img_7892\"\n               data-description=\"\"\n               data-image-slug=\"mini-img_7892\"\n               class=\"shutterset_3975ca07ede4de7ad990d04cdee329eb\">\n                <img\n                    title=\"mini-img_7892\"\n                    alt=\"mini-img_7892\"\n                    src=\"https:\/\/www.apartments-skarpa.com\/wp-content\/gallery\/slike-apartmana-a3\/thumbs\/thumbs_mini-img_7892.jpg\"\n                    width=\"100\"\n                    height=\"75\"\n                    style=\"max-width:100%;\"\n                \/>\n            <\/a>\n        <\/div>\n\t\t\t\t\t\t\t<\/div> \n\t\t\t\n\t\t\t\t<div id=\"ngg-image-1\" class=\"ngg-gallery-thumbnail-box \" >\n\t\t\t\t        <div class=\"ngg-gallery-thumbnail\">\n            <a href=\"https:\/\/www.apartments-skarpa.com\/wp-content\/gallery\/slike-apartmana-a3\/mini-img_7893.jpg\"\n               title=\"\"\n               data-src=\"https:\/\/www.apartments-skarpa.com\/wp-content\/gallery\/slike-apartmana-a3\/mini-img_7893.jpg\"\n               data-thumbnail=\"https:\/\/www.apartments-skarpa.com\/wp-content\/gallery\/slike-apartmana-a3\/thumbs\/thumbs_mini-img_7893.jpg\"\n               data-image-id=\"128\"\n               data-title=\"mini-img_7893\"\n               data-description=\"\"\n               data-image-slug=\"mini-img_7893\"\n               class=\"shutterset_3975ca07ede4de7ad990d04cdee329eb\">\n                <img\n                    title=\"mini-img_7893\"\n                    alt=\"mini-img_7893\"\n                    src=\"https:\/\/www.apartments-skarpa.com\/wp-content\/gallery\/slike-apartmana-a3\/thumbs\/thumbs_mini-img_7893.jpg\"\n                    width=\"100\"\n                    height=\"75\"\n                    style=\"max-width:100%;\"\n                \/>\n            <\/a>\n        <\/div>\n\t\t\t\t\t\t\t<\/div> \n\t\t\t\n\t\t\t\t<div id=\"ngg-image-2\" class=\"ngg-gallery-thumbnail-box \" >\n\t\t\t\t        <div class=\"ngg-gallery-thumbnail\">\n            <a href=\"https:\/\/www.apartments-skarpa.com\/wp-content\/gallery\/slike-apartmana-a3\/dsc_0464.jpg\"\n               title=\"\"\n               data-src=\"https:\/\/www.apartments-skarpa.com\/wp-content\/gallery\/slike-apartmana-a3\/dsc_0464.jpg\"\n               data-thumbnail=\"https:\/\/www.apartments-skarpa.com\/wp-content\/gallery\/slike-apartmana-a3\/thumbs\/thumbs_dsc_0464.jpg\"\n               data-image-id=\"83\"\n               data-title=\"dsc_0464\"\n               data-description=\"\"\n               data-image-slug=\"dsc_0464\"\n               class=\"shutterset_3975ca07ede4de7ad990d04cdee329eb\">\n                <img\n                    title=\"dsc_0464\"\n                    alt=\"dsc_0464\"\n                    src=\"https:\/\/www.apartments-skarpa.com\/wp-content\/gallery\/slike-apartmana-a3\/thumbs\/thumbs_dsc_0464.jpg\"\n                    width=\"100\"\n                    height=\"75\"\n                    style=\"max-width:100%;\"\n                \/>\n            <\/a>\n        <\/div>\n\t\t\t\t\t\t\t<\/div> \n\t\t\t\n\t\t\t\t<div id=\"ngg-image-3\" class=\"ngg-gallery-thumbnail-box \" >\n\t\t\t\t        <div class=\"ngg-gallery-thumbnail\">\n            <a href=\"https:\/\/www.apartments-skarpa.com\/wp-content\/gallery\/slike-apartmana-a3\/dsc_0462.jpg\"\n               title=\"\"\n               data-src=\"https:\/\/www.apartments-skarpa.com\/wp-content\/gallery\/slike-apartmana-a3\/dsc_0462.jpg\"\n               data-thumbnail=\"https:\/\/www.apartments-skarpa.com\/wp-content\/gallery\/slike-apartmana-a3\/thumbs\/thumbs_dsc_0462.jpg\"\n               data-image-id=\"81\"\n               data-title=\"dsc_0462\"\n               data-description=\"\"\n               data-image-slug=\"dsc_0462\"\n               class=\"shutterset_3975ca07ede4de7ad990d04cdee329eb\">\n                <img\n                    title=\"dsc_0462\"\n                    alt=\"dsc_0462\"\n                    src=\"https:\/\/www.apartments-skarpa.com\/wp-content\/gallery\/slike-apartmana-a3\/thumbs\/thumbs_dsc_0462.jpg\"\n                    width=\"100\"\n                    height=\"75\"\n                    style=\"max-width:100%;\"\n                \/>\n            <\/a>\n        <\/div>\n\t\t\t\t\t\t\t<\/div> \n\t\t\t\n\t\t\t\t<div id=\"ngg-image-4\" class=\"ngg-gallery-thumbnail-box \" >\n\t\t\t\t        <div class=\"ngg-gallery-thumbnail\">\n            <a href=\"https:\/\/www.apartments-skarpa.com\/wp-content\/gallery\/slike-apartmana-a3\/dsc_0463.jpg\"\n               title=\"\"\n               data-src=\"https:\/\/www.apartments-skarpa.com\/wp-content\/gallery\/slike-apartmana-a3\/dsc_0463.jpg\"\n               data-thumbnail=\"https:\/\/www.apartments-skarpa.com\/wp-content\/gallery\/slike-apartmana-a3\/thumbs\/thumbs_dsc_0463.jpg\"\n               data-image-id=\"82\"\n               data-title=\"dsc_0463\"\n               data-description=\"\"\n               data-image-slug=\"dsc_0463\"\n               class=\"shutterset_3975ca07ede4de7ad990d04cdee329eb\">\n                <img\n                    title=\"dsc_0463\"\n                    alt=\"dsc_0463\"\n                    src=\"https:\/\/www.apartments-skarpa.com\/wp-content\/gallery\/slike-apartmana-a3\/thumbs\/thumbs_dsc_0463.jpg\"\n                    width=\"100\"\n                    height=\"75\"\n                    style=\"max-width:100%;\"\n                \/>\n            <\/a>\n        <\/div>\n\t\t\t\t\t\t\t<\/div> \n\t\t\t\n\t\t\t\t<div id=\"ngg-image-5\" class=\"ngg-gallery-thumbnail-box \" >\n\t\t\t\t        <div class=\"ngg-gallery-thumbnail\">\n            <a href=\"https:\/\/www.apartments-skarpa.com\/wp-content\/gallery\/slike-apartmana-a3\/dsc_0466.jpg\"\n               title=\"\"\n               data-src=\"https:\/\/www.apartments-skarpa.com\/wp-content\/gallery\/slike-apartmana-a3\/dsc_0466.jpg\"\n               data-thumbnail=\"https:\/\/www.apartments-skarpa.com\/wp-content\/gallery\/slike-apartmana-a3\/thumbs\/thumbs_dsc_0466.jpg\"\n               data-image-id=\"85\"\n               data-title=\"dsc_0466\"\n               data-description=\"\"\n               data-image-slug=\"dsc_0466\"\n               class=\"shutterset_3975ca07ede4de7ad990d04cdee329eb\">\n                <img\n                    title=\"dsc_0466\"\n                    alt=\"dsc_0466\"\n                    src=\"https:\/\/www.apartments-skarpa.com\/wp-content\/gallery\/slike-apartmana-a3\/thumbs\/thumbs_dsc_0466.jpg\"\n                    width=\"100\"\n                    height=\"75\"\n                    style=\"max-width:100%;\"\n                \/>\n            <\/a>\n        <\/div>\n\t\t\t\t\t\t\t<\/div> \n\t\t\t\n\t\t\t\t<div id=\"ngg-image-6\" class=\"ngg-gallery-thumbnail-box \" >\n\t\t\t\t        <div class=\"ngg-gallery-thumbnail\">\n            <a href=\"https:\/\/www.apartments-skarpa.com\/wp-content\/gallery\/slike-apartmana-a3\/dsc_0465.jpg\"\n               title=\"\"\n               data-src=\"https:\/\/www.apartments-skarpa.com\/wp-content\/gallery\/slike-apartmana-a3\/dsc_0465.jpg\"\n               data-thumbnail=\"https:\/\/www.apartments-skarpa.com\/wp-content\/gallery\/slike-apartmana-a3\/thumbs\/thumbs_dsc_0465.jpg\"\n               data-image-id=\"84\"\n               data-title=\"dsc_0465\"\n               data-description=\"\"\n               data-image-slug=\"dsc_0465\"\n               class=\"shutterset_3975ca07ede4de7ad990d04cdee329eb\">\n                <img\n                    title=\"dsc_0465\"\n                    alt=\"dsc_0465\"\n                    src=\"https:\/\/www.apartments-skarpa.com\/wp-content\/gallery\/slike-apartmana-a3\/thumbs\/thumbs_dsc_0465.jpg\"\n                    width=\"100\"\n                    height=\"75\"\n                    style=\"max-width:100%;\"\n                \/>\n            <\/a>\n        <\/div>\n\t\t\t\t\t\t\t<\/div> \n\t\t\t\n\t\t\t\t<div id=\"ngg-image-7\" class=\"ngg-gallery-thumbnail-box \" >\n\t\t\t\t        <div class=\"ngg-gallery-thumbnail\">\n            <a href=\"https:\/\/www.apartments-skarpa.com\/wp-content\/gallery\/slike-apartmana-a3\/dsc_0467.jpg\"\n               title=\"\"\n               data-src=\"https:\/\/www.apartments-skarpa.com\/wp-content\/gallery\/slike-apartmana-a3\/dsc_0467.jpg\"\n               data-thumbnail=\"https:\/\/www.apartments-skarpa.com\/wp-content\/gallery\/slike-apartmana-a3\/thumbs\/thumbs_dsc_0467.jpg\"\n               data-image-id=\"86\"\n               data-title=\"dsc_0467\"\n               data-description=\"\"\n               data-image-slug=\"dsc_0467\"\n               class=\"shutterset_3975ca07ede4de7ad990d04cdee329eb\">\n                <img\n                    title=\"dsc_0467\"\n                    alt=\"dsc_0467\"\n                    src=\"https:\/\/www.apartments-skarpa.com\/wp-content\/gallery\/slike-apartmana-a3\/thumbs\/thumbs_dsc_0467.jpg\"\n                    width=\"100\"\n                    height=\"75\"\n                    style=\"max-width:100%;\"\n                \/>\n            <\/a>\n        <\/div>\n\t\t\t\t\t\t\t<\/div> \n\t\t\t\n\t\t\t\t<div id=\"ngg-image-8\" class=\"ngg-gallery-thumbnail-box \" >\n\t\t\t\t        <div class=\"ngg-gallery-thumbnail\">\n            <a href=\"https:\/\/www.apartments-skarpa.com\/wp-content\/gallery\/slike-apartmana-a3\/img_a3_big_5.jpg\"\n               title=\"\"\n               data-src=\"https:\/\/www.apartments-skarpa.com\/wp-content\/gallery\/slike-apartmana-a3\/img_a3_big_5.jpg\"\n               data-thumbnail=\"https:\/\/www.apartments-skarpa.com\/wp-content\/gallery\/slike-apartmana-a3\/thumbs\/thumbs_img_a3_big_5.jpg\"\n               data-image-id=\"20\"\n               data-title=\"img_a3_big_5\"\n               data-description=\"\"\n               data-image-slug=\"img_a3_big_5\"\n               class=\"shutterset_3975ca07ede4de7ad990d04cdee329eb\">\n                <img\n                    title=\"img_a3_big_5\"\n                    alt=\"img_a3_big_5\"\n                    src=\"https:\/\/www.apartments-skarpa.com\/wp-content\/gallery\/slike-apartmana-a3\/thumbs\/thumbs_img_a3_big_5.jpg\"\n                    width=\"100\"\n                    height=\"75\"\n                    style=\"max-width:100%;\"\n                \/>\n            <\/a>\n        <\/div>\n\t\t\t\t\t\t\t<\/div> \n\t\t\t\n\t\t\t\t<div id=\"ngg-image-9\" class=\"ngg-gallery-thumbnail-box \" >\n\t\t\t\t        <div class=\"ngg-gallery-thumbnail\">\n            <a href=\"https:\/\/www.apartments-skarpa.com\/wp-content\/gallery\/slike-apartmana-a3\/dsc_0455.jpg\"\n               title=\"\"\n               data-src=\"https:\/\/www.apartments-skarpa.com\/wp-content\/gallery\/slike-apartmana-a3\/dsc_0455.jpg\"\n               data-thumbnail=\"https:\/\/www.apartments-skarpa.com\/wp-content\/gallery\/slike-apartmana-a3\/thumbs\/thumbs_dsc_0455.jpg\"\n               data-image-id=\"75\"\n               data-title=\"dsc_0455\"\n               data-description=\"\"\n               data-image-slug=\"dsc_0455\"\n               class=\"shutterset_3975ca07ede4de7ad990d04cdee329eb\">\n                <img\n                    title=\"dsc_0455\"\n                    alt=\"dsc_0455\"\n                    src=\"https:\/\/www.apartments-skarpa.com\/wp-content\/gallery\/slike-apartmana-a3\/thumbs\/thumbs_dsc_0455.jpg\"\n                    width=\"100\"\n                    height=\"75\"\n                    style=\"max-width:100%;\"\n                \/>\n            <\/a>\n        <\/div>\n\t\t\t\t\t\t\t<\/div> \n\t\t\t\n\t\t\t\t<div id=\"ngg-image-10\" class=\"ngg-gallery-thumbnail-box \" >\n\t\t\t\t        <div class=\"ngg-gallery-thumbnail\">\n            <a href=\"https:\/\/www.apartments-skarpa.com\/wp-content\/gallery\/slike-apartmana-a3\/dsc_0457.jpg\"\n               title=\"\"\n               data-src=\"https:\/\/www.apartments-skarpa.com\/wp-content\/gallery\/slike-apartmana-a3\/dsc_0457.jpg\"\n               data-thumbnail=\"https:\/\/www.apartments-skarpa.com\/wp-content\/gallery\/slike-apartmana-a3\/thumbs\/thumbs_dsc_0457.jpg\"\n               data-image-id=\"76\"\n               data-title=\"dsc_0457\"\n               data-description=\"\"\n               data-image-slug=\"dsc_0457\"\n               class=\"shutterset_3975ca07ede4de7ad990d04cdee329eb\">\n                <img\n                    title=\"dsc_0457\"\n                    alt=\"dsc_0457\"\n                    src=\"https:\/\/www.apartments-skarpa.com\/wp-content\/gallery\/slike-apartmana-a3\/thumbs\/thumbs_dsc_0457.jpg\"\n                    width=\"100\"\n                    height=\"75\"\n                    style=\"max-width:100%;\"\n                \/>\n            <\/a>\n        <\/div>\n\t\t\t\t\t\t\t<\/div> \n\t\t\t\n\t\t\t\t<div id=\"ngg-image-11\" class=\"ngg-gallery-thumbnail-box \" >\n\t\t\t\t        <div class=\"ngg-gallery-thumbnail\">\n            <a href=\"https:\/\/www.apartments-skarpa.com\/wp-content\/gallery\/slike-apartmana-a3\/dsc_0468.jpg\"\n               title=\"\"\n               data-src=\"https:\/\/www.apartments-skarpa.com\/wp-content\/gallery\/slike-apartmana-a3\/dsc_0468.jpg\"\n               data-thumbnail=\"https:\/\/www.apartments-skarpa.com\/wp-content\/gallery\/slike-apartmana-a3\/thumbs\/thumbs_dsc_0468.jpg\"\n               data-image-id=\"87\"\n               data-title=\"dsc_0468\"\n               data-description=\"\"\n               data-image-slug=\"dsc_0468\"\n               class=\"shutterset_3975ca07ede4de7ad990d04cdee329eb\">\n                <img\n                    title=\"dsc_0468\"\n                    alt=\"dsc_0468\"\n                    src=\"https:\/\/www.apartments-skarpa.com\/wp-content\/gallery\/slike-apartmana-a3\/thumbs\/thumbs_dsc_0468.jpg\"\n                    width=\"100\"\n                    height=\"75\"\n                    style=\"max-width:100%;\"\n                \/>\n            <\/a>\n        <\/div>\n\t\t\t\t\t\t\t<\/div> \n\t\t\t\n\t\t\t\t<div id=\"ngg-image-12\" class=\"ngg-gallery-thumbnail-box \" >\n\t\t\t\t        <div class=\"ngg-gallery-thumbnail\">\n            <a href=\"https:\/\/www.apartments-skarpa.com\/wp-content\/gallery\/slike-apartmana-a3\/dsc_0459.jpg\"\n               title=\"\"\n               data-src=\"https:\/\/www.apartments-skarpa.com\/wp-content\/gallery\/slike-apartmana-a3\/dsc_0459.jpg\"\n               data-thumbnail=\"https:\/\/www.apartments-skarpa.com\/wp-content\/gallery\/slike-apartmana-a3\/thumbs\/thumbs_dsc_0459.jpg\"\n               data-image-id=\"78\"\n               data-title=\"dsc_0459\"\n               data-description=\"\"\n               data-image-slug=\"dsc_0459\"\n               class=\"shutterset_3975ca07ede4de7ad990d04cdee329eb\">\n                <img\n                    title=\"dsc_0459\"\n                    alt=\"dsc_0459\"\n                    src=\"https:\/\/www.apartments-skarpa.com\/wp-content\/gallery\/slike-apartmana-a3\/thumbs\/thumbs_dsc_0459.jpg\"\n                    width=\"100\"\n                    height=\"75\"\n                    style=\"max-width:100%;\"\n                \/>\n            <\/a>\n        <\/div>\n\t\t\t\t\t\t\t<\/div> \n\t\t\t\n\t\t\t\t<div id=\"ngg-image-13\" class=\"ngg-gallery-thumbnail-box \" >\n\t\t\t\t        <div class=\"ngg-gallery-thumbnail\">\n            <a href=\"https:\/\/www.apartments-skarpa.com\/wp-content\/gallery\/slike-apartmana-a3\/dsc_0460.jpg\"\n               title=\"\"\n               data-src=\"https:\/\/www.apartments-skarpa.com\/wp-content\/gallery\/slike-apartmana-a3\/dsc_0460.jpg\"\n               data-thumbnail=\"https:\/\/www.apartments-skarpa.com\/wp-content\/gallery\/slike-apartmana-a3\/thumbs\/thumbs_dsc_0460.jpg\"\n               data-image-id=\"79\"\n               data-title=\"dsc_0460\"\n               data-description=\"\"\n               data-image-slug=\"dsc_0460\"\n               class=\"shutterset_3975ca07ede4de7ad990d04cdee329eb\">\n                <img\n                    title=\"dsc_0460\"\n                    alt=\"dsc_0460\"\n                    src=\"https:\/\/www.apartments-skarpa.com\/wp-content\/gallery\/slike-apartmana-a3\/thumbs\/thumbs_dsc_0460.jpg\"\n                    width=\"100\"\n                    height=\"75\"\n                    style=\"max-width:100%;\"\n                \/>\n            <\/a>\n        <\/div>\n\t\t\t\t\t\t\t<\/div> \n\t\t\t\n\t\t\t\t<div id=\"ngg-image-14\" class=\"ngg-gallery-thumbnail-box \" >\n\t\t\t\t        <div class=\"ngg-gallery-thumbnail\">\n            <a href=\"https:\/\/www.apartments-skarpa.com\/wp-content\/gallery\/slike-apartmana-a3\/dsc_0461.jpg\"\n               title=\"\"\n               data-src=\"https:\/\/www.apartments-skarpa.com\/wp-content\/gallery\/slike-apartmana-a3\/dsc_0461.jpg\"\n               data-thumbnail=\"https:\/\/www.apartments-skarpa.com\/wp-content\/gallery\/slike-apartmana-a3\/thumbs\/thumbs_dsc_0461.jpg\"\n               data-image-id=\"80\"\n               data-title=\"dsc_0461\"\n               data-description=\"\"\n               data-image-slug=\"dsc_0461\"\n               class=\"shutterset_3975ca07ede4de7ad990d04cdee329eb\">\n                <img\n                    title=\"dsc_0461\"\n                    alt=\"dsc_0461\"\n                    src=\"https:\/\/www.apartments-skarpa.com\/wp-content\/gallery\/slike-apartmana-a3\/thumbs\/thumbs_dsc_0461.jpg\"\n                    width=\"100\"\n                    height=\"75\"\n                    style=\"max-width:100%;\"\n                \/>\n            <\/a>\n        <\/div>\n\t\t\t\t\t\t\t<\/div> \n\t\t\t\n\t\t\t\t<div id=\"ngg-image-15\" class=\"ngg-gallery-thumbnail-box \" >\n\t\t\t\t        <div class=\"ngg-gallery-thumbnail\">\n            <a href=\"https:\/\/www.apartments-skarpa.com\/wp-content\/gallery\/slike-apartmana-a3\/img_a3_big_3.jpg\"\n               title=\"\"\n               data-src=\"https:\/\/www.apartments-skarpa.com\/wp-content\/gallery\/slike-apartmana-a3\/img_a3_big_3.jpg\"\n               data-thumbnail=\"https:\/\/www.apartments-skarpa.com\/wp-content\/gallery\/slike-apartmana-a3\/thumbs\/thumbs_img_a3_big_3.jpg\"\n               data-image-id=\"18\"\n               data-title=\"img_a3_big_3\"\n               data-description=\"\"\n               data-image-slug=\"img_a3_big_3\"\n               class=\"shutterset_3975ca07ede4de7ad990d04cdee329eb\">\n                <img\n                    title=\"img_a3_big_3\"\n                    alt=\"img_a3_big_3\"\n                    src=\"https:\/\/www.apartments-skarpa.com\/wp-content\/gallery\/slike-apartmana-a3\/thumbs\/thumbs_img_a3_big_3.jpg\"\n                    width=\"100\"\n                    height=\"75\"\n                    style=\"max-width:100%;\"\n                \/>\n            <\/a>\n        <\/div>\n\t\t\t\t\t\t\t<\/div> \n\t\t\t\n\t\n\t<br style=\"clear: both\" \/>\n\n\t\n\t\t<!-- Pagination -->\n\t<div class='ngg-clear'><\/div>\t<\/div>\n\n","protected":false},"excerpt":{"rendered":"<p>Tip A4+1 Kategorija&nbsp; 1. kat Terasa,&nbsp;6 m2 Broj kupaonica s tu\u0161 kadom : 1 Tu\u0161 na otvorenom Boravak i kuhinja su u jednoj prostoriji Broj dodatnih le\u017eajeva (u boravku, blagovaoni, kuhinji) : 1 Zajedni\u010dko dvori\u0161te, 200 m2 Grijanje (sve prostorije) Klima ure\u0111aj (sve prostorije) Televizor sa satelitskim programom Gla\u010dalo Posude&#8230;<\/p>\n","protected":false},"author":1,"featured_media":0,"parent":0,"menu_order":3,"comment_status":"closed","ping_status":"open","template":"","meta":{"ngg_post_thumbnail":0,"footnotes":""},"class_list":["post-218","page","type-page","status-publish","hentry"],"translation":{"provider":"WPGlobus","version":"2.10.4","language":"hr","enabled_languages":["en","de","hr","hu","cs"],"languages":{"en":{"title":true,"content":true,"excerpt":false},"de":{"title":true,"content":true,"excerpt":false},"hr":{"title":true,"content":true,"excerpt":false},"hu":{"title":true,"content":true,"excerpt":false},"cs":{"title":true,"content":true,"excerpt":false}}},"_links":{"self":[{"href":"https:\/\/www.apartments-skarpa.com\/hr\/wp-json\/wp\/v2\/pages\/218","targetHints":{"allow":["GET"]}}],"collection":[{"href":"https:\/\/www.apartments-skarpa.com\/hr\/wp-json\/wp\/v2\/pages"}],"about":[{"href":"https:\/\/www.apartments-skarpa.com\/hr\/wp-json\/wp\/v2\/types\/page"}],"author":[{"embeddable":true,"href":"https:\/\/www.apartments-skarpa.com\/hr\/wp-json\/wp\/v2\/users\/1"}],"replies":[{"embeddable":true,"href":"https:\/\/www.apartments-skarpa.com\/hr\/wp-json\/wp\/v2\/comments?post=218"}],"version-history":[{"count":15,"href":"https:\/\/www.apartments-skarpa.com\/hr\/wp-json\/wp\/v2\/pages\/218\/revisions"}],"predecessor-version":[{"id":918,"href":"https:\/\/www.apartments-skarpa.com\/hr\/wp-json\/wp\/v2\/pages\/218\/revisions\/918"}],"wp:attachment":[{"href":"https:\/\/www.apartments-skarpa.com\/hr\/wp-json\/wp\/v2\/media?parent=218"}],"curies":[{"name":"wp","href":"https:\/\/api.w.org\/{rel}","templated":true}]}}