{"id":16,"date":"2012-12-10T22:14:17","date_gmt":"2012-12-10T22:14:17","guid":{"rendered":"http:\/\/www.apartments-skarpa.com\/?page_id=16"},"modified":"2022-10-01T10:31:00","modified_gmt":"2022-10-01T10:31:00","slug":"rogoznica","status":"publish","type":"page","link":"https:\/\/www.apartments-skarpa.com\/hu\/","title":{"rendered":"Rogoznica"},"content":{"rendered":"<!-- default-view.php -->\n<div\n\tclass=\"ngg-galleryoverview default-view  ngg-ajax-pagination-none\"\n\tid=\"ngg-gallery-179151cbae2382da2b04b1a5cd65f585-1\">\n\n\t\t<!-- Thumbnails -->\n\t\t\t\t<div id=\"ngg-image-0\" class=\"ngg-gallery-thumbnail-box \" >\n\t\t\t\t        <div class=\"ngg-gallery-thumbnail\">\n            <a href=\"https:\/\/www.apartments-skarpa.com\/wp-content\/gallery\/rogoznica\/rogoznica_1.jpg\"\n               title=\"\"\n               data-src=\"https:\/\/www.apartments-skarpa.com\/wp-content\/gallery\/rogoznica\/rogoznica_1.jpg\"\n               data-thumbnail=\"https:\/\/www.apartments-skarpa.com\/wp-content\/gallery\/rogoznica\/thumbs\/thumbs_rogoznica_1.jpg\"\n               data-image-id=\"32\"\n               data-title=\"rogoznica_1\"\n               data-description=\"\"\n               data-image-slug=\"rogoznica_1\"\n               class=\"shutterset_179151cbae2382da2b04b1a5cd65f585\">\n                <img\n                    title=\"rogoznica_1\"\n                    alt=\"rogoznica_1\"\n                    src=\"https:\/\/www.apartments-skarpa.com\/wp-content\/gallery\/rogoznica\/thumbs\/thumbs_rogoznica_1.jpg\"\n                    width=\"100\"\n                    height=\"75\"\n                    style=\"max-width:100%;\"\n                \/>\n            <\/a>\n        <\/div>\n\t\t\t\t\t\t\t<\/div> \n\t\t\t\n\t\t\t\t<div id=\"ngg-image-1\" class=\"ngg-gallery-thumbnail-box \" >\n\t\t\t\t        <div class=\"ngg-gallery-thumbnail\">\n            <a href=\"https:\/\/www.apartments-skarpa.com\/wp-content\/gallery\/rogoznica\/rogoznica_2.jpg\"\n               title=\"\"\n               data-src=\"https:\/\/www.apartments-skarpa.com\/wp-content\/gallery\/rogoznica\/rogoznica_2.jpg\"\n               data-thumbnail=\"https:\/\/www.apartments-skarpa.com\/wp-content\/gallery\/rogoznica\/thumbs\/thumbs_rogoznica_2.jpg\"\n               data-image-id=\"33\"\n               data-title=\"rogoznica_2\"\n               data-description=\"\"\n               data-image-slug=\"rogoznica_2\"\n               class=\"shutterset_179151cbae2382da2b04b1a5cd65f585\">\n                <img\n                    title=\"rogoznica_2\"\n                    alt=\"rogoznica_2\"\n                    src=\"https:\/\/www.apartments-skarpa.com\/wp-content\/gallery\/rogoznica\/thumbs\/thumbs_rogoznica_2.jpg\"\n                    width=\"100\"\n                    height=\"75\"\n                    style=\"max-width:100%;\"\n                \/>\n            <\/a>\n        <\/div>\n\t\t\t\t\t\t\t<\/div> \n\t\t\t\n\t\t\t\t<div id=\"ngg-image-2\" class=\"ngg-gallery-thumbnail-box \" >\n\t\t\t\t        <div class=\"ngg-gallery-thumbnail\">\n            <a href=\"https:\/\/www.apartments-skarpa.com\/wp-content\/gallery\/rogoznica\/rogoznica_3.jpg\"\n               title=\"\"\n               data-src=\"https:\/\/www.apartments-skarpa.com\/wp-content\/gallery\/rogoznica\/rogoznica_3.jpg\"\n               data-thumbnail=\"https:\/\/www.apartments-skarpa.com\/wp-content\/gallery\/rogoznica\/thumbs\/thumbs_rogoznica_3.jpg\"\n               data-image-id=\"34\"\n               data-title=\"rogoznica_3\"\n               data-description=\"\"\n               data-image-slug=\"rogoznica_3\"\n               class=\"shutterset_179151cbae2382da2b04b1a5cd65f585\">\n                <img\n                    title=\"rogoznica_3\"\n                    alt=\"rogoznica_3\"\n                    src=\"https:\/\/www.apartments-skarpa.com\/wp-content\/gallery\/rogoznica\/thumbs\/thumbs_rogoznica_3.jpg\"\n                    width=\"100\"\n                    height=\"75\"\n                    style=\"max-width:100%;\"\n                \/>\n            <\/a>\n        <\/div>\n\t\t\t\t\t\t\t<\/div> \n\t\t\t\n\t\n\t<br style=\"clear: both\" \/>\n\n\t\n\t\t<!-- Pagination -->\n\t<div class='ngg-clear'><\/div>\t<\/div>\n\n\n\n\n<p>About Rogoznica: <a href=\"https:\/\/youtu.be\/JTYqTMRx5zM\">https:\/\/youtu.be\/JTYqTMRx5zM<\/a><\/p>\n\n\n\n<p>Rogoznica Sibenikt\u0151l 25 km-re d\u00e9lre, Primosten k\u00f6zel\u00e9ben fekszik. Nyugalmat \u00e9s csendet garant\u00e1l\u00f3 kisebb telep\u00fcl\u00e9s, post\u00e1val, orvosi rendel\u0151vel \u00e9s \u00e9lelmiszerbolttal, melyek a sz\u00e9les partmenti \u00faton tal\u00e1lhat\u00f3k. Ide\u00e1lis c\u00e9lpont a csal\u00e1di \u00e9s bar\u00e1ti k\u00f6r nyaral\u00e1s\u00e1hoz. Vitorl\u00e1z\u00f3k \u00e9s jachtosok is sz\u00edvesen l\u00e1togatj\u00e1k a k\u00f6rny\u00e9k\u00e9t, mivel a k\u00f6zeli Frapa az Adria egyik legszebb kik\u00f6t\u0151jek\u00e9nt ismert. Rogoznica strandjai t\u00falnyom\u00f3an kavicsosak, helyenk\u00e9nt szikl\u00e1sak, a partt\u00f3l nem messze \u00e1rnyas fenyvesek h\u00faz\u00f3dnak. A helyb\u00e9liek hagyom\u00e1nyosan hal\u00e1szatb\u00f3l \u00e9lnek, ez\u00e9rt friss halat \u00e1ltal\u00e1ban nem gond beszerezni. Augusztus folyam\u00e1n mozgalmas n\u00e9p\u00fcnnep\u00e9lyeken vehetnek r\u00e9szt az idel\u00e1togat\u00f3k (Hal\u00e1szok \u00e9jszak\u00e1ja, Rogoznicai \u00e9jszaka),melyeket gyakran l\u00e1togatnak a k\u00f6rnyez\u0151 nagyv\u00e1rosokban lak\u00f3k is (Split, Sibenik). Rogoznica er\u0151sen tagolt partvid\u00e9ke kiv\u00e1l\u00f3 terep a v\u00edzisportokhoz, a sok kis eldugott \u00f6b\u00f6l pedig paradicsomi strandol\u00e1st \u00edg\u00e9r.<\/p>\n\n\n\n<p><strong>\u00c9rdemes megtekinteni:<\/strong>&nbsp;az 1615-ben \u00e9p\u00fclt pl\u00e9b\u00e1niatemplomot \/ a telep\u00fcl\u00e9s k\u00f6r\u00fcli dombokon \u00e1ll\u00f3, 1809-ben \u00e9p\u00fclt francia er\u0151d\u00edtm\u00e9ny maradv\u00e1nyait \/ a telep\u00fcl\u00e9s k\u00f6rny\u00e9ki mez\u0151k k\u00f6z\u00e9pkori templommaradv\u00e1nyait, melyek a korabeli dalm\u00e1t \u00e9p\u00edt\u00e9szet igen sz\u00e9p eml\u00e9kei<\/p>\n\n\n\n<p><strong>Megk\u00f6zel\u00edt\u00e9s:<\/strong>&nbsp;Sibenikt\u0151l 25 km-re d\u00e9lre Split ir\u00e1ny\u00e1ba, majd a helyi \u00faton Rogoznica fel\u00e9, mely kb. 5 km ut\u00e1n le\u00e1gazik a f\u0151\u00fatr\u00f3l<\/p>\n\n\n\n<p><strong>\u00c9rdekess\u00e9g:<\/strong>&nbsp;Rogoznic\u00e1ban v\u00edv\u00e1si lehet\u0151s\u00e9g is ad\u00f3dik, mivel 1987-t\u0151l \u00e1lland\u00f3 viv\u00f3iskola m\u0171k\u00f6dik a telep\u00fcl\u00e9sen, mely nyaranta nemzetk\u00f6zi t\u00e1borokat is szervez. A k\u00f6zelen lev\u0151 Zmajevo jezero (S\u00e1rk\u00e1ny-t\u00f3) egyed\u00fcl\u00e1ll\u00f3 term\u00e9szeti jelens\u00e9g, melynek var\u00e1zs\u00e1t az ap\u00e1ly \u00e9s a dag\u00e1ly v\u00e1ltakoz\u00e1sa adja.<\/p>\n\n\n\n<p>&#8220;Skarpa&#8221;,apartmanb\u00f3l megl\u00e1togathatja <a href=\"http:\/\/www.horvatorszag-apartmanok-hotelek.hu\/primosten_horvatorszag.htm\">Primosten<\/a> vagy el lehet menni egynapos kir\u00e1ndul\u00e1sra <a href=\"http:\/\/www.trogir-ciovo.eu\/hu\/trogir.html\">Trogir<\/a>-ba. Ha a tengeren szeretn\u00e9 t\u00f6lteni az idej\u00e9t, megl\u00e1togathatja az <a href=\"http:\/\/www.horvatorszag-charter-vitorlazas.hu\/marina-frapa.html\">Frapa kik\u00f6t\u0151t<\/a>.<\/p>\n\n\n\n\t\t<style type=\"text\/css\">\n\t\t\t#gallery-1 {\n\t\t\t\tmargin: auto;\n\t\t\t}\n\t\t\t#gallery-1 .gallery-item {\n\t\t\t\tfloat: left;\n\t\t\t\tmargin-top: 10px;\n\t\t\t\ttext-align: center;\n\t\t\t\twidth: 100%;\n\t\t\t}\n\t\t\t#gallery-1 img {\n\t\t\t\tborder: 2px solid #cfcfcf;\n\t\t\t}\n\t\t\t#gallery-1 .gallery-caption {\n\t\t\t\tmargin-left: 0;\n\t\t\t}\n\t\t\t\/* see gallery_shortcode() in wp-includes\/media.php *\/\n\t\t<\/style>\n\t\t<div id='gallery-1' class='gallery galleryid-16 gallery-columns-1 gallery-size-full'><dl class='gallery-item'>\n\t\t\t<dt class='gallery-icon landscape'>\n\t\t\t\t<a rel=\"prettyPhoto[slides]\" href='https:\/\/www.apartments-skarpa.com\/wp-content\/uploads\/2012\/12\/hr_part.jpg'><img loading=\"lazy\" decoding=\"async\" width=\"367\" height=\"300\" src=\"https:\/\/www.apartments-skarpa.com\/wp-content\/uploads\/2012\/12\/hr_part.jpg\" class=\"attachment-full size-full\" alt=\"\" srcset=\"https:\/\/www.apartments-skarpa.com\/wp-content\/uploads\/2012\/12\/hr_part.jpg 367w, https:\/\/www.apartments-skarpa.com\/wp-content\/uploads\/2012\/12\/hr_part-300x245.jpg 300w\" sizes=\"auto, (max-width: 367px) 100vw, 367px\" \/><\/a>\n\t\t\t<\/dt><\/dl><br style=\"clear: both\" \/>\n\t\t<\/div>\n\n","protected":false},"excerpt":{"rendered":"<p>About Rogoznica: https:\/\/youtu.be\/JTYqTMRx5zM Rogoznica Sibenikt\u0151l 25 km-re d\u00e9lre, Primosten k\u00f6zel\u00e9ben fekszik. Nyugalmat \u00e9s csendet garant\u00e1l\u00f3 kisebb telep\u00fcl\u00e9s, post\u00e1val, orvosi rendel\u0151vel \u00e9s \u00e9lelmiszerbolttal, melyek a sz\u00e9les partmenti \u00faton tal\u00e1lhat\u00f3k. Ide\u00e1lis c\u00e9lpont a csal\u00e1di \u00e9s bar\u00e1ti k\u00f6r nyaral\u00e1s\u00e1hoz. Vitorl\u00e1z\u00f3k \u00e9s jachtosok is sz\u00edvesen l\u00e1togatj\u00e1k a k\u00f6rny\u00e9k\u00e9t, mivel a k\u00f6zeli Frapa az Adria&#8230;<\/p>\n","protected":false},"author":1,"featured_media":0,"parent":0,"menu_order":1,"comment_status":"closed","ping_status":"closed","template":"","meta":{"ngg_post_thumbnail":0,"footnotes":""},"class_list":["post-16","page","type-page","status-publish","hentry"],"translation":{"provider":"WPGlobus","version":"2.10.4","language":"hu","enabled_languages":["en","de","hr","hu","cs"],"languages":{"en":{"title":true,"content":true,"excerpt":false},"de":{"title":true,"content":true,"excerpt":false},"hr":{"title":true,"content":true,"excerpt":false},"hu":{"title":true,"content":true,"excerpt":false},"cs":{"title":true,"content":true,"excerpt":false}}},"_links":{"self":[{"href":"https:\/\/www.apartments-skarpa.com\/hu\/wp-json\/wp\/v2\/pages\/16","targetHints":{"allow":["GET"]}}],"collection":[{"href":"https:\/\/www.apartments-skarpa.com\/hu\/wp-json\/wp\/v2\/pages"}],"about":[{"href":"https:\/\/www.apartments-skarpa.com\/hu\/wp-json\/wp\/v2\/types\/page"}],"author":[{"embeddable":true,"href":"https:\/\/www.apartments-skarpa.com\/hu\/wp-json\/wp\/v2\/users\/1"}],"replies":[{"embeddable":true,"href":"https:\/\/www.apartments-skarpa.com\/hu\/wp-json\/wp\/v2\/comments?post=16"}],"version-history":[{"count":31,"href":"https:\/\/www.apartments-skarpa.com\/hu\/wp-json\/wp\/v2\/pages\/16\/revisions"}],"predecessor-version":[{"id":905,"href":"https:\/\/www.apartments-skarpa.com\/hu\/wp-json\/wp\/v2\/pages\/16\/revisions\/905"}],"wp:attachment":[{"href":"https:\/\/www.apartments-skarpa.com\/hu\/wp-json\/wp\/v2\/media?parent=16"}],"curies":[{"name":"wp","href":"https:\/\/api.w.org\/{rel}","templated":true}]}}