{"id":204,"date":"2012-12-12T22:24:38","date_gmt":"2012-12-12T22:24:38","guid":{"rendered":"http:\/\/www.apartments-skarpa.com\/?page_id=204"},"modified":"2022-10-01T10:23:18","modified_gmt":"2022-10-01T10:23:18","slug":"apartment-a2","status":"publish","type":"page","link":"https:\/\/www.apartments-skarpa.com\/hu\/apartment-a2\/","title":{"rendered":"&#8211; Apartman: A2"},"content":{"rendered":"\n<ul class=\"wp-block-list\"><li>T\u00edpus 2+1<\/li><li>Kateg\u00f3ria&nbsp;<img decoding=\"async\" alt=\"\" src=\"http:\/\/www.apartments-skarpa.com\/wp-content\/uploads\/2012\/12\/zvjezdice.gif\"><\/li><li>Els\u0151 emelet<\/li><li>F\u00e9r\u0151helyek sz\u00e1ma a st\u00fadi\u00f3-t\u00edpus\u00fa apartmanban 3<\/li><li>Egyszem\u00e9lyes \u00e1gyak sz\u00e1ma 1<\/li><li>K\u00e9tszem\u00e9lyes \u00e1gyak sz\u00e1ma 1<\/li><li>Az apartman m\u00e9rete 25 m<sup>2<\/sup><\/li><li>Tusk\u00e1ddal felszerelt f\u00fcrd\u0151szob\u00e1k sz\u00e1ma : 1<\/li><li>Kerti zuhany<\/li><li>Terasz, 5 m<sup>2<\/sup><\/li><li>K\u00f6z\u00f6s udvar, 200 m<sup>2<\/sup><\/li><li>F\u0171t\u00e9s<\/li><li>Kl\u00edma<\/li><li>TV m\u0171holdas csatorn\u00e1kkal m\u0171holdas csatorn\u00e1kkal<\/li><li>Vasal\u00f3<\/li><li>Ed\u00e9ny- \u00e9s \u00e9tk\u00e9szlet, poharak, ev\u0151eszk\u00f6z\u00f6k a f\u00e9r\u0151helysz\u00e1mhoz m\u00e9rten rendelkez\u00e9sre \u00e1llnak<\/li><li>K\u00e1v\u00e9f\u0151z\u0151<\/li><li>S\u00fct\u0151<\/li><li>H\u0171t\u0151g\u00e9p<\/li><li>Fagyaszt\u00f3 15 l<\/li><li>Mos\u00f3g\u00e9p<\/li><li>Szabad doh\u00e1nyozni az apartmanban<\/li><li>Kil\u00e1t\u00e1s : z\u00f6ld\u00f6vezetre es udvarra (szoba), z\u00f6ld\u00f6vezetre (Nappali)<\/li><\/ul>\n\n\n<!-- default-view.php -->\n<div\n\tclass=\"ngg-galleryoverview default-view  ngg-ajax-pagination-none\"\n\tid=\"ngg-gallery-6744cd5ab58085a8a2cff75c10b801e4-1\">\n\n\t\t<!-- Thumbnails -->\n\t\t\t\t<div id=\"ngg-image-0\" class=\"ngg-gallery-thumbnail-box \" >\n\t\t\t\t        <div class=\"ngg-gallery-thumbnail\">\n            <a href=\"https:\/\/www.apartments-skarpa.com\/wp-content\/gallery\/slike-apartmana-a2\/mini-img_7886.jpg\"\n               title=\"\"\n               data-src=\"https:\/\/www.apartments-skarpa.com\/wp-content\/gallery\/slike-apartmana-a2\/mini-img_7886.jpg\"\n               data-thumbnail=\"https:\/\/www.apartments-skarpa.com\/wp-content\/gallery\/slike-apartmana-a2\/thumbs\/thumbs_mini-img_7886.jpg\"\n               data-image-id=\"126\"\n               data-title=\"mini-img_7886\"\n               data-description=\"\"\n               data-image-slug=\"mini-img_7886\"\n               class=\"shutterset_6744cd5ab58085a8a2cff75c10b801e4\">\n                <img\n                    title=\"mini-img_7886\"\n                    alt=\"mini-img_7886\"\n                    src=\"https:\/\/www.apartments-skarpa.com\/wp-content\/gallery\/slike-apartmana-a2\/thumbs\/thumbs_mini-img_7886.jpg\"\n                    width=\"100\"\n                    height=\"75\"\n                    style=\"max-width:100%;\"\n                \/>\n            <\/a>\n        <\/div>\n\t\t\t\t\t\t\t<\/div> \n\t\t\t\n\t\t\t\t<div id=\"ngg-image-1\" class=\"ngg-gallery-thumbnail-box \" >\n\t\t\t\t        <div class=\"ngg-gallery-thumbnail\">\n            <a href=\"https:\/\/www.apartments-skarpa.com\/wp-content\/gallery\/slike-apartmana-a2\/dsc_0447.jpg\"\n               title=\"\"\n               data-src=\"https:\/\/www.apartments-skarpa.com\/wp-content\/gallery\/slike-apartmana-a2\/dsc_0447.jpg\"\n               data-thumbnail=\"https:\/\/www.apartments-skarpa.com\/wp-content\/gallery\/slike-apartmana-a2\/thumbs\/thumbs_dsc_0447.jpg\"\n               data-image-id=\"98\"\n               data-title=\"dsc_0447\"\n               data-description=\"\"\n               data-image-slug=\"dsc_0447\"\n               class=\"shutterset_6744cd5ab58085a8a2cff75c10b801e4\">\n                <img\n                    title=\"dsc_0447\"\n                    alt=\"dsc_0447\"\n                    src=\"https:\/\/www.apartments-skarpa.com\/wp-content\/gallery\/slike-apartmana-a2\/thumbs\/thumbs_dsc_0447.jpg\"\n                    width=\"100\"\n                    height=\"75\"\n                    style=\"max-width:100%;\"\n                \/>\n            <\/a>\n        <\/div>\n\t\t\t\t\t\t\t<\/div> \n\t\t\t\n\t\t\t\t<div id=\"ngg-image-2\" class=\"ngg-gallery-thumbnail-box \" >\n\t\t\t\t        <div class=\"ngg-gallery-thumbnail\">\n            <a href=\"https:\/\/www.apartments-skarpa.com\/wp-content\/gallery\/slike-apartmana-a2\/dsc_0446.jpg\"\n               title=\"\"\n               data-src=\"https:\/\/www.apartments-skarpa.com\/wp-content\/gallery\/slike-apartmana-a2\/dsc_0446.jpg\"\n               data-thumbnail=\"https:\/\/www.apartments-skarpa.com\/wp-content\/gallery\/slike-apartmana-a2\/thumbs\/thumbs_dsc_0446.jpg\"\n               data-image-id=\"97\"\n               data-title=\"dsc_0446\"\n               data-description=\"\"\n               data-image-slug=\"dsc_0446\"\n               class=\"shutterset_6744cd5ab58085a8a2cff75c10b801e4\">\n                <img\n                    title=\"dsc_0446\"\n                    alt=\"dsc_0446\"\n                    src=\"https:\/\/www.apartments-skarpa.com\/wp-content\/gallery\/slike-apartmana-a2\/thumbs\/thumbs_dsc_0446.jpg\"\n                    width=\"100\"\n                    height=\"75\"\n                    style=\"max-width:100%;\"\n                \/>\n            <\/a>\n        <\/div>\n\t\t\t\t\t\t\t<\/div> \n\t\t\t\n\t\t\t\t<div id=\"ngg-image-3\" class=\"ngg-gallery-thumbnail-box \" >\n\t\t\t\t        <div class=\"ngg-gallery-thumbnail\">\n            <a href=\"https:\/\/www.apartments-skarpa.com\/wp-content\/gallery\/slike-apartmana-a2\/dsc_0441.jpg\"\n               title=\"\"\n               data-src=\"https:\/\/www.apartments-skarpa.com\/wp-content\/gallery\/slike-apartmana-a2\/dsc_0441.jpg\"\n               data-thumbnail=\"https:\/\/www.apartments-skarpa.com\/wp-content\/gallery\/slike-apartmana-a2\/thumbs\/thumbs_dsc_0441.jpg\"\n               data-image-id=\"92\"\n               data-title=\"dsc_0441\"\n               data-description=\"\"\n               data-image-slug=\"dsc_0441\"\n               class=\"shutterset_6744cd5ab58085a8a2cff75c10b801e4\">\n                <img\n                    title=\"dsc_0441\"\n                    alt=\"dsc_0441\"\n                    src=\"https:\/\/www.apartments-skarpa.com\/wp-content\/gallery\/slike-apartmana-a2\/thumbs\/thumbs_dsc_0441.jpg\"\n                    width=\"100\"\n                    height=\"75\"\n                    style=\"max-width:100%;\"\n                \/>\n            <\/a>\n        <\/div>\n\t\t\t\t\t\t\t<\/div> \n\t\t\t\n\t\t\t\t<div id=\"ngg-image-4\" class=\"ngg-gallery-thumbnail-box \" >\n\t\t\t\t        <div class=\"ngg-gallery-thumbnail\">\n            <a href=\"https:\/\/www.apartments-skarpa.com\/wp-content\/gallery\/slike-apartmana-a2\/dsc_0442.jpg\"\n               title=\"\"\n               data-src=\"https:\/\/www.apartments-skarpa.com\/wp-content\/gallery\/slike-apartmana-a2\/dsc_0442.jpg\"\n               data-thumbnail=\"https:\/\/www.apartments-skarpa.com\/wp-content\/gallery\/slike-apartmana-a2\/thumbs\/thumbs_dsc_0442.jpg\"\n               data-image-id=\"93\"\n               data-title=\"dsc_0442\"\n               data-description=\"\"\n               data-image-slug=\"dsc_0442\"\n               class=\"shutterset_6744cd5ab58085a8a2cff75c10b801e4\">\n                <img\n                    title=\"dsc_0442\"\n                    alt=\"dsc_0442\"\n                    src=\"https:\/\/www.apartments-skarpa.com\/wp-content\/gallery\/slike-apartmana-a2\/thumbs\/thumbs_dsc_0442.jpg\"\n                    width=\"100\"\n                    height=\"75\"\n                    style=\"max-width:100%;\"\n                \/>\n            <\/a>\n        <\/div>\n\t\t\t\t\t\t\t<\/div> \n\t\t\t\n\t\t\t\t<div id=\"ngg-image-5\" class=\"ngg-gallery-thumbnail-box \" >\n\t\t\t\t        <div class=\"ngg-gallery-thumbnail\">\n            <a href=\"https:\/\/www.apartments-skarpa.com\/wp-content\/gallery\/slike-apartmana-a2\/dsc_0443.jpg\"\n               title=\"\"\n               data-src=\"https:\/\/www.apartments-skarpa.com\/wp-content\/gallery\/slike-apartmana-a2\/dsc_0443.jpg\"\n               data-thumbnail=\"https:\/\/www.apartments-skarpa.com\/wp-content\/gallery\/slike-apartmana-a2\/thumbs\/thumbs_dsc_0443.jpg\"\n               data-image-id=\"94\"\n               data-title=\"dsc_0443\"\n               data-description=\"\"\n               data-image-slug=\"dsc_0443\"\n               class=\"shutterset_6744cd5ab58085a8a2cff75c10b801e4\">\n                <img\n                    title=\"dsc_0443\"\n                    alt=\"dsc_0443\"\n                    src=\"https:\/\/www.apartments-skarpa.com\/wp-content\/gallery\/slike-apartmana-a2\/thumbs\/thumbs_dsc_0443.jpg\"\n                    width=\"100\"\n                    height=\"75\"\n                    style=\"max-width:100%;\"\n                \/>\n            <\/a>\n        <\/div>\n\t\t\t\t\t\t\t<\/div> \n\t\t\t\n\t\t\t\t<div id=\"ngg-image-6\" class=\"ngg-gallery-thumbnail-box \" >\n\t\t\t\t        <div class=\"ngg-gallery-thumbnail\">\n            <a href=\"https:\/\/www.apartments-skarpa.com\/wp-content\/gallery\/slike-apartmana-a2\/dsc_0444.jpg\"\n               title=\"\"\n               data-src=\"https:\/\/www.apartments-skarpa.com\/wp-content\/gallery\/slike-apartmana-a2\/dsc_0444.jpg\"\n               data-thumbnail=\"https:\/\/www.apartments-skarpa.com\/wp-content\/gallery\/slike-apartmana-a2\/thumbs\/thumbs_dsc_0444.jpg\"\n               data-image-id=\"95\"\n               data-title=\"dsc_0444\"\n               data-description=\"\"\n               data-image-slug=\"dsc_0444\"\n               class=\"shutterset_6744cd5ab58085a8a2cff75c10b801e4\">\n                <img\n                    title=\"dsc_0444\"\n                    alt=\"dsc_0444\"\n                    src=\"https:\/\/www.apartments-skarpa.com\/wp-content\/gallery\/slike-apartmana-a2\/thumbs\/thumbs_dsc_0444.jpg\"\n                    width=\"100\"\n                    height=\"75\"\n                    style=\"max-width:100%;\"\n                \/>\n            <\/a>\n        <\/div>\n\t\t\t\t\t\t\t<\/div> \n\t\t\t\n\t\t\t\t<div id=\"ngg-image-7\" class=\"ngg-gallery-thumbnail-box \" >\n\t\t\t\t        <div class=\"ngg-gallery-thumbnail\">\n            <a href=\"https:\/\/www.apartments-skarpa.com\/wp-content\/gallery\/slike-apartmana-a2\/dsc_0450.jpg\"\n               title=\"\"\n               data-src=\"https:\/\/www.apartments-skarpa.com\/wp-content\/gallery\/slike-apartmana-a2\/dsc_0450.jpg\"\n               data-thumbnail=\"https:\/\/www.apartments-skarpa.com\/wp-content\/gallery\/slike-apartmana-a2\/thumbs\/thumbs_dsc_0450.jpg\"\n               data-image-id=\"101\"\n               data-title=\"dsc_0450\"\n               data-description=\"\"\n               data-image-slug=\"dsc_0450\"\n               class=\"shutterset_6744cd5ab58085a8a2cff75c10b801e4\">\n                <img\n                    title=\"dsc_0450\"\n                    alt=\"dsc_0450\"\n                    src=\"https:\/\/www.apartments-skarpa.com\/wp-content\/gallery\/slike-apartmana-a2\/thumbs\/thumbs_dsc_0450.jpg\"\n                    width=\"100\"\n                    height=\"75\"\n                    style=\"max-width:100%;\"\n                \/>\n            <\/a>\n        <\/div>\n\t\t\t\t\t\t\t<\/div> \n\t\t\t\n\t\t\t\t<div id=\"ngg-image-8\" class=\"ngg-gallery-thumbnail-box \" >\n\t\t\t\t        <div class=\"ngg-gallery-thumbnail\">\n            <a href=\"https:\/\/www.apartments-skarpa.com\/wp-content\/gallery\/slike-apartmana-a2\/dsc_0448.jpg\"\n               title=\"\"\n               data-src=\"https:\/\/www.apartments-skarpa.com\/wp-content\/gallery\/slike-apartmana-a2\/dsc_0448.jpg\"\n               data-thumbnail=\"https:\/\/www.apartments-skarpa.com\/wp-content\/gallery\/slike-apartmana-a2\/thumbs\/thumbs_dsc_0448.jpg\"\n               data-image-id=\"99\"\n               data-title=\"dsc_0448\"\n               data-description=\"\"\n               data-image-slug=\"dsc_0448\"\n               class=\"shutterset_6744cd5ab58085a8a2cff75c10b801e4\">\n                <img\n                    title=\"dsc_0448\"\n                    alt=\"dsc_0448\"\n                    src=\"https:\/\/www.apartments-skarpa.com\/wp-content\/gallery\/slike-apartmana-a2\/thumbs\/thumbs_dsc_0448.jpg\"\n                    width=\"100\"\n                    height=\"75\"\n                    style=\"max-width:100%;\"\n                \/>\n            <\/a>\n        <\/div>\n\t\t\t\t\t\t\t<\/div> \n\t\t\t\n\t\t\t\t<div id=\"ngg-image-9\" class=\"ngg-gallery-thumbnail-box \" >\n\t\t\t\t        <div class=\"ngg-gallery-thumbnail\">\n            <a href=\"https:\/\/www.apartments-skarpa.com\/wp-content\/gallery\/slike-apartmana-a2\/dsc_0449.jpg\"\n               title=\"\"\n               data-src=\"https:\/\/www.apartments-skarpa.com\/wp-content\/gallery\/slike-apartmana-a2\/dsc_0449.jpg\"\n               data-thumbnail=\"https:\/\/www.apartments-skarpa.com\/wp-content\/gallery\/slike-apartmana-a2\/thumbs\/thumbs_dsc_0449.jpg\"\n               data-image-id=\"100\"\n               data-title=\"dsc_0449\"\n               data-description=\"\"\n               data-image-slug=\"dsc_0449\"\n               class=\"shutterset_6744cd5ab58085a8a2cff75c10b801e4\">\n                <img\n                    title=\"dsc_0449\"\n                    alt=\"dsc_0449\"\n                    src=\"https:\/\/www.apartments-skarpa.com\/wp-content\/gallery\/slike-apartmana-a2\/thumbs\/thumbs_dsc_0449.jpg\"\n                    width=\"100\"\n                    height=\"75\"\n                    style=\"max-width:100%;\"\n                \/>\n            <\/a>\n        <\/div>\n\t\t\t\t\t\t\t<\/div> \n\t\t\t\n\t\t\t\t<div id=\"ngg-image-10\" class=\"ngg-gallery-thumbnail-box \" >\n\t\t\t\t        <div class=\"ngg-gallery-thumbnail\">\n            <a href=\"https:\/\/www.apartments-skarpa.com\/wp-content\/gallery\/slike-apartmana-a2\/img_a2_big_1.jpg\"\n               title=\"\"\n               data-src=\"https:\/\/www.apartments-skarpa.com\/wp-content\/gallery\/slike-apartmana-a2\/img_a2_big_1.jpg\"\n               data-thumbnail=\"https:\/\/www.apartments-skarpa.com\/wp-content\/gallery\/slike-apartmana-a2\/thumbs\/thumbs_img_a2_big_1.jpg\"\n               data-image-id=\"9\"\n               data-title=\"img_a2_big_1\"\n               data-description=\"\"\n               data-image-slug=\"img_a2_big_1\"\n               class=\"shutterset_6744cd5ab58085a8a2cff75c10b801e4\">\n                <img\n                    title=\"img_a2_big_1\"\n                    alt=\"img_a2_big_1\"\n                    src=\"https:\/\/www.apartments-skarpa.com\/wp-content\/gallery\/slike-apartmana-a2\/thumbs\/thumbs_img_a2_big_1.jpg\"\n                    width=\"100\"\n                    height=\"75\"\n                    style=\"max-width:100%;\"\n                \/>\n            <\/a>\n        <\/div>\n\t\t\t\t\t\t\t<\/div> \n\t\t\t\n\t\t\t\t<div id=\"ngg-image-11\" class=\"ngg-gallery-thumbnail-box \" >\n\t\t\t\t        <div class=\"ngg-gallery-thumbnail\">\n            <a href=\"https:\/\/www.apartments-skarpa.com\/wp-content\/gallery\/slike-apartmana-a2\/img_a2_big_5.jpg\"\n               title=\"\"\n               data-src=\"https:\/\/www.apartments-skarpa.com\/wp-content\/gallery\/slike-apartmana-a2\/img_a2_big_5.jpg\"\n               data-thumbnail=\"https:\/\/www.apartments-skarpa.com\/wp-content\/gallery\/slike-apartmana-a2\/thumbs\/thumbs_img_a2_big_5.jpg\"\n               data-image-id=\"13\"\n               data-title=\"img_a2_big_5\"\n               data-description=\"\"\n               data-image-slug=\"img_a2_big_5\"\n               class=\"shutterset_6744cd5ab58085a8a2cff75c10b801e4\">\n                <img\n                    title=\"img_a2_big_5\"\n                    alt=\"img_a2_big_5\"\n                    src=\"https:\/\/www.apartments-skarpa.com\/wp-content\/gallery\/slike-apartmana-a2\/thumbs\/thumbs_img_a2_big_5.jpg\"\n                    width=\"100\"\n                    height=\"75\"\n                    style=\"max-width:100%;\"\n                \/>\n            <\/a>\n        <\/div>\n\t\t\t\t\t\t\t<\/div> \n\t\t\t\n\t\n\t<br style=\"clear: both\" \/>\n\n\t\n\t\t<!-- Pagination -->\n\t<div class='ngg-clear'><\/div>\t<\/div>\n\n","protected":false},"excerpt":{"rendered":"<p>T\u00edpus 2+1 Kateg\u00f3ria&nbsp; Els\u0151 emelet F\u00e9r\u0151helyek sz\u00e1ma a st\u00fadi\u00f3-t\u00edpus\u00fa apartmanban 3 Egyszem\u00e9lyes \u00e1gyak sz\u00e1ma 1 K\u00e9tszem\u00e9lyes \u00e1gyak sz\u00e1ma 1 Az apartman m\u00e9rete 25 m2 Tusk\u00e1ddal felszerelt f\u00fcrd\u0151szob\u00e1k sz\u00e1ma : 1 Kerti zuhany Terasz, 5 m2 K\u00f6z\u00f6s udvar, 200 m2 F\u0171t\u00e9s Kl\u00edma TV m\u0171holdas csatorn\u00e1kkal m\u0171holdas csatorn\u00e1kkal Vasal\u00f3 Ed\u00e9ny- \u00e9s \u00e9tk\u00e9szlet,&#8230;<\/p>\n","protected":false},"author":1,"featured_media":0,"parent":0,"menu_order":3,"comment_status":"closed","ping_status":"open","template":"","meta":{"ngg_post_thumbnail":0,"footnotes":""},"class_list":["post-204","page","type-page","status-publish","hentry"],"translation":{"provider":"WPGlobus","version":"2.10.4","language":"hu","enabled_languages":["en","de","hr","hu","cs"],"languages":{"en":{"title":true,"content":true,"excerpt":false},"de":{"title":true,"content":true,"excerpt":false},"hr":{"title":true,"content":true,"excerpt":false},"hu":{"title":true,"content":true,"excerpt":false},"cs":{"title":true,"content":true,"excerpt":false}}},"_links":{"self":[{"href":"https:\/\/www.apartments-skarpa.com\/hu\/wp-json\/wp\/v2\/pages\/204","targetHints":{"allow":["GET"]}}],"collection":[{"href":"https:\/\/www.apartments-skarpa.com\/hu\/wp-json\/wp\/v2\/pages"}],"about":[{"href":"https:\/\/www.apartments-skarpa.com\/hu\/wp-json\/wp\/v2\/types\/page"}],"author":[{"embeddable":true,"href":"https:\/\/www.apartments-skarpa.com\/hu\/wp-json\/wp\/v2\/users\/1"}],"replies":[{"embeddable":true,"href":"https:\/\/www.apartments-skarpa.com\/hu\/wp-json\/wp\/v2\/comments?post=204"}],"version-history":[{"count":11,"href":"https:\/\/www.apartments-skarpa.com\/hu\/wp-json\/wp\/v2\/pages\/204\/revisions"}],"predecessor-version":[{"id":904,"href":"https:\/\/www.apartments-skarpa.com\/hu\/wp-json\/wp\/v2\/pages\/204\/revisions\/904"}],"wp:attachment":[{"href":"https:\/\/www.apartments-skarpa.com\/hu\/wp-json\/wp\/v2\/media?parent=204"}],"curies":[{"name":"wp","href":"https:\/\/api.w.org\/{rel}","templated":true}]}}