{"id":218,"date":"2012-12-12T22:29:24","date_gmt":"2012-12-12T22:29:24","guid":{"rendered":"http:\/\/www.apartments-skarpa.com\/?page_id=218"},"modified":"2022-10-01T10:39:17","modified_gmt":"2022-10-01T10:39:17","slug":"apartment-a3","status":"publish","type":"page","link":"https:\/\/www.apartments-skarpa.com\/hu\/apartment-a3\/","title":{"rendered":"&#8211; Apartman: A3"},"content":{"rendered":"\n<ul class=\"wp-block-list\"><li>T\u00edpus A4+1- Apartman: A3<\/li><li>Kateg\u00f3ria&nbsp;<img decoding=\"async\" src=\"http:\/\/www.apartments-skarpa.com\/wp-content\/uploads\/2012\/12\/zvjezdice.gif\" alt=\"\"><\/li><li>Els\u0151 emelet<\/li><\/ul>\n\n\n\n<p class=\"has-text-align-center\"><strong>A szob\u00e1k adatai<\/strong><\/p>\n\n\n\n<figure class=\"wp-block-table\"><table><tbody><tr><td class=\"has-text-align-center\" data-align=\"center\">-1-<\/td><td class=\"has-text-align-center\" data-align=\"center\">-2-<\/td><\/tr><tr><td class=\"has-text-align-center\" data-align=\"center\">\u00c1gyak sz\u00e1ma a szob\u00e1ban 2<\/td><td class=\"has-text-align-center\" data-align=\"center\">\u00c1gyak sz\u00e1ma a szob\u00e1ban 2<\/td><\/tr><tr><td class=\"has-text-align-center\" data-align=\"center\">K\u00e9tszem\u00e9lyes \u00e1gyak sz\u00e1ma 1<\/td><td class=\"has-text-align-center\" data-align=\"center\">K\u00e9tszem\u00e9lyes \u00e1gyak sz\u00e1ma 1<\/td><\/tr><tr><td class=\"has-text-align-center\" data-align=\"center\">A szoba alapter\u00fclete 8 m<sup>2<\/sup><\/td><td class=\"has-text-align-center\" data-align=\"center\">A szoba alapter\u00fclete 8 m<sup>2<\/sup><\/td><\/tr><\/tbody><\/table><\/figure>\n\n\n\n<ul class=\"wp-block-list\"><li>Tusk\u00e1ddal felszerelt f\u00fcrd\u0151szob\u00e1k sz\u00e1ma : 1<\/li><li>Kerti zuhany<\/li><li>A nappali egyben van a konyh\u00e1val<\/li><li>P\u00f3t\u00e1gyak sz\u00e1ma (nappaliban, \u00e9tkez\u0151ben, konyh\u00e1ban) : 1<\/li><li>Alapter\u00fclet (nappali, \u00e9tkez\u0151 \u00e9s konyha) 14 m<sup>2<\/sup><\/li><li>Terasz, 5 m<sup>2<\/sup><\/li><li>K\u00f6z\u00f6s udvar, 200 m<sup>2<\/sup><\/li><li>F\u0171t\u00e9s (\u00f6sszes helyis\u00e9g)<\/li><li>Kl\u00edma (\u00f6sszes helyis\u00e9g)<\/li><li>TV m\u0171holdas csatorn\u00e1kkal m\u0171holdas csatorn\u00e1kkal<\/li><li>Vasal\u00f3<\/li><li>Ed\u00e9ny- \u00e9s \u00e9tk\u00e9szlet, poharak, ev\u0151eszk\u00f6z\u00f6k a f\u00e9r\u0151helysz\u00e1mhoz m\u00e9rten rendelkez\u00e9sre \u00e1llnak<\/li><li>S\u00fct\u0151<\/li><li>H\u0171t\u0151g\u00e9p<\/li><li>Fagyaszt\u00f3 25l<\/li><li>K\u00e1v\u00e9f\u0151z\u0151<\/li><li>Hajsz\u00e1r\u00edt\u00f3 (k\u00e9rlemre kiszolg\u00e1las)<\/li><li>Mos\u00f3g\u00e9p<\/li><li>Szabad doh\u00e1nyozni az apartmanban<\/li><li>Kil\u00e1t\u00e1s : z\u00f6ld\u00f6vezetre es udvarra (szoba), z\u00f6ld\u00f6vezetre (Nappali)<\/li><\/ul>\n\n\n<!-- default-view.php -->\n<div\n\tclass=\"ngg-galleryoverview default-view  ngg-ajax-pagination-none\"\n\tid=\"ngg-gallery-3975ca07ede4de7ad990d04cdee329eb-1\">\n\n\t\t<!-- Thumbnails -->\n\t\t\t\t<div id=\"ngg-image-0\" class=\"ngg-gallery-thumbnail-box \" >\n\t\t\t\t        <div class=\"ngg-gallery-thumbnail\">\n            <a href=\"https:\/\/www.apartments-skarpa.com\/wp-content\/gallery\/slike-apartmana-a3\/mini-img_7892.jpg\"\n               title=\"\"\n               data-src=\"https:\/\/www.apartments-skarpa.com\/wp-content\/gallery\/slike-apartmana-a3\/mini-img_7892.jpg\"\n               data-thumbnail=\"https:\/\/www.apartments-skarpa.com\/wp-content\/gallery\/slike-apartmana-a3\/thumbs\/thumbs_mini-img_7892.jpg\"\n               data-image-id=\"127\"\n               data-title=\"mini-img_7892\"\n               data-description=\"\"\n               data-image-slug=\"mini-img_7892\"\n               class=\"shutterset_3975ca07ede4de7ad990d04cdee329eb\">\n                <img\n                    title=\"mini-img_7892\"\n                    alt=\"mini-img_7892\"\n                    src=\"https:\/\/www.apartments-skarpa.com\/wp-content\/gallery\/slike-apartmana-a3\/thumbs\/thumbs_mini-img_7892.jpg\"\n                    width=\"100\"\n                    height=\"75\"\n                    style=\"max-width:100%;\"\n                \/>\n            <\/a>\n        <\/div>\n\t\t\t\t\t\t\t<\/div> \n\t\t\t\n\t\t\t\t<div id=\"ngg-image-1\" class=\"ngg-gallery-thumbnail-box \" >\n\t\t\t\t        <div class=\"ngg-gallery-thumbnail\">\n            <a href=\"https:\/\/www.apartments-skarpa.com\/wp-content\/gallery\/slike-apartmana-a3\/mini-img_7893.jpg\"\n               title=\"\"\n               data-src=\"https:\/\/www.apartments-skarpa.com\/wp-content\/gallery\/slike-apartmana-a3\/mini-img_7893.jpg\"\n               data-thumbnail=\"https:\/\/www.apartments-skarpa.com\/wp-content\/gallery\/slike-apartmana-a3\/thumbs\/thumbs_mini-img_7893.jpg\"\n               data-image-id=\"128\"\n               data-title=\"mini-img_7893\"\n               data-description=\"\"\n               data-image-slug=\"mini-img_7893\"\n               class=\"shutterset_3975ca07ede4de7ad990d04cdee329eb\">\n                <img\n                    title=\"mini-img_7893\"\n                    alt=\"mini-img_7893\"\n                    src=\"https:\/\/www.apartments-skarpa.com\/wp-content\/gallery\/slike-apartmana-a3\/thumbs\/thumbs_mini-img_7893.jpg\"\n                    width=\"100\"\n                    height=\"75\"\n                    style=\"max-width:100%;\"\n                \/>\n            <\/a>\n        <\/div>\n\t\t\t\t\t\t\t<\/div> \n\t\t\t\n\t\t\t\t<div id=\"ngg-image-2\" class=\"ngg-gallery-thumbnail-box \" >\n\t\t\t\t        <div class=\"ngg-gallery-thumbnail\">\n            <a href=\"https:\/\/www.apartments-skarpa.com\/wp-content\/gallery\/slike-apartmana-a3\/dsc_0464.jpg\"\n               title=\"\"\n               data-src=\"https:\/\/www.apartments-skarpa.com\/wp-content\/gallery\/slike-apartmana-a3\/dsc_0464.jpg\"\n               data-thumbnail=\"https:\/\/www.apartments-skarpa.com\/wp-content\/gallery\/slike-apartmana-a3\/thumbs\/thumbs_dsc_0464.jpg\"\n               data-image-id=\"83\"\n               data-title=\"dsc_0464\"\n               data-description=\"\"\n               data-image-slug=\"dsc_0464\"\n               class=\"shutterset_3975ca07ede4de7ad990d04cdee329eb\">\n                <img\n                    title=\"dsc_0464\"\n                    alt=\"dsc_0464\"\n                    src=\"https:\/\/www.apartments-skarpa.com\/wp-content\/gallery\/slike-apartmana-a3\/thumbs\/thumbs_dsc_0464.jpg\"\n                    width=\"100\"\n                    height=\"75\"\n                    style=\"max-width:100%;\"\n                \/>\n            <\/a>\n        <\/div>\n\t\t\t\t\t\t\t<\/div> \n\t\t\t\n\t\t\t\t<div id=\"ngg-image-3\" class=\"ngg-gallery-thumbnail-box \" >\n\t\t\t\t        <div class=\"ngg-gallery-thumbnail\">\n            <a href=\"https:\/\/www.apartments-skarpa.com\/wp-content\/gallery\/slike-apartmana-a3\/dsc_0462.jpg\"\n               title=\"\"\n               data-src=\"https:\/\/www.apartments-skarpa.com\/wp-content\/gallery\/slike-apartmana-a3\/dsc_0462.jpg\"\n               data-thumbnail=\"https:\/\/www.apartments-skarpa.com\/wp-content\/gallery\/slike-apartmana-a3\/thumbs\/thumbs_dsc_0462.jpg\"\n               data-image-id=\"81\"\n               data-title=\"dsc_0462\"\n               data-description=\"\"\n               data-image-slug=\"dsc_0462\"\n               class=\"shutterset_3975ca07ede4de7ad990d04cdee329eb\">\n                <img\n                    title=\"dsc_0462\"\n                    alt=\"dsc_0462\"\n                    src=\"https:\/\/www.apartments-skarpa.com\/wp-content\/gallery\/slike-apartmana-a3\/thumbs\/thumbs_dsc_0462.jpg\"\n                    width=\"100\"\n                    height=\"75\"\n                    style=\"max-width:100%;\"\n                \/>\n            <\/a>\n        <\/div>\n\t\t\t\t\t\t\t<\/div> \n\t\t\t\n\t\t\t\t<div id=\"ngg-image-4\" class=\"ngg-gallery-thumbnail-box \" >\n\t\t\t\t        <div class=\"ngg-gallery-thumbnail\">\n            <a href=\"https:\/\/www.apartments-skarpa.com\/wp-content\/gallery\/slike-apartmana-a3\/dsc_0463.jpg\"\n               title=\"\"\n               data-src=\"https:\/\/www.apartments-skarpa.com\/wp-content\/gallery\/slike-apartmana-a3\/dsc_0463.jpg\"\n               data-thumbnail=\"https:\/\/www.apartments-skarpa.com\/wp-content\/gallery\/slike-apartmana-a3\/thumbs\/thumbs_dsc_0463.jpg\"\n               data-image-id=\"82\"\n               data-title=\"dsc_0463\"\n               data-description=\"\"\n               data-image-slug=\"dsc_0463\"\n               class=\"shutterset_3975ca07ede4de7ad990d04cdee329eb\">\n                <img\n                    title=\"dsc_0463\"\n                    alt=\"dsc_0463\"\n                    src=\"https:\/\/www.apartments-skarpa.com\/wp-content\/gallery\/slike-apartmana-a3\/thumbs\/thumbs_dsc_0463.jpg\"\n                    width=\"100\"\n                    height=\"75\"\n                    style=\"max-width:100%;\"\n                \/>\n            <\/a>\n        <\/div>\n\t\t\t\t\t\t\t<\/div> \n\t\t\t\n\t\t\t\t<div id=\"ngg-image-5\" class=\"ngg-gallery-thumbnail-box \" >\n\t\t\t\t        <div class=\"ngg-gallery-thumbnail\">\n            <a href=\"https:\/\/www.apartments-skarpa.com\/wp-content\/gallery\/slike-apartmana-a3\/dsc_0466.jpg\"\n               title=\"\"\n               data-src=\"https:\/\/www.apartments-skarpa.com\/wp-content\/gallery\/slike-apartmana-a3\/dsc_0466.jpg\"\n               data-thumbnail=\"https:\/\/www.apartments-skarpa.com\/wp-content\/gallery\/slike-apartmana-a3\/thumbs\/thumbs_dsc_0466.jpg\"\n               data-image-id=\"85\"\n               data-title=\"dsc_0466\"\n               data-description=\"\"\n               data-image-slug=\"dsc_0466\"\n               class=\"shutterset_3975ca07ede4de7ad990d04cdee329eb\">\n                <img\n                    title=\"dsc_0466\"\n                    alt=\"dsc_0466\"\n                    src=\"https:\/\/www.apartments-skarpa.com\/wp-content\/gallery\/slike-apartmana-a3\/thumbs\/thumbs_dsc_0466.jpg\"\n                    width=\"100\"\n                    height=\"75\"\n                    style=\"max-width:100%;\"\n                \/>\n            <\/a>\n        <\/div>\n\t\t\t\t\t\t\t<\/div> \n\t\t\t\n\t\t\t\t<div id=\"ngg-image-6\" class=\"ngg-gallery-thumbnail-box \" >\n\t\t\t\t        <div class=\"ngg-gallery-thumbnail\">\n            <a href=\"https:\/\/www.apartments-skarpa.com\/wp-content\/gallery\/slike-apartmana-a3\/dsc_0465.jpg\"\n               title=\"\"\n               data-src=\"https:\/\/www.apartments-skarpa.com\/wp-content\/gallery\/slike-apartmana-a3\/dsc_0465.jpg\"\n               data-thumbnail=\"https:\/\/www.apartments-skarpa.com\/wp-content\/gallery\/slike-apartmana-a3\/thumbs\/thumbs_dsc_0465.jpg\"\n               data-image-id=\"84\"\n               data-title=\"dsc_0465\"\n               data-description=\"\"\n               data-image-slug=\"dsc_0465\"\n               class=\"shutterset_3975ca07ede4de7ad990d04cdee329eb\">\n                <img\n                    title=\"dsc_0465\"\n                    alt=\"dsc_0465\"\n                    src=\"https:\/\/www.apartments-skarpa.com\/wp-content\/gallery\/slike-apartmana-a3\/thumbs\/thumbs_dsc_0465.jpg\"\n                    width=\"100\"\n                    height=\"75\"\n                    style=\"max-width:100%;\"\n                \/>\n            <\/a>\n        <\/div>\n\t\t\t\t\t\t\t<\/div> \n\t\t\t\n\t\t\t\t<div id=\"ngg-image-7\" class=\"ngg-gallery-thumbnail-box \" >\n\t\t\t\t        <div class=\"ngg-gallery-thumbnail\">\n            <a href=\"https:\/\/www.apartments-skarpa.com\/wp-content\/gallery\/slike-apartmana-a3\/dsc_0467.jpg\"\n               title=\"\"\n               data-src=\"https:\/\/www.apartments-skarpa.com\/wp-content\/gallery\/slike-apartmana-a3\/dsc_0467.jpg\"\n               data-thumbnail=\"https:\/\/www.apartments-skarpa.com\/wp-content\/gallery\/slike-apartmana-a3\/thumbs\/thumbs_dsc_0467.jpg\"\n               data-image-id=\"86\"\n               data-title=\"dsc_0467\"\n               data-description=\"\"\n               data-image-slug=\"dsc_0467\"\n               class=\"shutterset_3975ca07ede4de7ad990d04cdee329eb\">\n                <img\n                    title=\"dsc_0467\"\n                    alt=\"dsc_0467\"\n                    src=\"https:\/\/www.apartments-skarpa.com\/wp-content\/gallery\/slike-apartmana-a3\/thumbs\/thumbs_dsc_0467.jpg\"\n                    width=\"100\"\n                    height=\"75\"\n                    style=\"max-width:100%;\"\n                \/>\n            <\/a>\n        <\/div>\n\t\t\t\t\t\t\t<\/div> \n\t\t\t\n\t\t\t\t<div id=\"ngg-image-8\" class=\"ngg-gallery-thumbnail-box \" >\n\t\t\t\t        <div class=\"ngg-gallery-thumbnail\">\n            <a href=\"https:\/\/www.apartments-skarpa.com\/wp-content\/gallery\/slike-apartmana-a3\/img_a3_big_5.jpg\"\n               title=\"\"\n               data-src=\"https:\/\/www.apartments-skarpa.com\/wp-content\/gallery\/slike-apartmana-a3\/img_a3_big_5.jpg\"\n               data-thumbnail=\"https:\/\/www.apartments-skarpa.com\/wp-content\/gallery\/slike-apartmana-a3\/thumbs\/thumbs_img_a3_big_5.jpg\"\n               data-image-id=\"20\"\n               data-title=\"img_a3_big_5\"\n               data-description=\"\"\n               data-image-slug=\"img_a3_big_5\"\n               class=\"shutterset_3975ca07ede4de7ad990d04cdee329eb\">\n                <img\n                    title=\"img_a3_big_5\"\n                    alt=\"img_a3_big_5\"\n                    src=\"https:\/\/www.apartments-skarpa.com\/wp-content\/gallery\/slike-apartmana-a3\/thumbs\/thumbs_img_a3_big_5.jpg\"\n                    width=\"100\"\n                    height=\"75\"\n                    style=\"max-width:100%;\"\n                \/>\n            <\/a>\n        <\/div>\n\t\t\t\t\t\t\t<\/div> \n\t\t\t\n\t\t\t\t<div id=\"ngg-image-9\" class=\"ngg-gallery-thumbnail-box \" >\n\t\t\t\t        <div class=\"ngg-gallery-thumbnail\">\n            <a href=\"https:\/\/www.apartments-skarpa.com\/wp-content\/gallery\/slike-apartmana-a3\/dsc_0455.jpg\"\n               title=\"\"\n               data-src=\"https:\/\/www.apartments-skarpa.com\/wp-content\/gallery\/slike-apartmana-a3\/dsc_0455.jpg\"\n               data-thumbnail=\"https:\/\/www.apartments-skarpa.com\/wp-content\/gallery\/slike-apartmana-a3\/thumbs\/thumbs_dsc_0455.jpg\"\n               data-image-id=\"75\"\n               data-title=\"dsc_0455\"\n               data-description=\"\"\n               data-image-slug=\"dsc_0455\"\n               class=\"shutterset_3975ca07ede4de7ad990d04cdee329eb\">\n                <img\n                    title=\"dsc_0455\"\n                    alt=\"dsc_0455\"\n                    src=\"https:\/\/www.apartments-skarpa.com\/wp-content\/gallery\/slike-apartmana-a3\/thumbs\/thumbs_dsc_0455.jpg\"\n                    width=\"100\"\n                    height=\"75\"\n                    style=\"max-width:100%;\"\n                \/>\n            <\/a>\n        <\/div>\n\t\t\t\t\t\t\t<\/div> \n\t\t\t\n\t\t\t\t<div id=\"ngg-image-10\" class=\"ngg-gallery-thumbnail-box \" >\n\t\t\t\t        <div class=\"ngg-gallery-thumbnail\">\n            <a href=\"https:\/\/www.apartments-skarpa.com\/wp-content\/gallery\/slike-apartmana-a3\/dsc_0457.jpg\"\n               title=\"\"\n               data-src=\"https:\/\/www.apartments-skarpa.com\/wp-content\/gallery\/slike-apartmana-a3\/dsc_0457.jpg\"\n               data-thumbnail=\"https:\/\/www.apartments-skarpa.com\/wp-content\/gallery\/slike-apartmana-a3\/thumbs\/thumbs_dsc_0457.jpg\"\n               data-image-id=\"76\"\n               data-title=\"dsc_0457\"\n               data-description=\"\"\n               data-image-slug=\"dsc_0457\"\n               class=\"shutterset_3975ca07ede4de7ad990d04cdee329eb\">\n                <img\n                    title=\"dsc_0457\"\n                    alt=\"dsc_0457\"\n                    src=\"https:\/\/www.apartments-skarpa.com\/wp-content\/gallery\/slike-apartmana-a3\/thumbs\/thumbs_dsc_0457.jpg\"\n                    width=\"100\"\n                    height=\"75\"\n                    style=\"max-width:100%;\"\n                \/>\n            <\/a>\n        <\/div>\n\t\t\t\t\t\t\t<\/div> \n\t\t\t\n\t\t\t\t<div id=\"ngg-image-11\" class=\"ngg-gallery-thumbnail-box \" >\n\t\t\t\t        <div class=\"ngg-gallery-thumbnail\">\n            <a href=\"https:\/\/www.apartments-skarpa.com\/wp-content\/gallery\/slike-apartmana-a3\/dsc_0468.jpg\"\n               title=\"\"\n               data-src=\"https:\/\/www.apartments-skarpa.com\/wp-content\/gallery\/slike-apartmana-a3\/dsc_0468.jpg\"\n               data-thumbnail=\"https:\/\/www.apartments-skarpa.com\/wp-content\/gallery\/slike-apartmana-a3\/thumbs\/thumbs_dsc_0468.jpg\"\n               data-image-id=\"87\"\n               data-title=\"dsc_0468\"\n               data-description=\"\"\n               data-image-slug=\"dsc_0468\"\n               class=\"shutterset_3975ca07ede4de7ad990d04cdee329eb\">\n                <img\n                    title=\"dsc_0468\"\n                    alt=\"dsc_0468\"\n                    src=\"https:\/\/www.apartments-skarpa.com\/wp-content\/gallery\/slike-apartmana-a3\/thumbs\/thumbs_dsc_0468.jpg\"\n                    width=\"100\"\n                    height=\"75\"\n                    style=\"max-width:100%;\"\n                \/>\n            <\/a>\n        <\/div>\n\t\t\t\t\t\t\t<\/div> \n\t\t\t\n\t\t\t\t<div id=\"ngg-image-12\" class=\"ngg-gallery-thumbnail-box \" >\n\t\t\t\t        <div class=\"ngg-gallery-thumbnail\">\n            <a href=\"https:\/\/www.apartments-skarpa.com\/wp-content\/gallery\/slike-apartmana-a3\/dsc_0459.jpg\"\n               title=\"\"\n               data-src=\"https:\/\/www.apartments-skarpa.com\/wp-content\/gallery\/slike-apartmana-a3\/dsc_0459.jpg\"\n               data-thumbnail=\"https:\/\/www.apartments-skarpa.com\/wp-content\/gallery\/slike-apartmana-a3\/thumbs\/thumbs_dsc_0459.jpg\"\n               data-image-id=\"78\"\n               data-title=\"dsc_0459\"\n               data-description=\"\"\n               data-image-slug=\"dsc_0459\"\n               class=\"shutterset_3975ca07ede4de7ad990d04cdee329eb\">\n                <img\n                    title=\"dsc_0459\"\n                    alt=\"dsc_0459\"\n                    src=\"https:\/\/www.apartments-skarpa.com\/wp-content\/gallery\/slike-apartmana-a3\/thumbs\/thumbs_dsc_0459.jpg\"\n                    width=\"100\"\n                    height=\"75\"\n                    style=\"max-width:100%;\"\n                \/>\n            <\/a>\n        <\/div>\n\t\t\t\t\t\t\t<\/div> \n\t\t\t\n\t\t\t\t<div id=\"ngg-image-13\" class=\"ngg-gallery-thumbnail-box \" >\n\t\t\t\t        <div class=\"ngg-gallery-thumbnail\">\n            <a href=\"https:\/\/www.apartments-skarpa.com\/wp-content\/gallery\/slike-apartmana-a3\/dsc_0460.jpg\"\n               title=\"\"\n               data-src=\"https:\/\/www.apartments-skarpa.com\/wp-content\/gallery\/slike-apartmana-a3\/dsc_0460.jpg\"\n               data-thumbnail=\"https:\/\/www.apartments-skarpa.com\/wp-content\/gallery\/slike-apartmana-a3\/thumbs\/thumbs_dsc_0460.jpg\"\n               data-image-id=\"79\"\n               data-title=\"dsc_0460\"\n               data-description=\"\"\n               data-image-slug=\"dsc_0460\"\n               class=\"shutterset_3975ca07ede4de7ad990d04cdee329eb\">\n                <img\n                    title=\"dsc_0460\"\n                    alt=\"dsc_0460\"\n                    src=\"https:\/\/www.apartments-skarpa.com\/wp-content\/gallery\/slike-apartmana-a3\/thumbs\/thumbs_dsc_0460.jpg\"\n                    width=\"100\"\n                    height=\"75\"\n                    style=\"max-width:100%;\"\n                \/>\n            <\/a>\n        <\/div>\n\t\t\t\t\t\t\t<\/div> \n\t\t\t\n\t\t\t\t<div id=\"ngg-image-14\" class=\"ngg-gallery-thumbnail-box \" >\n\t\t\t\t        <div class=\"ngg-gallery-thumbnail\">\n            <a href=\"https:\/\/www.apartments-skarpa.com\/wp-content\/gallery\/slike-apartmana-a3\/dsc_0461.jpg\"\n               title=\"\"\n               data-src=\"https:\/\/www.apartments-skarpa.com\/wp-content\/gallery\/slike-apartmana-a3\/dsc_0461.jpg\"\n               data-thumbnail=\"https:\/\/www.apartments-skarpa.com\/wp-content\/gallery\/slike-apartmana-a3\/thumbs\/thumbs_dsc_0461.jpg\"\n               data-image-id=\"80\"\n               data-title=\"dsc_0461\"\n               data-description=\"\"\n               data-image-slug=\"dsc_0461\"\n               class=\"shutterset_3975ca07ede4de7ad990d04cdee329eb\">\n                <img\n                    title=\"dsc_0461\"\n                    alt=\"dsc_0461\"\n                    src=\"https:\/\/www.apartments-skarpa.com\/wp-content\/gallery\/slike-apartmana-a3\/thumbs\/thumbs_dsc_0461.jpg\"\n                    width=\"100\"\n                    height=\"75\"\n                    style=\"max-width:100%;\"\n                \/>\n            <\/a>\n        <\/div>\n\t\t\t\t\t\t\t<\/div> \n\t\t\t\n\t\t\t\t<div id=\"ngg-image-15\" class=\"ngg-gallery-thumbnail-box \" >\n\t\t\t\t        <div class=\"ngg-gallery-thumbnail\">\n            <a href=\"https:\/\/www.apartments-skarpa.com\/wp-content\/gallery\/slike-apartmana-a3\/img_a3_big_3.jpg\"\n               title=\"\"\n               data-src=\"https:\/\/www.apartments-skarpa.com\/wp-content\/gallery\/slike-apartmana-a3\/img_a3_big_3.jpg\"\n               data-thumbnail=\"https:\/\/www.apartments-skarpa.com\/wp-content\/gallery\/slike-apartmana-a3\/thumbs\/thumbs_img_a3_big_3.jpg\"\n               data-image-id=\"18\"\n               data-title=\"img_a3_big_3\"\n               data-description=\"\"\n               data-image-slug=\"img_a3_big_3\"\n               class=\"shutterset_3975ca07ede4de7ad990d04cdee329eb\">\n                <img\n                    title=\"img_a3_big_3\"\n                    alt=\"img_a3_big_3\"\n                    src=\"https:\/\/www.apartments-skarpa.com\/wp-content\/gallery\/slike-apartmana-a3\/thumbs\/thumbs_img_a3_big_3.jpg\"\n                    width=\"100\"\n                    height=\"75\"\n                    style=\"max-width:100%;\"\n                \/>\n            <\/a>\n        <\/div>\n\t\t\t\t\t\t\t<\/div> \n\t\t\t\n\t\n\t<br style=\"clear: both\" \/>\n\n\t\n\t\t<!-- Pagination -->\n\t<div class='ngg-clear'><\/div>\t<\/div>\n\n","protected":false},"excerpt":{"rendered":"<p>T\u00edpus A4+1- Apartman: A3 Kateg\u00f3ria&nbsp; Els\u0151 emelet A szob\u00e1k adatai -1- -2- \u00c1gyak sz\u00e1ma a szob\u00e1ban 2 \u00c1gyak sz\u00e1ma a szob\u00e1ban 2 K\u00e9tszem\u00e9lyes \u00e1gyak sz\u00e1ma 1 K\u00e9tszem\u00e9lyes \u00e1gyak sz\u00e1ma 1 A szoba alapter\u00fclete 8 m2 A szoba alapter\u00fclete 8 m2 Tusk\u00e1ddal felszerelt f\u00fcrd\u0151szob\u00e1k sz\u00e1ma : 1 Kerti zuhany A nappali&#8230;<\/p>\n","protected":false},"author":1,"featured_media":0,"parent":0,"menu_order":3,"comment_status":"closed","ping_status":"open","template":"","meta":{"ngg_post_thumbnail":0,"footnotes":""},"class_list":["post-218","page","type-page","status-publish","hentry"],"translation":{"provider":"WPGlobus","version":"2.10.4","language":"hu","enabled_languages":["en","de","hr","hu","cs"],"languages":{"en":{"title":true,"content":true,"excerpt":false},"de":{"title":true,"content":true,"excerpt":false},"hr":{"title":true,"content":true,"excerpt":false},"hu":{"title":true,"content":true,"excerpt":false},"cs":{"title":true,"content":true,"excerpt":false}}},"_links":{"self":[{"href":"https:\/\/www.apartments-skarpa.com\/hu\/wp-json\/wp\/v2\/pages\/218","targetHints":{"allow":["GET"]}}],"collection":[{"href":"https:\/\/www.apartments-skarpa.com\/hu\/wp-json\/wp\/v2\/pages"}],"about":[{"href":"https:\/\/www.apartments-skarpa.com\/hu\/wp-json\/wp\/v2\/types\/page"}],"author":[{"embeddable":true,"href":"https:\/\/www.apartments-skarpa.com\/hu\/wp-json\/wp\/v2\/users\/1"}],"replies":[{"embeddable":true,"href":"https:\/\/www.apartments-skarpa.com\/hu\/wp-json\/wp\/v2\/comments?post=218"}],"version-history":[{"count":15,"href":"https:\/\/www.apartments-skarpa.com\/hu\/wp-json\/wp\/v2\/pages\/218\/revisions"}],"predecessor-version":[{"id":918,"href":"https:\/\/www.apartments-skarpa.com\/hu\/wp-json\/wp\/v2\/pages\/218\/revisions\/918"}],"wp:attachment":[{"href":"https:\/\/www.apartments-skarpa.com\/hu\/wp-json\/wp\/v2\/media?parent=218"}],"curies":[{"name":"wp","href":"https:\/\/api.w.org\/{rel}","templated":true}]}}